{"id":297,"date":"2023-03-01T21:35:40","date_gmt":"2023-03-01T21:35:40","guid":{"rendered":"https:\/\/www.bakkie.de\/?page_id=297"},"modified":"2024-10-31T17:00:20","modified_gmt":"2024-10-31T16:00:20","slug":"fahrradwerkstatt","status":"publish","type":"page","link":"https:\/\/www.bakkie.de\/index.php\/fahrradwerkstatt\/","title":{"rendered":"Werkstatt"},"content":{"rendered":"\t\t<div data-elementor-type=\"wp-page\" data-elementor-id=\"297\" class=\"elementor elementor-297\">\n\t\t\t\t\t\t<section class=\"has_eae_slider elementor-section elementor-top-section elementor-element elementor-element-5342531 elementor-section-boxed elementor-section-height-default elementor-section-height-default\" data-eae-slider=\"77213\" data-id=\"5342531\" data-element_type=\"section\">\n\t\t\t\t\t\t<div class=\"elementor-container elementor-column-gap-default\">\n\t\t\t\t\t<div class=\"has_eae_slider elementor-column elementor-col-100 elementor-top-column elementor-element elementor-element-f97ed68\" data-eae-slider=\"78461\" data-id=\"f97ed68\" data-element_type=\"column\">\n\t\t\t<div class=\"elementor-widget-wrap elementor-element-populated\">\n\t\t\t\t\t\t<div class=\"elementor-element elementor-element-6fe4f29 elementor-widget elementor-widget-heading\" data-id=\"6fe4f29\" data-element_type=\"widget\" data-widget_type=\"heading.default\">\n\t\t\t\t<div class=\"elementor-widget-container\">\n\t\t\t\t\t<h2 class=\"elementor-heading-title elementor-size-default\">WERKSTATT<\/h2>\t\t\t\t<\/div>\n\t\t\t\t<\/div>\n\t\t\t\t<div class=\"elementor-element elementor-element-a216e01 elementor-widget elementor-widget-text-editor\" data-id=\"a216e01\" data-element_type=\"widget\" data-widget_type=\"text-editor.default\">\n\t\t\t\t<div class=\"elementor-widget-container\">\n\t\t\t\t\t\t\t\t\t<p>Wir reparieren Fahrr\u00e4der, E-Bikes, E-Scooter, Rollst\u00fchle und Gehwagen jeder Marke. \u00a0Hier ein paar Eindr\u00fccke aus unserer E-Bike und Lastenrad <a href=\"https:\/\/www.bakkie.de\/index.php\/images-2\/\" target=\"_blank\" rel=\"noopener\">Werkstatt.<\/a><\/p><p>Bei unsere <strong>Kleinen Inspektion<\/strong> pr\u00fcfen wir den Zustand Deines Fahrrads gr\u00fcndlich gem\u00e4\u00df.<\/p><p style=\"color: #333232; margin-right: 0px; margin-bottom: 19.4444px; margin-left: 0px; font-family: Helvetica, 'Helvetica Neue', Arial, 'Lucida Grande', sans-serif; font-size: 15px;\">F\u00fcr\u00a0notwendige Reparaturen erstellen wir Dir einen Kostenvoranschlag und\u00a0kl\u00e4ren den Reparaturauftrag ab.<\/p><p style=\"color: #333232; margin-right: 0px; margin-bottom: 19.4444px; margin-left: 0px; font-family: Helvetica, 'Helvetica Neue', Arial, 'Lucida Grande', sans-serif; font-size: 15px;\">Bei unserer\u00a0<a style=\"background-color: #ffffff; color: #3a3a3a; font-weight: bold; touch-action: manipulation; border-bottom: none; padding-bottom: 1px;\" href=\"https:\/\/kitendo.de\/collections\/service-abo-reparaturen\/products\/inspektion-pflege-fur-dein-brompton\">Gro\u00dfen Inspektion<\/a> unternehmen wir eine umfangreiche Reinigung und Pflege Deines Fahrrads &#8211; weil es sich das verdient hat!\u00a0<\/p><p style=\"font-weight: 400;\">Beim\u00a0<strong>Federgabel- oder D\u00e4mpferservice\u00a0<\/strong>werden die Dichtungen erneuert und \u00d6l und Stickstoff neubef\u00fcllt. Bei Bedarf m\u00fcssen auch die Abstreifer neu.<\/p><p style=\"font-weight: 400;\">Wir f\u00fchren einen Service f\u00fcr Fox und Rock Shock durch sowie viele andere Retro D\u00e4mpfer. Hier ein paar Eindr\u00fccke aus unserer MTB <a href=\"https:\/\/www.bakkie.de\/index.php\/images-2\/\" target=\"_blank\" rel=\"noopener\">Werkstatt.<\/a><\/p><p style=\"font-weight: 400;\">Bei Fragen zum Federgabel-D\u00e4mpfer-Service gerne anrufen unter 040 32593762 oder per WhatsApp <a href=\"tel:0176 55 997396\">0176 55 997396<\/a> ein Paar Foto senden.<\/p><p style=\"font-weight: 400;\"><strong>Softwareupdate\u00a0<\/strong>machen wir hier an diesem Standort f\u00fcr Bosch und Bosch Smart System. Alle anderen Updates \u00a0(Shimano, Yamaha, Brose, Mahle, Ananda) \u00a0in der Hoppenstedtstr. 80.<\/p><p style=\"font-weight: 400;\"><strong>\u00a0<\/strong><\/p><p style=\"font-weight: 400;\"><strong>Ersatzteile:\u00a0<\/strong>Wir haben alle g\u00e4ngigen M\u00e4ntel und Schl\u00e4uche sowie die normalen Verschlei\u00dfteile vorr\u00e4tig.<\/p><p style=\"font-weight: 400;\">Wir haben die Verschlei\u00dfteile von Brompton vorr\u00e4tig und k\u00f6nnen die Brompton Nabe\/Motor \u00a0neu einspeichen.<\/p><p style=\"color: #333232; margin-right: 0px; margin-bottom: 19.4444px; margin-left: 0px; font-family: Helvetica, 'Helvetica Neue', Arial, 'Lucida Grande', sans-serif; font-size: 15px;\"><strong>TERMINBUCHUNG<\/strong><\/p><p>Buche hier einen Termin f\u00fcr die Reparatur deines Fahrzeuges.<\/p>\t\t\t\t\t\t\t\t<\/div>\n\t\t\t\t<\/div>\n\t\t\t\t\t<\/div>\n\t\t<\/div>\n\t\t\t\t\t<\/div>\n\t\t<\/section>\n\t\t\t\t<section class=\"has_eae_slider elementor-section elementor-top-section elementor-element elementor-element-78630c6 elementor-section-boxed elementor-section-height-default elementor-section-height-default\" data-eae-slider=\"46162\" data-id=\"78630c6\" data-element_type=\"section\">\n\t\t\t\t\t\t<div class=\"elementor-container elementor-column-gap-default\">\n\t\t\t\t\t<div class=\"has_eae_slider elementor-column elementor-col-100 elementor-top-column elementor-element elementor-element-3553e40\" data-eae-slider=\"62568\" data-id=\"3553e40\" data-element_type=\"column\">\n\t\t\t<div class=\"elementor-widget-wrap elementor-element-populated\">\n\t\t\t\t\t\t<div class=\"elementor-element elementor-element-1756236 elementor-widget elementor-widget-text-editor\" data-id=\"1756236\" data-element_type=\"widget\" data-widget_type=\"text-editor.default\">\n\t\t\t\t<div class=\"elementor-widget-container\">\n\t\t\t\t\t\t\t\t\t<!--\nPlugin Name: Bookly \u2013 Responsive WordPress Appointment Booking and Scheduling Plugin\nPlugin URI: https:\/\/www.booking-wp-plugin.com\/?utm_source=bookly_admin&utm_medium=plugins_page&utm_campaign=plugins_page\nVersion: 25.2-->\n<style type=\"text\/css\">\n    :root {\n        --bookly-main-color: #f4662f !important;\n        --bookly-color: #f4662f !important;\n    }\n\n    <\/style><div class=\"bookly-css-root\">\n    <div id=\"bookly-form-69f3af7807af4\" class=\"bookly-form\" data-form_id=\"69f3af7807af4\" aria-live=\"polite\">\n        <div style=\"text-align: center\"><img decoding=\"async\" src=\"https:\/\/www.bakkie.de\/wp-includes\/js\/tinymce\/skins\/lightgray\/img\/loader.gif\" alt=\"Wird geladen ...\"\/><\/div>\n    <\/div>\n<\/div>\n<script type=\"text\/javascript\">\n    (function (win, fn) {\n        var done = false, top = true,\n            doc = win.document,\n            root = doc.documentElement,\n            modern = doc.addEventListener,\n            add = modern ? 'addEventListener' : 'attachEvent',\n            rem = modern ? 'removeEventListener' : 'detachEvent',\n            pre = modern ? '' : 'on',\n            init = function (e) {\n                if (e.type == 'readystatechange') if (doc.readyState != 'complete') return;\n                (e.type == 'load' ? win : doc)[rem](pre + e.type, init, false);\n                if (!done) {\n                    done = true;\n                    fn.call(win, e.type || e);\n                }\n            },\n            poll = function () {\n                try {\n                    root.doScroll('left');\n                } catch (e) {\n                    setTimeout(poll, 50);\n                    return;\n                }\n                init('poll');\n            };\n        if (doc.readyState == 'complete') fn.call(win, 'lazy');\n        else {\n            if (!modern) if (root.doScroll) {\n                try {\n                    top = !win.frameElement;\n                } catch (e) {\n                }\n                if (top) poll();\n            }\n            doc[add](pre + 'DOMContentLoaded', init, false);\n            doc[add](pre + 'readystatechange', init, false);\n            win[add](pre + 'load', init, false);\n        }\n    })(window, function () {\n        window.bookly( {\"form_id\":\"69f3af7807af4\",\"status\":{\"booking\":\"new\"},\"skip_steps\":{\"service_part1\":0,\"service_part2\":0,\"extras\":1,\"time\":0,\"repeat\":1,\"cart\":1},\"errors\":{\"session_error\":\"Session-Fehler.\",\"form_id_error\":\"Formular-ID Fehler.\",\"cart_item_not_available\":\"Die eingestellte Zeit ist nicht mehr vorhanden. Bitte w\\u00e4hlen Sie ein anderes Zeitfenster\\n.\",\"pay_locally_not_available\":\"Vor Ort zahlen ist nicht verf\\u00fcgbar.\",\"invalid_gateway\":\"Ung\\u00fcltiger Zugang.\",\"payment_error\":\"Fehler.\",\"incorrect_username_password\":\"Der Benutzername oder das Passwort ist falsch.\"},\"form_attributes\":{\"hide_categories\":true,\"hide_services\":false,\"hide_staff_members\":true,\"show_number_of_persons\":false,\"hide_service_duration\":true,\"hide_locations\":true,\"hide_quantity\":true,\"hide_date\":false,\"hide_week_days\":true,\"hide_time_range\":true},\"use_client_time_zone\":0,\"defaults\":{\"service_id\":0,\"staff_id\":2,\"location_id\":0,\"category_id\":0},\"datepicker_mode\":\"text-accent\",\"facebook\":{\"enabled\":1,\"appId\":\"\"}} );\n    });\n<\/script>\t\t\t\t\t\t\t\t<\/div>\n\t\t\t\t<\/div>\n\t\t\t\t\t<\/div>\n\t\t<\/div>\n\t\t\t\t\t<\/div>\n\t\t<\/section>\n\t\t\t\t<\/div>\n\t\t","protected":false},"excerpt":{"rendered":"<p>WERKSTATT Wir reparieren Fahrr\u00e4der, E-Bikes, E-Scooter, Rollst\u00fchle und Gehwagen jeder Marke. \u00a0Hier ein paar Eindr\u00fccke aus unserer E-Bike und Lastenrad Werkstatt. Bei unsere Kleinen Inspektion pr\u00fcfen wir den Zustand Deines Fahrrads gr\u00fcndlich gem\u00e4\u00df. F\u00fcr\u00a0notwendige Reparaturen erstellen wir Dir einen Kostenvoranschlag und\u00a0kl\u00e4ren den Reparaturauftrag ab. Bei unserer\u00a0Gro\u00dfen Inspektion unternehmen wir eine umfangreiche Reinigung und Pflege Deines [&hellip;]<\/p>\n","protected":false},"author":3,"featured_media":0,"parent":0,"menu_order":0,"comment_status":"closed","ping_status":"closed","template":"","meta":{"footnotes":""},"class_list":["post-297","page","type-page","status-publish","hentry"],"jetpack_sharing_enabled":true,"_links":{"self":[{"href":"https:\/\/www.bakkie.de\/index.php\/wp-json\/wp\/v2\/pages\/297","targetHints":{"allow":["GET"]}}],"collection":[{"href":"https:\/\/www.bakkie.de\/index.php\/wp-json\/wp\/v2\/pages"}],"about":[{"href":"https:\/\/www.bakkie.de\/index.php\/wp-json\/wp\/v2\/types\/page"}],"author":[{"embeddable":true,"href":"https:\/\/www.bakkie.de\/index.php\/wp-json\/wp\/v2\/users\/3"}],"replies":[{"embeddable":true,"href":"https:\/\/www.bakkie.de\/index.php\/wp-json\/wp\/v2\/comments?post=297"}],"version-history":[{"count":191,"href":"https:\/\/www.bakkie.de\/index.php\/wp-json\/wp\/v2\/pages\/297\/revisions"}],"predecessor-version":[{"id":2362,"href":"https:\/\/www.bakkie.de\/index.php\/wp-json\/wp\/v2\/pages\/297\/revisions\/2362"}],"wp:attachment":[{"href":"https:\/\/www.bakkie.de\/index.php\/wp-json\/wp\/v2\/media?parent=297"}],"curies":[{"name":"wp","href":"https:\/\/api.w.org\/{rel}","templated":true}]}}