{"id":1096,"date":"2023-05-18T11:36:28","date_gmt":"2023-05-18T09:36:28","guid":{"rendered":"https:\/\/www.bakkie.de\/?post_type=product&#038;p=1096"},"modified":"2026-03-10T10:19:42","modified_gmt":"2026-03-10T09:19:42","slug":"brompton-c-line-explore-green-mit-schutzbleche-dynamo-standlicht-6-gang","status":"publish","type":"product","link":"https:\/\/www.bakkie.de\/index.php\/product\/brompton-c-line-explore-green-mit-schutzbleche-dynamo-standlicht-6-gang\/","title":{"rendered":"BROMPTON &#8211; C LINE EXPLORE &#8211; M LENKER &#8211; MATSCHA GREEN mit Schutzbleche, Dynamo-Standlicht, 6-Gang"},"content":{"rendered":"<h5><strong>Dieses Fahrrad ist abweichend zur Abbildung nur noch als M- Lenker erh\u00e4ltlich.<br \/>\n<\/strong><\/h5>\n<h2><strong>Unter den Faltr\u00e4dern sticht das Brompton heraus:<\/strong><\/h2>\n<p>\u2022 ein zeitloser Klassiker seit seiner Erfindung 1975<\/p>\n<p>\u2022 robuste, ausgereifte und ausgefeilte Technik<\/p>\n<p>\u2022 Hand-Made in London nach h\u00f6chsten Standards<\/p>\n<p>\u2022 gute und agile Fahreigenschaften &#8211; die kleinen R\u00e4der kommen schnell in Schwung<\/p>\n<p>\u2022 Gewicht: zwischen 10,6 und 12,6 kg je nach Ausstattung<\/p>\n<p>\u2022 kleines Packma\u00df: 57 x 59 x 27 cm<\/p>\n<p>Kurzum: Ein treuer Begleiter, der Dir eine neue Freiheit erm\u00f6glichen wird.<\/p>\n<p><strong>Diese Modellvariante hat folgende Ausstattung:<\/strong><\/p>\n<p><strong>Lenkerh\u00f6he: H-Typ:<\/strong><\/p>\n<p>F\u00fcr gro\u00dfe Fahrer und alle, die gerne aufrecht fahren.<\/p>\n<p><strong>Schwalbe Marathon Bereifung<\/strong><\/p>\n<p>Guter Grip, pannensicher und mit einem m\u00f6glichen Maximaldruck von 7,5 bar f\u00fcr alle Wetterlagen die beste Wahl und dennoch leichtl\u00e4ufig. Die Marathon Bereifung ist ein Upgrade zum standardm\u00e4\u00dfig verbauten Marathon Racer.<\/p>\n<p><strong>Nabendynamo mit LED Beleuchtung und Standlichtfunktion<\/strong><\/p>\n<p>Zuverl\u00e4ssig, jederzeit einsatzbereit und mit Standlicht vorne und hinten.<\/p>\n<p><strong>6-Gang Nabenschaltung<\/strong><\/p>\n<p>Ein robuste 3-Gang Nabenschaltung, kombiniert mit einer 2-Gang Kettenschaltung, eine perfekte Wahl f\u00fcr hohe Geschwindigkeiten als auch st\u00e4rkere Steigungen.<\/p>\n<p><strong>Schutzbleche<\/strong><\/p>\n<p>Bei jedem Wetter unaufhaltsam.<\/p>\n<p><strong>Sattelst\u00fctze<\/strong><\/p>\n<p>Standard Sattelst\u00fctze: F\u00fcr eine Innenbeinl\u00e4nge bis zu 83 cm.<br \/>\nVerl\u00e4ngerte Sattelst\u00fctze: F\u00fcr eine Innenbeinl\u00e4nge bis zu 89 cm.<\/p>\n<p><strong>Taschentr\u00e4gerblock vorne<\/strong><\/p>\n<p>Mit den zus\u00e4tzlich erh\u00e4ltlichen Brompton Taschen, die direkt vorne an den Rahmen geclipt werden, beh\u00e4lt das Fahrrad seine Fahreigenschaften und der R\u00fccken ist frei &#8211; so kommst Du nicht mit durchgeschwitztem Hemd zur Verabredung.<\/p>\n<p>F\u00fcr die Produktspezifikationen gilt der Angebotstext, die Ausstattung auf den Produktphotos kann abweichen. Die Photos dienen zur Darstellung der Rahmenfarbe, der Sattelvariante und Einsatzm\u00f6glichkeiten eines Bromptons.<\/p>\n<p><strong>Zusatz-Optionen<\/strong><\/p>\n<ul>\n<li>Brooks Sattel 115\u20ac Aufpreis<\/li>\n<li>Cambium 75\u20ac Aufpreis<\/li>\n<li>Gep\u00e4cktr\u00e4ger: 120 Euro Aufpreis<\/li>\n<li>Teleskopsattelst\u00fctze (F\u00fcr eine Innenbeinl\u00e4nge ab 89 cm): 70 Euro Aufpreis<\/li>\n<\/ul>\n<p>&nbsp;<\/p>\n<p><strong>Wir bieten immer eine Probefahrt vor Ort an. Unsere Bromptons sind auch zum Verleih erh\u00e4ltlich! (<a href=\"https:\/\/www.bakkie.de\/index.php\/verleih\/\">hier buchen<\/a>)<\/strong><\/p>\n","protected":false},"excerpt":{"rendered":"<p>Dieses Fahrrad ist abweichend zur Abbildung nur noch als M- Lenker erh\u00e4ltlich. Unter den Faltr\u00e4dern sticht das Brompton heraus: \u2022 ein zeitloser Klassiker seit seiner Erfindung 1975 \u2022 robuste, ausgereifte und ausgefeilte Technik \u2022 Hand-Made in London nach h\u00f6chsten Standards \u2022 gute und agile Fahreigenschaften &#8211; die kleinen R\u00e4der kommen schnell in Schwung \u2022 Gewicht: [&hellip;]<\/p>\n","protected":false},"featured_media":1139,"comment_status":"open","ping_status":"closed","template":"","meta":[],"product_brand":[],"product_cat":[34],"product_tag":[35],"class_list":{"0":"post-1096","1":"product","2":"type-product","3":"status-publish","4":"has-post-thumbnail","6":"product_cat-faltraeder","7":"product_tag-brompton","8":"product_shipping_class-brompton-shipping","10":"first","11":"outofstock","12":"purchasable","13":"product-type-simple"},"jetpack_sharing_enabled":true,"_links":{"self":[{"href":"https:\/\/www.bakkie.de\/index.php\/wp-json\/wp\/v2\/product\/1096","targetHints":{"allow":["GET"]}}],"collection":[{"href":"https:\/\/www.bakkie.de\/index.php\/wp-json\/wp\/v2\/product"}],"about":[{"href":"https:\/\/www.bakkie.de\/index.php\/wp-json\/wp\/v2\/types\/product"}],"replies":[{"embeddable":true,"href":"https:\/\/www.bakkie.de\/index.php\/wp-json\/wp\/v2\/comments?post=1096"}],"version-history":[{"count":13,"href":"https:\/\/www.bakkie.de\/index.php\/wp-json\/wp\/v2\/product\/1096\/revisions"}],"predecessor-version":[{"id":2411,"href":"https:\/\/www.bakkie.de\/index.php\/wp-json\/wp\/v2\/product\/1096\/revisions\/2411"}],"wp:featuredmedia":[{"embeddable":true,"href":"https:\/\/www.bakkie.de\/index.php\/wp-json\/wp\/v2\/media\/1139"}],"wp:attachment":[{"href":"https:\/\/www.bakkie.de\/index.php\/wp-json\/wp\/v2\/media?parent=1096"}],"wp:term":[{"taxonomy":"product_brand","embeddable":true,"href":"https:\/\/www.bakkie.de\/index.php\/wp-json\/wp\/v2\/product_brand?post=1096"},{"taxonomy":"product_cat","embeddable":true,"href":"https:\/\/www.bakkie.de\/index.php\/wp-json\/wp\/v2\/product_cat?post=1096"},{"taxonomy":"product_tag","embeddable":true,"href":"https:\/\/www.bakkie.de\/index.php\/wp-json\/wp\/v2\/product_tag?post=1096"}],"curies":[{"name":"wp","href":"https:\/\/api.w.org\/{rel}","templated":true}]}}