{"id":1219,"date":"2023-05-21T17:33:23","date_gmt":"2023-05-21T15:33:23","guid":{"rendered":"https:\/\/www.bakkie.de\/?post_type=product&#038;p=1219"},"modified":"2024-09-20T15:13:00","modified_gmt":"2024-09-20T13:13:00","slug":"brompton-c-line-electric-h-lenker-black-matt-mit-schutzbleche-6-gang","status":"publish","type":"product","link":"https:\/\/www.bakkie.de\/index.php\/product\/brompton-c-line-electric-h-lenker-black-matt-mit-schutzbleche-6-gang\/","title":{"rendered":"BROMPTON &#8211; C LINE ELECTRIC &#8211; H LENKER &#8211; MATT BLACK mit Schutzbleche, 6-Gang"},"content":{"rendered":"<h2><strong>Das klassische Faltrad aus Stahl \u2013 voll elektrisiert. Freedom feels electric:<\/strong><\/h2>\n<p>T\u00e4glich unterwegs oder eher am Wochenende? Mit dem Brompton Electric mit bis zu 70 km Reichweite kommst du \u00fcberall hin. Und das mit einer Geschwindigkeit von bis zu 25 km\/h. Der kompakte 250-kWh-Nabenmotor erledigt die harte Arbeit f\u00fcr dich. W\u00e4hle aus drei Stufen des Smart Pedal Assistenten und starte deine Fahrt. Sp\u00fcre das Drehmoment. Der fein abgestimmte Sensor im Tretlager wei\u00df genau, wann er (sanft) anspringen muss. So kannst du ganz easy H\u00fcgel hinauffahren und auch auf flachen Strecken dahingleiten.<\/p>\n<h2><strong>Diese Modellvariante hat folgende Ausstattung:<\/strong><\/h2>\n<p><strong>Unterwegs aufladen<\/strong><\/p>\n<p>Der kompakte 300-Wh-Lithium-Ionen-Akku des Brompton Electric ist ein wahrer Kraftprotz. Und das Aufladen ist so einfach wie bei deinem Handy. Einfach das Akkupaket (2,9 kg einschlie\u00dflich Tasche) mit einem schnellen Klick entfernen und dann an eine normale Steckdose anschlie\u00dfen. Vollst\u00e4ndig aufgeladen in 4 Stunden*. Wenn du weniger Zeit hast, kannst du den Akku nat\u00fcrlich auch weniger aufladen.<\/p>\n<p><strong>Intelligent fahren<\/strong><\/p>\n<p>Mit der Brompton Electric-App hast du die Leistung jederzeit im Griff. Du kannst deinen Energiemodus steuern, die Akkulaufzeit maximieren, deine Reichweite erh\u00f6hen und vieles mehr. Alles von deinem Handy aus. Verbinde dein Fahrrad \u00fcber Bluetooth. Befestige das praktische Dashboard direkt an deinem Lenker. Und bei Bedarf kannst du das Handy w\u00e4hrend der Fahrt \u00fcber den USB-Anschluss des Akkupacks aufladen.<\/p>\n<p><strong>Lenkerh\u00f6he: H-Typ<\/strong><\/p>\n<p>F\u00fcr gro\u00dfe Fahrer und alle, die gerne aufrecht fahren.<\/p>\n<p><strong>Schwalbe Marathon Bereifung<\/strong><\/p>\n<p>Guter Grip, pannensicher und mit einem m\u00f6glichen Maximaldruck von 7,5 bar f\u00fcr alle Wetterlagen die beste Wahl und dennoch leichtl\u00e4ufig. Die Marathon Bereifung ist ein Upgrade zum standardm\u00e4\u00dfig verbauten Marathon Racer.<\/p>\n<p><strong>6-Gang Nabenschaltung<\/strong><\/p>\n<p>Ein robuste 3-Gang Nabenschaltung, kombiniert mit einer 2-Gang Kettenschaltung, eine perfekte Wahl f\u00fcr hohe Geschwindigkeiten als auch st\u00e4rkere Steigungen.<\/p>\n<p><strong>Schutzbleche<\/strong><\/p>\n<p>Bei jedem Wetter unaufhaltsam.<\/p>\n<p><strong>Sattelst\u00fctze<\/strong><\/p>\n<p>Standard Sattelst\u00fctze: F\u00fcr eine Innenbeinl\u00e4nge bis zu 83 cm.<br \/>\nVerl\u00e4ngerte Sattelst\u00fctze: F\u00fcr eine Innenbeinl\u00e4nge bis zu 89 cm.<\/p>\n<p><strong>Taschentr\u00e4gerblock vorne<\/strong><\/p>\n<p>Mit den zus\u00e4tzlich erh\u00e4ltlichen Brompton Taschen, die direkt vorne an den Rahmen geclipt werden, beh\u00e4lt das Fahrrad seine Fahreigenschaften und der R\u00fccken ist frei &#8211; so kommst Du nicht mit durchgeschwitztem Hemd zur Verabredung.<\/p>\n<p>F\u00fcr die Produktspezifikationen gilt der Angebotstext, die Ausstattung auf den Produktphotos kann abweichen. Die Photos dienen zur Darstellung der Rahmenfarbe, der Sattelvariante und Einsatzm\u00f6glichkeiten eines Bromptons.<\/p>\n<p><strong>Zusatz-Optionen<\/strong><\/p>\n<ul>\n<li>Brooks Sattel 115\u20ac Aufpreis<\/li>\n<li>Cambium 75\u20ac Aufpreis<\/li>\n<li>Gep\u00e4cktr\u00e4ger: 120 Euro Aufpreis<\/li>\n<li>Teleskopsattelst\u00fctze (F\u00fcr eine Innenbeinl\u00e4nge ab 89 cm): 70 Euro Aufpreis<\/li>\n<li>Gro\u00dfe Tasche (20L): 185 \u20ac Aufpreis<\/li>\n<\/ul>\n<p>&nbsp;<\/p>\n<p><strong>Wir bieten immer eine Probefahrt vor Ort an. Unsere Bromptons sind auch zum Verleih erh\u00e4ltlich! (<a href=\"https:\/\/www.bakkie.de\/index.php\/verleih\/\">hier buchen<\/a>)<\/strong><\/p>\n","protected":false},"excerpt":{"rendered":"<p>Das klassische Faltrad aus Stahl \u2013 voll elektrisiert. Freedom feels electric: T\u00e4glich unterwegs oder eher am Wochenende? Mit dem Brompton Electric mit bis zu 70 km Reichweite kommst du \u00fcberall hin. Und das mit einer Geschwindigkeit von bis zu 25 km\/h. Der kompakte 250-kWh-Nabenmotor erledigt die harte Arbeit f\u00fcr dich. W\u00e4hle aus drei Stufen des [&hellip;]<\/p>\n","protected":false},"featured_media":1222,"comment_status":"open","ping_status":"closed","template":"","meta":[],"product_brand":[],"product_cat":[34],"product_tag":[35],"class_list":{"0":"post-1219","1":"product","2":"type-product","3":"status-publish","4":"has-post-thumbnail","6":"product_cat-faltraeder","7":"product_tag-brompton","8":"product_shipping_class-brompton-shipping","10":"first","11":"instock","12":"purchasable","13":"product-type-simple"},"jetpack_sharing_enabled":true,"_links":{"self":[{"href":"https:\/\/www.bakkie.de\/index.php\/wp-json\/wp\/v2\/product\/1219","targetHints":{"allow":["GET"]}}],"collection":[{"href":"https:\/\/www.bakkie.de\/index.php\/wp-json\/wp\/v2\/product"}],"about":[{"href":"https:\/\/www.bakkie.de\/index.php\/wp-json\/wp\/v2\/types\/product"}],"replies":[{"embeddable":true,"href":"https:\/\/www.bakkie.de\/index.php\/wp-json\/wp\/v2\/comments?post=1219"}],"version-history":[{"count":3,"href":"https:\/\/www.bakkie.de\/index.php\/wp-json\/wp\/v2\/product\/1219\/revisions"}],"predecessor-version":[{"id":1227,"href":"https:\/\/www.bakkie.de\/index.php\/wp-json\/wp\/v2\/product\/1219\/revisions\/1227"}],"wp:featuredmedia":[{"embeddable":true,"href":"https:\/\/www.bakkie.de\/index.php\/wp-json\/wp\/v2\/media\/1222"}],"wp:attachment":[{"href":"https:\/\/www.bakkie.de\/index.php\/wp-json\/wp\/v2\/media?parent=1219"}],"wp:term":[{"taxonomy":"product_brand","embeddable":true,"href":"https:\/\/www.bakkie.de\/index.php\/wp-json\/wp\/v2\/product_brand?post=1219"},{"taxonomy":"product_cat","embeddable":true,"href":"https:\/\/www.bakkie.de\/index.php\/wp-json\/wp\/v2\/product_cat?post=1219"},{"taxonomy":"product_tag","embeddable":true,"href":"https:\/\/www.bakkie.de\/index.php\/wp-json\/wp\/v2\/product_tag?post=1219"}],"curies":[{"name":"wp","href":"https:\/\/api.w.org\/{rel}","templated":true}]}}