{"id":1233,"date":"2023-05-21T17:50:29","date_gmt":"2023-05-21T15:50:29","guid":{"rendered":"https:\/\/www.bakkie.de\/?post_type=product&#038;p=1233"},"modified":"2025-05-30T17:16:11","modified_gmt":"2025-05-30T15:16:11","slug":"brompton-m6rd-m-lenker-house-red-mit-gepaecktraeger-dynamo-standlicht-6-gang","status":"publish","type":"product","link":"https:\/\/www.bakkie.de\/index.php\/product\/brompton-m6rd-m-lenker-house-red-mit-gepaecktraeger-dynamo-standlicht-6-gang\/","title":{"rendered":"BROMPTON &#8211; M6RD (2022) &#8211; M LENKER &#8211; HOUSE RED mit Gep\u00e4cktr\u00e4ger, Dynamo-Standlicht, 6-Gang"},"content":{"rendered":"<h2><strong>Unter den Faltr\u00e4dern sticht das Brompton heraus:<\/strong><\/h2>\n<p>\u2022 ein zeitloser Klassiker seit seiner Erfindung 1975<\/p>\n<p>\u2022 robuste, ausgereifte und ausgefeilte Technik<\/p>\n<p>\u2022 Hand-Made in London nach h\u00f6chsten Standards<\/p>\n<p>\u2022 gute und agile Fahreigenschaften &#8211; die kleinen R\u00e4der kommen schnell in Schwung<\/p>\n<p>\u2022 Gewicht: zwischen 10,6 und 12,6 kg je nach Ausstattung<\/p>\n<p>\u2022 kleines Packma\u00df: 57 x 59 x 27 cm<\/p>\n<p>Kurzum: Ein treuer Begleiter, der Dir eine neue Freiheit erm\u00f6glichen wird.<\/p>\n<h2><strong>Diese Modellvariante hat folgende Ausstattung:<\/strong><\/h2>\n<p><strong>Lenkerh\u00f6he: M-Typ<\/strong><\/p>\n<p>Die\u00a0klassische Lenkerform, die f\u00fcr die meisten Fahrer eine rundum neutrale Position bietet. Fahrern mit einer kleineren K\u00f6rpergr\u00f6\u00dfe erm\u00f6glicht er eine aufrechtere und entspanntere Position, w\u00e4hrend gr\u00f6\u00dfere Fahrer auch mit diesem Typ eine sportliche Haltung finden.<\/p>\n<p><strong>Schwalbe Marathon Bereifung<\/strong><\/p>\n<p>Guter Grip, pannensicher und mit einem m\u00f6glichen Maximaldruck von 7,5 bar f\u00fcr alle Wetterlagen die beste Wahl und dennoch leichtl\u00e4ufig. Die Marathon Bereifung ist ein Upgrade zum standardm\u00e4\u00dfig verbauten Marathon Racer.<\/p>\n<p><strong>Nabendynamo mit LED Beleuchtung und Standlichtfunktion<\/strong><\/p>\n<p>Zuverl\u00e4ssig, jederzeit einsatzbereit und mit Standlicht vorne und hinten.<\/p>\n<p><strong>6-Gang Nabenschaltung<\/strong><\/p>\n<p>Ein robuste 3-Gang Nabenschaltung, kombiniert mit einer 2-Gang Kettenschaltung, eine perfekte Wahl f\u00fcr hohe Geschwindigkeiten als auch st\u00e4rkere Steigungen.<\/p>\n<p><strong>Schutzbleche<\/strong><\/p>\n<p>Bei jedem Wetter unaufhaltsam.<\/p>\n<p><strong>Gep\u00e4cktr\u00e4ger<\/strong><\/p>\n<p>Das Gep\u00e4cktr\u00e4ger aus Aluminiumdruckguss wird mit Spanngurten geliefert und kann Lasten bis zu 10 kg tragen. Er dient auch f\u00fcr einen stabileren Stand und mit einem Gep\u00e4cktr\u00e4ger l\u00e4sst sich das Brompton leichter eingefaltet ziehen.<\/p>\n<p><strong>Sattelst\u00fctze<\/strong><\/p>\n<p>Standard Sattelst\u00fctze: F\u00fcr eine Innenbeinl\u00e4nge bis zu 83 cm.<br \/>\nVerl\u00e4ngerte Sattelst\u00fctze: F\u00fcr eine Innenbeinl\u00e4nge bis zu 89 cm.<\/p>\n<p><strong>Taschentr\u00e4gerblock vorne<\/strong><\/p>\n<p>Mit den zus\u00e4tzlich erh\u00e4ltlichen Brompton Taschen, die direkt vorne an den Rahmen geclipt werden, beh\u00e4lt das Fahrrad seine Fahreigenschaften und der R\u00fccken ist frei &#8211; so kommst Du nicht mit durchgeschwitztem Hemd zur Verabredung.<\/p>\n<p>F\u00fcr die Produktspezifikationen gilt der Angebotstext, die Ausstattung auf den Produktphotos kann abweichen. Die Photos dienen zur Darstellung der Rahmenfarbe, der Sattelvariante und Einsatzm\u00f6glichkeiten eines Bromptons.<\/p>\n<p><strong>Zusatz-Optionen<\/strong><\/p>\n<ul>\n<li>Brooks Sattel 115\u20ac Aufpreis<\/li>\n<li>Cambium 75\u20ac Aufpreis<\/li>\n<li>Teleskopsattelst\u00fctze (F\u00fcr eine Innenbeinl\u00e4nge ab 89 cm): 70 Euro Aufpreis<\/li>\n<\/ul>\n<p>&nbsp;<\/p>\n<p><strong>Wir bieten immer eine Probefahrt vor Ort an. Unsere Bromptons sind auch zum Verleih erh\u00e4ltlich! (<a href=\"https:\/\/www.bakkie.de\/index.php\/verleih\/\">hier buchen<\/a>)<\/strong><\/p>\n","protected":false},"excerpt":{"rendered":"<p>Unter den Faltr\u00e4dern sticht das Brompton heraus: \u2022 ein zeitloser Klassiker seit seiner Erfindung 1975 \u2022 robuste, ausgereifte und ausgefeilte Technik \u2022 Hand-Made in London nach h\u00f6chsten Standards \u2022 gute und agile Fahreigenschaften &#8211; die kleinen R\u00e4der kommen schnell in Schwung \u2022 Gewicht: zwischen 10,6 und 12,6 kg je nach Ausstattung \u2022 kleines Packma\u00df: 57 [&hellip;]<\/p>\n","protected":false},"featured_media":1234,"comment_status":"open","ping_status":"closed","template":"","meta":[],"product_brand":[],"product_cat":[34],"product_tag":[35],"class_list":{"0":"post-1233","1":"product","2":"type-product","3":"status-publish","4":"has-post-thumbnail","6":"product_cat-faltraeder","7":"product_tag-brompton","9":"first","10":"outofstock","11":"purchasable","12":"product-type-simple"},"jetpack_sharing_enabled":true,"_links":{"self":[{"href":"https:\/\/www.bakkie.de\/index.php\/wp-json\/wp\/v2\/product\/1233","targetHints":{"allow":["GET"]}}],"collection":[{"href":"https:\/\/www.bakkie.de\/index.php\/wp-json\/wp\/v2\/product"}],"about":[{"href":"https:\/\/www.bakkie.de\/index.php\/wp-json\/wp\/v2\/types\/product"}],"replies":[{"embeddable":true,"href":"https:\/\/www.bakkie.de\/index.php\/wp-json\/wp\/v2\/comments?post=1233"}],"version-history":[{"count":1,"href":"https:\/\/www.bakkie.de\/index.php\/wp-json\/wp\/v2\/product\/1233\/revisions"}],"predecessor-version":[{"id":1237,"href":"https:\/\/www.bakkie.de\/index.php\/wp-json\/wp\/v2\/product\/1233\/revisions\/1237"}],"wp:featuredmedia":[{"embeddable":true,"href":"https:\/\/www.bakkie.de\/index.php\/wp-json\/wp\/v2\/media\/1234"}],"wp:attachment":[{"href":"https:\/\/www.bakkie.de\/index.php\/wp-json\/wp\/v2\/media?parent=1233"}],"wp:term":[{"taxonomy":"product_brand","embeddable":true,"href":"https:\/\/www.bakkie.de\/index.php\/wp-json\/wp\/v2\/product_brand?post=1233"},{"taxonomy":"product_cat","embeddable":true,"href":"https:\/\/www.bakkie.de\/index.php\/wp-json\/wp\/v2\/product_cat?post=1233"},{"taxonomy":"product_tag","embeddable":true,"href":"https:\/\/www.bakkie.de\/index.php\/wp-json\/wp\/v2\/product_tag?post=1233"}],"curies":[{"name":"wp","href":"https:\/\/api.w.org\/{rel}","templated":true}]}}