{"id":1255,"date":"2023-05-21T18:13:19","date_gmt":"2023-05-21T16:13:19","guid":{"rendered":"https:\/\/www.bakkie.de\/?post_type=product&#038;p=1255"},"modified":"2025-06-28T00:47:01","modified_gmt":"2025-06-27T22:47:01","slug":"brompton-p-line-m-lenker-grey-mit-schutzbleche-dynamo-standlicht-4-gang","status":"publish","type":"product","link":"https:\/\/www.bakkie.de\/index.php\/product\/brompton-p-line-m-lenker-grey-mit-schutzbleche-dynamo-standlicht-4-gang\/","title":{"rendered":"BROMPTON &#8211; P LINE &#8211; M LENKER &#8211; STORMY GREY mit Schutzbleche, 4-Gang"},"content":{"rendered":"<h2><strong>Next Level Performance &amp; Leichtigkeit<\/strong><\/h2>\n<p>Hinterbau\u00a0und Gabeln des P Line sind aus Titan und genauso stark wie die entsprechenden Komponenten aus Stahl, aber 700 Gramm leichter. Das neu gestaltete Federelement steigert Leistung und Reaktionsf\u00e4higkeit, indem es die Tretkraft verlagert und dadurch Kontrolle und Fahrverhalten verbessert. Und nat\u00fcrlich wirkt Titan sto\u00dfd\u00e4mpfend und sorgt f\u00fcr ein ebenes Fahrgef\u00fchl auf den Stra\u00dfen. Der Unterschied sp\u00fcrt man.<\/p>\n<h2><strong>Diese Modellvariante hat folgende Ausstattung:<\/strong><\/h2>\n<div class=\"title \"><strong>Verbesserte Tragbarkeit<\/strong><\/div>\n<p>&nbsp;<\/p>\n<div><\/div>\n<div><\/div>\n<div class=\"description \">Mit diesem Klapprad kann man ganz leicht herumkommen. Mit unserem neuen dualen System l\u00e4sst sich die Sattelst\u00fctze auf zwei Positionen einrasten: ganz unten zum Verstauen und halbhoch zum Rollen. Das zusammengeklappte Rad kann man dank dem Superlight-Griff an der Sattelnase ganz locker durch enge R\u00e4ume man\u00f6vrieren. Mit gr\u00f6\u00dferen und leichteren Rollr\u00e4dern gleitet es \u00fcber unebenen Boden.<\/div>\n<div><\/div>\n<div class=\"title \"><strong>Komplett neuer Radsatz<\/strong><\/div>\n<div><\/div>\n<div class=\"description \">Unser leichtester und stabilster Radsatz. Verf\u00fcgt \u00fcber eine von Grund auf neu entwickelte Hinterradnabe mit ausreichend Platz f\u00fcr die neue kompakte 4-Gang-Schaltung. Wurde auf einer speziell angefertigten Anlage getestet und \u00fcber Stunden hinweg mit Schlamm, Wasser und Sand bestrahlt. Dieser Radsatz ist den Um- und Missst\u00e4nden bei Stadtfahrten auf jeden Fall gewachsen. Jetzt mit Innensechskantachsen und einem neuen Aufh\u00e4ngereinbau ausgestattet, so dass sie f\u00fcr Reparaturen oder Wartungsarbeiten am Stra\u00dfenrand schnell und einfach entfernt werden k\u00f6nnen.<\/div>\n<div><\/div>\n<p><strong>Lenkerh\u00f6he: M-Typ<\/strong><\/p>\n<p>Die\u00a0klassische Lenkerform, die f\u00fcr die meisten Fahrer eine rundum neutrale Position bietet. Fahrern mit einer kleineren K\u00f6rpergr\u00f6\u00dfe erm\u00f6glicht er eine aufrechtere und entspanntere Position, w\u00e4hrend gr\u00f6\u00dfere Fahrer auch mit diesem Typ eine sportliche Haltung finden.<\/p>\n<p>&nbsp;<\/p>\n<p><strong>4-Gang Kettenschaltung<\/strong><\/p>\n<div class=\"title \">Kompakte Superlight-Schaltung f\u00fcr die Stadt. Die neue kompakte Superlight-Schaltung* ist eigenentwickelt und perfekt auf Stadtfahrten eingestellt. Das 4-Gang-System mit brandneuem 60-Gramm-Umwerfer wurde speziell so entworfen, dass es in die Faltstelle passt. Die \u00dcbersetzung ist der des 3-Gang-Rads \u00e4hnlich und dem 2-Gang-Rad gegen\u00fcber zu 60 % gesteigert.<\/div>\n<div><\/div>\n<p>&nbsp;<\/p>\n<p><strong>Schutzbleche<\/strong><\/p>\n<p>Bei jedem Wetter unaufhaltsam.<\/p>\n<p><strong>Sattelst\u00fctze<\/strong><\/p>\n<p>Standard Sattelst\u00fctze: F\u00fcr eine Innenbeinl\u00e4nge bis zu 83 cm.<br \/>\nVerl\u00e4ngerte Sattelst\u00fctze: F\u00fcr eine Innenbeinl\u00e4nge bis zu 89 cm.<\/p>\n<p><strong>Taschentr\u00e4gerblock vorne<\/strong><\/p>\n<p>Mit den zus\u00e4tzlich erh\u00e4ltlichen Brompton Taschen, die direkt vorne an den Rahmen geclipt werden, beh\u00e4lt das Fahrrad seine Fahreigenschaften und der R\u00fccken ist frei &#8211; so kommst Du nicht mit durchgeschwitztem Hemd zur Verabredung.<\/p>\n<p>F\u00fcr die Produktspezifikationen gilt der Angebotstext, die Ausstattung auf den Produktphotos kann abweichen. Die Photos dienen zur Darstellung der Rahmenfarbe, der Sattelvariante und Einsatzm\u00f6glichkeiten eines Bromptons.<\/p>\n<p><strong>Zusatz-Optionen<\/strong><\/p>\n<ul>\n<li>Brooks Sattel 115\u20ac Aufpreis<\/li>\n<li>Cambium 75\u20ac Aufpreis<\/li>\n<li>Gep\u00e4cktr\u00e4ger: 120 Euro Aufpreis<\/li>\n<li>Teleskopsattelst\u00fctze (F\u00fcr eine Innenbeinl\u00e4nge ab 89 cm): 70 Euro Aufpreis<\/li>\n<\/ul>\n<p>&nbsp;<\/p>\n<p><strong>Wir bieten immer eine Probefahrt vor Ort an. Unsere Bromptons sind auch zum Verleih erh\u00e4ltlich! (<a href=\"https:\/\/www.bakkie.de\/index.php\/verleih\/\">hier buchen<\/a>)<\/strong><\/p>\n","protected":false},"excerpt":{"rendered":"<p>Next Level Performance &amp; Leichtigkeit Hinterbau\u00a0und Gabeln des P Line sind aus Titan und genauso stark wie die entsprechenden Komponenten aus Stahl, aber 700 Gramm leichter. Das neu gestaltete Federelement steigert Leistung und Reaktionsf\u00e4higkeit, indem es die Tretkraft verlagert und dadurch Kontrolle und Fahrverhalten verbessert. Und nat\u00fcrlich wirkt Titan sto\u00dfd\u00e4mpfend und sorgt f\u00fcr ein ebenes [&hellip;]<\/p>\n","protected":false},"featured_media":1256,"comment_status":"open","ping_status":"closed","template":"","meta":[],"product_brand":[],"product_cat":[34],"product_tag":[35],"class_list":{"0":"post-1255","1":"product","2":"type-product","3":"status-publish","4":"has-post-thumbnail","6":"product_cat-faltraeder","7":"product_tag-brompton","8":"product_shipping_class-brompton-shipping","10":"first","11":"outofstock","12":"purchasable","13":"product-type-simple"},"jetpack_sharing_enabled":true,"_links":{"self":[{"href":"https:\/\/www.bakkie.de\/index.php\/wp-json\/wp\/v2\/product\/1255","targetHints":{"allow":["GET"]}}],"collection":[{"href":"https:\/\/www.bakkie.de\/index.php\/wp-json\/wp\/v2\/product"}],"about":[{"href":"https:\/\/www.bakkie.de\/index.php\/wp-json\/wp\/v2\/types\/product"}],"replies":[{"embeddable":true,"href":"https:\/\/www.bakkie.de\/index.php\/wp-json\/wp\/v2\/comments?post=1255"}],"version-history":[{"count":5,"href":"https:\/\/www.bakkie.de\/index.php\/wp-json\/wp\/v2\/product\/1255\/revisions"}],"predecessor-version":[{"id":2191,"href":"https:\/\/www.bakkie.de\/index.php\/wp-json\/wp\/v2\/product\/1255\/revisions\/2191"}],"wp:featuredmedia":[{"embeddable":true,"href":"https:\/\/www.bakkie.de\/index.php\/wp-json\/wp\/v2\/media\/1256"}],"wp:attachment":[{"href":"https:\/\/www.bakkie.de\/index.php\/wp-json\/wp\/v2\/media?parent=1255"}],"wp:term":[{"taxonomy":"product_brand","embeddable":true,"href":"https:\/\/www.bakkie.de\/index.php\/wp-json\/wp\/v2\/product_brand?post=1255"},{"taxonomy":"product_cat","embeddable":true,"href":"https:\/\/www.bakkie.de\/index.php\/wp-json\/wp\/v2\/product_cat?post=1255"},{"taxonomy":"product_tag","embeddable":true,"href":"https:\/\/www.bakkie.de\/index.php\/wp-json\/wp\/v2\/product_tag?post=1255"}],"curies":[{"name":"wp","href":"https:\/\/api.w.org\/{rel}","templated":true}]}}