{"id":1669,"date":"2024-06-19T17:36:54","date_gmt":"2024-06-19T15:36:54","guid":{"rendered":"https:\/\/www.bakkie.de\/?post_type=product&#038;p=1669"},"modified":"2025-05-30T11:47:22","modified_gmt":"2025-05-30T09:47:22","slug":"bicicapace-justlong-matt-black","status":"publish","type":"product","link":"https:\/\/www.bakkie.de\/index.php\/product\/bicicapace-justlong-matt-black\/","title":{"rendered":"BICICAPACE -JUSTLONG- MATT BLACK"},"content":{"rendered":"<p><img decoding=\"async\" class=\"wp-image-1762 size-medium aligncenter\" src=\"https:\/\/www.bicicapace.com\/wordpress\/wp-content\/uploads\/2022\/11\/Colors_vecchio-300x132.jpg\" sizes=\"(max-width: 300px) 100vw, 300px\" srcset=\"https:\/\/www.bicicapace.com\/wordpress\/wp-content\/uploads\/2022\/11\/Colors_vecchio-300x132.jpg 300w, https:\/\/www.bicicapace.com\/wordpress\/wp-content\/uploads\/2022\/11\/Colors_vecchio.jpg 328w\" alt=\"\" width=\"300\" height=\"132\" \/><\/p>\n<div class=\"text-center\"><img decoding=\"async\" class=\"alignnone wp-image-1176 size-full\" src=\"https:\/\/www.bicicapace.com\/wordpress\/wp-content\/uploads\/2019\/05\/Icona-21-seats-1.jpg\" alt=\"\" width=\"111\" height=\"111\" \/><img decoding=\"async\" class=\"alignnone wp-image-1177 size-full\" src=\"https:\/\/www.bicicapace.com\/wordpress\/wp-content\/uploads\/2019\/05\/Icona-190-kg-load-1.jpg\" alt=\"\" width=\"111\" height=\"111\" \/><\/div>\n<p>Longtail\u00a0 verf\u00fcgt \u00fcber 20\u201d Reifen und ein starres Rahmenheck,<br \/>\num auch unter schweren Bedingungen eine gute Stabilit\u00e4t zu gew\u00e4hrleisten.<br \/>\nEs k\u00f6nnte zwei Kindersitzen und\/oder einen gro\u00dfen Korb montieren,<br \/>\num alles zu transportieren, was Sie brauchen.<br \/>\nEs eignet sich perfekt f\u00fcr Familienbedarf, gesch\u00e4ftliche oder berufliche Transporte.<\/p>\n<p>Shimano EP8 Motor.<\/p>\n<div class=\"col-md-6 col-lg-6\">\n<p><img loading=\"lazy\" decoding=\"async\" class=\"alignnone wp-image-1035 \" src=\"https:\/\/www.bicicapace.com\/wordpress\/wp-content\/uploads\/2019\/05\/Justlong-Technicals.jpg\" sizes=\"(max-width: 1312px) 100vw, 1312px\" srcset=\"https:\/\/www.bicicapace.com\/wordpress\/wp-content\/uploads\/2019\/05\/Justlong-Technicals.jpg 1312w, https:\/\/www.bicicapace.com\/wordpress\/wp-content\/uploads\/2019\/05\/Justlong-Technicals-300x171.jpg 300w, https:\/\/www.bicicapace.com\/wordpress\/wp-content\/uploads\/2019\/05\/Justlong-Technicals-768x438.jpg 768w, https:\/\/www.bicicapace.com\/wordpress\/wp-content\/uploads\/2019\/05\/Justlong-Technicals-1024x584.jpg 1024w\" alt=\"\" width=\"600\" height=\"342\" \/><\/p>\n<h3 style=\"text-align: left;\">JUSTLONG und E-JUSTLONG<\/h3>\n<p style=\"text-align: left;\">Das Justlong ist sehr komfortabel zu fahren und wirklich vielseitig.<\/p>\n<p style=\"text-align: left;\">Seine Pedelec-Version macht Ihre Fahrt noch lustiger und angenehmer.<\/p>\n<\/div>\n<div class=\"col-md-6 col-lg-6\">\n<p style=\"text-align: left;\">\n<\/div>\n","protected":false},"excerpt":{"rendered":"<p>Longtail\u00a0 verf\u00fcgt \u00fcber 20\u201d Reifen und ein starres Rahmenheck, um auch unter schweren Bedingungen eine gute Stabilit\u00e4t zu gew\u00e4hrleisten. Es k\u00f6nnte zwei Kindersitzen und\/oder einen gro\u00dfen Korb montieren, um alles zu transportieren, was Sie brauchen. Es eignet sich perfekt f\u00fcr Familienbedarf, gesch\u00e4ftliche oder berufliche Transporte. Shimano EP8 Motor. JUSTLONG und E-JUSTLONG Das Justlong ist sehr [&hellip;]<\/p>\n","protected":false},"featured_media":1670,"comment_status":"open","ping_status":"closed","template":"","meta":[],"product_brand":[],"product_cat":[23],"product_tag":[36],"class_list":{"0":"post-1669","1":"product","2":"type-product","3":"status-publish","4":"has-post-thumbnail","6":"product_cat-lastenrad","7":"product_tag-bicicapace","9":"first","10":"instock","11":"purchasable","12":"product-type-simple"},"jetpack_sharing_enabled":true,"_links":{"self":[{"href":"https:\/\/www.bakkie.de\/index.php\/wp-json\/wp\/v2\/product\/1669","targetHints":{"allow":["GET"]}}],"collection":[{"href":"https:\/\/www.bakkie.de\/index.php\/wp-json\/wp\/v2\/product"}],"about":[{"href":"https:\/\/www.bakkie.de\/index.php\/wp-json\/wp\/v2\/types\/product"}],"replies":[{"embeddable":true,"href":"https:\/\/www.bakkie.de\/index.php\/wp-json\/wp\/v2\/comments?post=1669"}],"version-history":[{"count":6,"href":"https:\/\/www.bakkie.de\/index.php\/wp-json\/wp\/v2\/product\/1669\/revisions"}],"predecessor-version":[{"id":1730,"href":"https:\/\/www.bakkie.de\/index.php\/wp-json\/wp\/v2\/product\/1669\/revisions\/1730"}],"wp:featuredmedia":[{"embeddable":true,"href":"https:\/\/www.bakkie.de\/index.php\/wp-json\/wp\/v2\/media\/1670"}],"wp:attachment":[{"href":"https:\/\/www.bakkie.de\/index.php\/wp-json\/wp\/v2\/media?parent=1669"}],"wp:term":[{"taxonomy":"product_brand","embeddable":true,"href":"https:\/\/www.bakkie.de\/index.php\/wp-json\/wp\/v2\/product_brand?post=1669"},{"taxonomy":"product_cat","embeddable":true,"href":"https:\/\/www.bakkie.de\/index.php\/wp-json\/wp\/v2\/product_cat?post=1669"},{"taxonomy":"product_tag","embeddable":true,"href":"https:\/\/www.bakkie.de\/index.php\/wp-json\/wp\/v2\/product_tag?post=1669"}],"curies":[{"name":"wp","href":"https:\/\/api.w.org\/{rel}","templated":true}]}}