{"id":1868,"date":"2024-07-27T15:43:34","date_gmt":"2024-07-27T13:43:34","guid":{"rendered":"https:\/\/www.bakkie.de\/?post_type=product&#038;p=1868"},"modified":"2025-07-01T11:39:05","modified_gmt":"2025-07-01T09:39:05","slug":"stevens-strada-800-tour-gen1-dark-navy-grosse-58","status":"publish","type":"product","link":"https:\/\/www.bakkie.de\/index.php\/product\/stevens-strada-800-tour-gen1-dark-navy-grosse-58\/","title":{"rendered":"STEVENS &#8211; STRADA 800 TOUR GEN1 &#8211; DARK NAVY &#8211; GRO\u00dfE 52"},"content":{"rendered":"<div class=\"header\">\n<h3>DATEN<\/h3>\n<dl>\n<dt><img decoding=\"async\" src=\"https:\/\/www.stevensbikes.de\/all\/img\/icons\/ausstattung\/gewicht.gif\" alt=\"\" \/>Gewicht<\/dt>\n<dd class=\"art-name\">11,9 kg<\/dd>\n<\/dl>\n<dl>\n<dt><img decoding=\"async\" src=\"https:\/\/www.stevensbikes.de\/all\/img\/icons\/ausstattung\/gewicht.gif\" alt=\"\" \/>Zul. Gesamtgewicht<\/dt>\n<dd class=\"art-name\">130 kg<\/dd>\n<\/dl>\n<dl>\n<dt><img decoding=\"async\" src=\"https:\/\/www.stevensbikes.de\/all\/img\/icons\/ausstattung\/farbe.gif\" alt=\"\" \/>Farbe(n)<\/dt>\n<dd class=\"art-name\">Dark Navy<\/dd>\n<\/dl>\n<dl>\n<dt><img decoding=\"async\" src=\"https:\/\/www.stevensbikes.de\/all\/img\/icons\/ausstattung\/groesse.gif\" alt=\"\" \/>Gr\u00f6\u00dfen<\/dt>\n<dd class=\"art-name\">52 cm<\/dd>\n<\/dl>\n<div id=\"bikedescription\">\n<h2>365 Tage Urban-Racer<\/h2>\n<p>Das STEVENS Strada 800 Tour vereint ein agil-pr\u00e4zises Fahrverhalten mit einer hochwertigen Ganzjahres-Ausstattung. Dazu geh\u00f6ren ein leistungsstarker Nabendynamo, vollwertige und dennoch leichte Schutzbleche und ein ebenso heller wie edler Supernova-Scheinwerfer. Sein steifer Rahmen in neuem, edel-mattem Dark Navy und die S-Lite Aluminium-Gabel verweisen dabei ebenso auf die Gene eines echten Urban-Racers wie der Rennrad-erprobte Shimano 105 Compact-Antrieb, die leistungsstarken hydraulischen Flatmount-Scheibenbremsen und die griffigen 37 Milliimeter breiten Continental Contact Speed-Reifen.<\/p>\n<\/div>\n<ul id=\"highlights\">\n<li>Urban-Racer mit Vollausstattung bis hin zum 205Lumen-Scheinwerfer<\/li>\n<li>Lenkpr\u00e4zise, superleichte STEVENS S-Lite Aluminium-Gabel mit QR12-Steckachse<\/li>\n<li>Optimierte Rahmensteifigkeit und -komfort dank konischen Sitzrohrs<\/li>\n<li>Shimano 105 2x11fach-Schaltung mit Compact-Kurbel<\/li>\n<li>Bissige Shimano Flatmount-Scheibenbremsen<\/li>\n<\/ul>\n<h2 class=\"h1\">AUSSTATTUNG<\/h2>\n<\/div>\n<div class=\"specs grid\">\n<section class=\"art-group\">\n<h3>CHASSIS<\/h3>\n<dl class=\"hasextra open\">\n<dt><img decoding=\"async\" src=\"https:\/\/www.stevensbikes.de\/all\/img\/icons\/ausstattung\/rohrmaterial.gif\" alt=\"\" \/>Rahmen<\/dt>\n<dd class=\"art-name\">Aluminium 6061 TB<\/dd>\n<dd class=\"tech-info\">\n<ul>\n<li>O.L.D.: 142 mm<\/li>\n<li>Bremse: Flatmount-Disc 160<\/li>\n<li>Tretlager: Pressfit BB86<\/li>\n<li>Umwerfer-Aufnahme: Schelle<\/li>\n<li>Zugverlegung: intern (Schaltung)\/extern (Bremse)<\/li>\n<li>Schutzblech- u. Gep\u00e4cktr\u00e4ger-\u00d6sen<\/li>\n<\/ul>\n<\/dd>\n<\/dl>\n<dl class=\"hasextra open\">\n<dt><img decoding=\"async\" src=\"https:\/\/www.stevensbikes.de\/all\/img\/icons\/ausstattung\/gabel.gif\" alt=\"\" \/>Gabel<\/dt>\n<dd class=\"art-name\">STEVENS S-Lite Aluminium<\/dd>\n<dd class=\"tech-info\">\n<ul>\n<li>Konischer Gabelschaft 1 1\/8&#8243; &#8211; 1 1\/2&#8243;<\/li>\n<li>O.L.D.:100 mm<\/li>\n<li>Bremse: Flatmount-Disc<\/li>\n<\/ul>\n<\/dd>\n<\/dl>\n<dl class=\"hasextra open\">\n<dt><img decoding=\"async\" src=\"https:\/\/www.stevensbikes.de\/all\/img\/icons\/ausstattung\/steuersatz.gif\" alt=\"\" \/>Steuersatz<\/dt>\n<dd class=\"art-name\">STEVENS Race Taper 1 1\/8&#8243;-1 1\/2&#8243;<\/dd>\n<dd class=\"tech-info\">\n<ul>\n<li>Obere Lagerschale: IS42\/28,6<\/li>\n<li>Untere Lagerschale: IS52\/40<\/li>\n<\/ul>\n<\/dd>\n<\/dl>\n<dl class=\"hasextra open\">\n<dt><img decoding=\"async\" src=\"https:\/\/www.stevensbikes.de\/all\/img\/icons\/ausstattung\/bremse.gif\" alt=\"\" \/>Bremse vorne<\/dt>\n<dd class=\"art-name\">Shimano BR-UR300<\/dd>\n<dd class=\"tech-info\">\n<ul>\n<li>Hydraulische Scheibenbremse<\/li>\n<\/ul>\n<\/dd>\n<\/dl>\n<dl class=\"hasextra open\">\n<dt><img decoding=\"async\" src=\"https:\/\/www.stevensbikes.de\/all\/img\/icons\/ausstattung\/bremse.gif\" alt=\"\" \/>Bremse hinten<\/dt>\n<dd class=\"art-name\">Shimano BR-UR300<\/dd>\n<dd class=\"tech-info\">\n<ul>\n<li>Hydraulische Scheibenbremse<\/li>\n<\/ul>\n<\/dd>\n<\/dl>\n<dl class=\"hasextra open\">\n<dt><img decoding=\"async\" src=\"https:\/\/www.stevensbikes.de\/all\/img\/icons\/ausstattung\/disc.gif\" alt=\"\" \/>Bremsscheiben<\/dt>\n<dd class=\"art-name\">Shimano SM-RT30<\/dd>\n<dd class=\"tech-info\">\n<ul>\n<li>Scheibendurchmesser: 160 mm<\/li>\n<li>Center-Lock<\/li>\n<\/ul>\n<\/dd>\n<\/dl>\n<div id=\"bikedescription\"><\/div>\n<ul id=\"highlights\"><\/ul>\n<\/section>\n<\/div>\n","protected":false},"excerpt":{"rendered":"<p>DATEN Gewicht 11,9 kg Zul. Gesamtgewicht 130 kg Farbe(n) Dark Navy Gr\u00f6\u00dfen 52 cm 365 Tage Urban-Racer Das STEVENS Strada 800 Tour vereint ein agil-pr\u00e4zises Fahrverhalten mit einer hochwertigen Ganzjahres-Ausstattung. Dazu geh\u00f6ren ein leistungsstarker Nabendynamo, vollwertige und dennoch leichte Schutzbleche und ein ebenso heller wie edler Supernova-Scheinwerfer. Sein steifer Rahmen in neuem, edel-mattem Dark Navy [&hellip;]<\/p>\n","protected":false},"featured_media":1870,"comment_status":"open","ping_status":"closed","template":"","meta":[],"product_brand":[],"product_cat":[25],"product_tag":[37],"class_list":{"0":"post-1868","1":"product","2":"type-product","3":"status-publish","4":"has-post-thumbnail","6":"product_cat-cityebikes","7":"product_tag-stevens","9":"first","10":"instock","11":"purchasable","12":"product-type-simple"},"jetpack_sharing_enabled":true,"_links":{"self":[{"href":"https:\/\/www.bakkie.de\/index.php\/wp-json\/wp\/v2\/product\/1868","targetHints":{"allow":["GET"]}}],"collection":[{"href":"https:\/\/www.bakkie.de\/index.php\/wp-json\/wp\/v2\/product"}],"about":[{"href":"https:\/\/www.bakkie.de\/index.php\/wp-json\/wp\/v2\/types\/product"}],"replies":[{"embeddable":true,"href":"https:\/\/www.bakkie.de\/index.php\/wp-json\/wp\/v2\/comments?post=1868"}],"version-history":[{"count":2,"href":"https:\/\/www.bakkie.de\/index.php\/wp-json\/wp\/v2\/product\/1868\/revisions"}],"predecessor-version":[{"id":2473,"href":"https:\/\/www.bakkie.de\/index.php\/wp-json\/wp\/v2\/product\/1868\/revisions\/2473"}],"wp:featuredmedia":[{"embeddable":true,"href":"https:\/\/www.bakkie.de\/index.php\/wp-json\/wp\/v2\/media\/1870"}],"wp:attachment":[{"href":"https:\/\/www.bakkie.de\/index.php\/wp-json\/wp\/v2\/media?parent=1868"}],"wp:term":[{"taxonomy":"product_brand","embeddable":true,"href":"https:\/\/www.bakkie.de\/index.php\/wp-json\/wp\/v2\/product_brand?post=1868"},{"taxonomy":"product_cat","embeddable":true,"href":"https:\/\/www.bakkie.de\/index.php\/wp-json\/wp\/v2\/product_cat?post=1868"},{"taxonomy":"product_tag","embeddable":true,"href":"https:\/\/www.bakkie.de\/index.php\/wp-json\/wp\/v2\/product_tag?post=1868"}],"curies":[{"name":"wp","href":"https:\/\/api.w.org\/{rel}","templated":true}]}}