{"id":1893,"date":"2024-07-27T17:23:03","date_gmt":"2024-07-27T15:23:03","guid":{"rendered":"https:\/\/www.bakkie.de\/?post_type=product&#038;p=1893"},"modified":"2025-06-05T12:19:07","modified_gmt":"2025-06-05T10:19:07","slug":"stevens-team-rc-gen1-chrome-blue-grosse-24","status":"publish","type":"product","link":"https:\/\/www.bakkie.de\/index.php\/product\/stevens-team-rc-gen1-chrome-blue-grosse-24\/","title":{"rendered":"STEVENS &#8211; TEAM RC GEN1 &#8211; CHROME BLUE &#8211; GRO\u00dfE 24&#8220;"},"content":{"rendered":"<h3>DATEN<\/h3>\n<dl>\n<dt><img decoding=\"async\" src=\"https:\/\/www.stevensbikes.de\/all\/img\/icons\/ausstattung\/gewicht.gif\" alt=\"\" \/>Gewicht<\/dt>\n<dd class=\"art-name\">12,4 kg<\/dd>\n<\/dl>\n<dl>\n<dt><img decoding=\"async\" src=\"https:\/\/www.stevensbikes.de\/all\/img\/icons\/ausstattung\/gewicht.gif\" alt=\"\" \/>Zul. Gesamtgewicht<\/dt>\n<dd class=\"art-name\">65 kg<\/dd>\n<\/dl>\n<dl>\n<dt><img decoding=\"async\" src=\"https:\/\/www.stevensbikes.de\/all\/img\/icons\/ausstattung\/farbe.gif\" alt=\"\" \/>Farbe(n)<\/dt>\n<dd class=\"art-name\">Chrome Blue | Shining Red<\/dd>\n<\/dl>\n<dl>\n<dt><img decoding=\"async\" src=\"https:\/\/www.stevensbikes.de\/all\/img\/icons\/ausstattung\/groesse.gif\" alt=\"\" \/>Gr\u00f6\u00dfen<\/dt>\n<dd class=\"art-name\">24&#8243;<\/dd>\n<\/dl>\n<div id=\"bikedescription\">\n<h2>Nachwuchs-F\u00f6rderprogramm<\/h2>\n<p>Wenn der ambitionierte MTB-Nachwuchs reif f\u00fcrs 24&#8243;-Format ist, findet er im STEVENS Team RC den idealen Partner f\u00fcr sportliche Ausfl\u00fcge ins Gel\u00e4nde. Sorgen um Funktionalit\u00e4t und Langlebigkeit k\u00f6nnen Sie sich dabei sparen, denn wir akzeptieren auch bei unseren Junior Bikes keine Mogelparts. Die robuste Shimano-Schaltung, zuverl\u00e4ssige CLARKS-Scheibenbremsen oder die Aluminium-Federgabel sprechen eine deutliche Sprache. Ganz zu schweigen von den brillianten Farben Shining Red und Chrome Blue.<\/p>\n<\/div>\n<ul id=\"highlights\">\n<li>Leichter Aluminiumrahmen mit Trail-Geometrie in 4 Gr\u00f6\u00dfen<\/li>\n<li>Zuverl\u00e4ssige Shimano Acera\/Altus 2x8fach-Schaltung<\/li>\n<li>Fein ansprechende Aluminium-Federgabel<\/li>\n<li>Zuverl\u00e4ssige, fein dosierbare CLARKS-Hydraulik-Scheibenbremsen<\/li>\n<li>Leichtes Oxygen-Cockpit mit Riser-Lenker<\/li>\n<\/ul>\n<div class=\"header\">\n<h2 class=\"h1\">AUSSTATTUNG<\/h2>\n<\/div>\n<div class=\"specs grid\">\n<section class=\"art-group\">\n<h3>CHASSIS<\/h3>\n<dl class=\"hasextra open\">\n<dt><img decoding=\"async\" src=\"https:\/\/www.stevensbikes.de\/all\/img\/icons\/ausstattung\/rohrmaterial.gif\" alt=\"\" \/>Rahmen<\/dt>\n<dd class=\"art-name\">Aluminium 6061 DB<\/dd>\n<dd class=\"tech-info\">\n<ul>\n<li>O.L.D.: 135 mm<\/li>\n<li>Bremse: IS-Disc<\/li>\n<li>Tretlager: BSA 73 mm<\/li>\n<li>Umwerfer-Aufnahme: Schelle<\/li>\n<li>Zugverlegung: extern<\/li>\n<li>Gep\u00e4cktr\u00e4ger-\u00d6sen<\/li>\n<\/ul>\n<\/dd>\n<\/dl>\n<dl class=\"hasextra open\">\n<dt><img decoding=\"async\" src=\"https:\/\/www.stevensbikes.de\/all\/img\/icons\/ausstattung\/gabel.gif\" alt=\"\" \/>Gabel<\/dt>\n<dd class=\"art-name\">SR Suntour XCT JR-L<\/dd>\n<dd class=\"tech-info\">\n<ul>\n<li>Federweg: 80 mm<\/li>\n<li>Stahlfeder<\/li>\n<li>Gabelschaft 1 1\/8&#8243;<\/li>\n<li>O.L.D.: 100 mm<\/li>\n<li>Bremse: Postmount-Disc 160<\/li>\n<\/ul>\n<\/dd>\n<\/dl>\n<dl class=\"hasextra open\">\n<dt><img decoding=\"async\" src=\"https:\/\/www.stevensbikes.de\/all\/img\/icons\/ausstattung\/steuersatz.gif\" alt=\"\" \/>Steuersatz<\/dt>\n<dd class=\"art-name\">STEVENS MTB 1 1\/8&#8243;<\/dd>\n<dd class=\"tech-info\">\n<ul>\n<li>Obere Lagerschale: ZS44\/28,6<\/li>\n<li>Untere Lagerschale: ZS44\/30<\/li>\n<\/ul>\n<\/dd>\n<\/dl>\n<dl class=\"hasextra open\">\n<dt><img decoding=\"async\" src=\"https:\/\/www.stevensbikes.de\/all\/img\/icons\/ausstattung\/bremse.gif\" alt=\"\" \/>Bremse vorne<\/dt>\n<dd class=\"art-name\">CLARKS M2<\/dd>\n<dd class=\"tech-info\">\n<ul>\n<li>Hydraulische Scheibenbremse<\/li>\n<\/ul>\n<\/dd>\n<\/dl>\n<dl class=\"hasextra open\">\n<dt><img decoding=\"async\" src=\"https:\/\/www.stevensbikes.de\/all\/img\/icons\/ausstattung\/bremse.gif\" alt=\"\" \/>Bremse hinten<\/dt>\n<dd class=\"art-name\">CLARKS M2<\/dd>\n<dd class=\"tech-info\">\n<ul>\n<li>Hydraulische Scheibenbremse<\/li>\n<\/ul>\n<\/dd>\n<\/dl>\n<dl class=\"hasextra open\">\n<dt><img decoding=\"async\" src=\"https:\/\/www.stevensbikes.de\/all\/img\/icons\/ausstattung\/disc.gif\" alt=\"\" \/>Bremsscheibe vorne<\/dt>\n<dd class=\"art-name\">CLARKS CL18-1<\/dd>\n<dd class=\"tech-info\">\n<ul>\n<li>Scheibendurchmesser: 180 mm<\/li>\n<li>Center-Lock<\/li>\n<\/ul>\n<\/dd>\n<\/dl>\n<dl class=\"hasextra open\">\n<dt><img decoding=\"async\" src=\"https:\/\/www.stevensbikes.de\/all\/img\/icons\/ausstattung\/disc.gif\" alt=\"\" \/>Bremsscheibe hinten<\/dt>\n<dd class=\"art-name\">CLARKS CL16-1<\/dd>\n<dd class=\"tech-info\">\n<ul>\n<li>Scheibendurchmesser: 160 mm<\/li>\n<li>Center-Lock<\/li>\n<\/ul>\n<\/dd>\n<\/dl>\n<\/section>\n<\/div>\n","protected":false},"excerpt":{"rendered":"<p>DATEN Gewicht 12,4 kg Zul. Gesamtgewicht 65 kg Farbe(n) Chrome Blue | Shining Red Gr\u00f6\u00dfen 24&#8243; Nachwuchs-F\u00f6rderprogramm Wenn der ambitionierte MTB-Nachwuchs reif f\u00fcrs 24&#8243;-Format ist, findet er im STEVENS Team RC den idealen Partner f\u00fcr sportliche Ausfl\u00fcge ins Gel\u00e4nde. Sorgen um Funktionalit\u00e4t und Langlebigkeit k\u00f6nnen Sie sich dabei sparen, denn wir akzeptieren auch bei unseren [&hellip;]<\/p>\n","protected":false},"featured_media":1895,"comment_status":"open","ping_status":"closed","template":"","meta":[],"product_brand":[],"product_cat":[38],"product_tag":[37],"class_list":{"0":"post-1893","1":"product","2":"type-product","3":"status-publish","4":"has-post-thumbnail","6":"product_cat-kinder-raeder","7":"product_tag-stevens","9":"first","10":"instock","11":"purchasable","12":"product-type-simple"},"jetpack_sharing_enabled":true,"_links":{"self":[{"href":"https:\/\/www.bakkie.de\/index.php\/wp-json\/wp\/v2\/product\/1893","targetHints":{"allow":["GET"]}}],"collection":[{"href":"https:\/\/www.bakkie.de\/index.php\/wp-json\/wp\/v2\/product"}],"about":[{"href":"https:\/\/www.bakkie.de\/index.php\/wp-json\/wp\/v2\/types\/product"}],"replies":[{"embeddable":true,"href":"https:\/\/www.bakkie.de\/index.php\/wp-json\/wp\/v2\/comments?post=1893"}],"version-history":[{"count":2,"href":"https:\/\/www.bakkie.de\/index.php\/wp-json\/wp\/v2\/product\/1893\/revisions"}],"predecessor-version":[{"id":2382,"href":"https:\/\/www.bakkie.de\/index.php\/wp-json\/wp\/v2\/product\/1893\/revisions\/2382"}],"wp:featuredmedia":[{"embeddable":true,"href":"https:\/\/www.bakkie.de\/index.php\/wp-json\/wp\/v2\/media\/1895"}],"wp:attachment":[{"href":"https:\/\/www.bakkie.de\/index.php\/wp-json\/wp\/v2\/media?parent=1893"}],"wp:term":[{"taxonomy":"product_brand","embeddable":true,"href":"https:\/\/www.bakkie.de\/index.php\/wp-json\/wp\/v2\/product_brand?post=1893"},{"taxonomy":"product_cat","embeddable":true,"href":"https:\/\/www.bakkie.de\/index.php\/wp-json\/wp\/v2\/product_cat?post=1893"},{"taxonomy":"product_tag","embeddable":true,"href":"https:\/\/www.bakkie.de\/index.php\/wp-json\/wp\/v2\/product_tag?post=1893"}],"curies":[{"name":"wp","href":"https:\/\/api.w.org\/{rel}","templated":true}]}}