{"id":1903,"date":"2024-07-27T17:30:08","date_gmt":"2024-07-27T15:30:08","guid":{"rendered":"https:\/\/www.bakkie.de\/?post_type=product&#038;p=1903"},"modified":"2025-06-04T03:35:00","modified_gmt":"2025-06-04T01:35:00","slug":"stevens-beat-sl-disc-gen2-wild-rose-grosse-20","status":"publish","type":"product","link":"https:\/\/www.bakkie.de\/index.php\/product\/stevens-beat-sl-disc-gen2-wild-rose-grosse-20\/","title":{"rendered":"STEVENS &#8211; BEAT SL DISC GEN2 &#8211; WILD ROSE &#8211; GRO\u00dfE 20&#8220;"},"content":{"rendered":"<h3>DATEN<\/h3>\n<dl>\n<dt><img decoding=\"async\" src=\"https:\/\/www.stevensbikes.de\/all\/img\/icons\/ausstattung\/gewicht.gif\" alt=\"\" \/>Gewicht<\/dt>\n<dd class=\"art-name\">9,4 kg<\/dd>\n<\/dl>\n<dl>\n<dt><img decoding=\"async\" src=\"https:\/\/www.stevensbikes.de\/all\/img\/icons\/ausstattung\/gewicht.gif\" alt=\"\" \/>Zul. Gesamtgewicht<\/dt>\n<dd class=\"art-name\">65 kg<\/dd>\n<\/dl>\n<dl>\n<dt><img decoding=\"async\" src=\"https:\/\/www.stevensbikes.de\/all\/img\/icons\/ausstattung\/farbe.gif\" alt=\"\" \/>Farbe(n)<\/dt>\n<dd class=\"art-name\">Vivid Blue | Wild Rose | Lime<\/dd>\n<\/dl>\n<dl>\n<dt><img decoding=\"async\" src=\"https:\/\/www.stevensbikes.de\/all\/img\/icons\/ausstattung\/groesse.gif\" alt=\"\" \/>Gr\u00f6\u00dfen<\/dt>\n<dd class=\"art-name\">20&#8243;<\/dd>\n<\/dl>\n<div id=\"bikedescription\">\n<h2>Achtung, Disc-Alarm!<\/h2>\n<p>Ab sofort m\u00fcssen Bike-verr\u00fcckte Kids auf nichts mehr verzichten, was auch dem leichten Hardtail von Papa oder Mama gut steht: den extra kompakten Rahmen, die superleichte Aluminiumgabel, fein dosierbare Hydraulik-Scheibenbremsen und ein 1fach-Antrieb. Und STEVENS&#8216; Ingenieure haben viel daf\u00fcr getan, dass die 10-Kilo-Messlatte nicht gerissen wird.<\/p>\n<\/div>\n<ul id=\"highlights\">\n<li>Leichter Junior-MTB-Rahmen mit besonders niedriger \u00dcberstandsh\u00f6he<\/li>\n<li>Extra leicht dank Aluminiumgabel und triple butted Aluminium-Rahmenrohren<\/li>\n<li>Hydraulik-Scheibenbremsen mit kindgerecht geringer Griffweite<\/li>\n<li>1fach-Kettenblatt f\u00fcr intuitives 8-Gang-Schalten<\/li>\n<li>Kindgerecht kurze Kurbelarme, gute Gang-Bandbreite<\/li>\n<\/ul>\n<div class=\"header\">\n<h2 class=\"h1\">AUSSTATTUNG<\/h2>\n<\/div>\n<div class=\"specs grid\">\n<section class=\"art-group\">\n<h3>CHASSIS<\/h3>\n<dl class=\"hasextra open\">\n<dt><img decoding=\"async\" src=\"https:\/\/www.stevensbikes.de\/all\/img\/icons\/ausstattung\/rohrmaterial.gif\" alt=\"\" \/>Rahmen<\/dt>\n<dd class=\"art-name\">Aluminium 6061 TB<\/dd>\n<dd class=\"tech-info\">\n<ul>\n<li>O.L.D.: 135 mm<\/li>\n<li>Bremse: IS Disc<\/li>\n<li>Tretlager: BSA 68 mm<\/li>\n<li>Zugverlegung: extern<\/li>\n<li>Gep\u00e4cktr\u00e4ger-\u00d6sen<\/li>\n<\/ul>\n<\/dd>\n<\/dl>\n<dl class=\"hasextra open\">\n<dt><img decoding=\"async\" src=\"https:\/\/www.stevensbikes.de\/all\/img\/icons\/ausstattung\/gabel.gif\" alt=\"\" \/>Gabel<\/dt>\n<dd class=\"art-name\">STEVENS Alu Unicrown<\/dd>\n<dd class=\"tech-info\">\n<ul>\n<li>Aluminium-Gabelschaft<\/li>\n<li>Gabelschaft 1 1\/8&#8243;<\/li>\n<li>O.L.D.: 100 mm<\/li>\n<li>Bremse: IS-Disc 160<\/li>\n<\/ul>\n<\/dd>\n<\/dl>\n<dl class=\"hasextra open\">\n<dt><img decoding=\"async\" src=\"https:\/\/www.stevensbikes.de\/all\/img\/icons\/ausstattung\/steuersatz.gif\" alt=\"\" \/>Steuersatz<\/dt>\n<dd class=\"art-name\">STEVENS MTB 1 1\/8&#8243;<\/dd>\n<dd class=\"tech-info\">\n<ul>\n<li>Obere Lagerschale: ZS44\/28,6<\/li>\n<li>Untere Lagerschale: ZS44\/30<\/li>\n<\/ul>\n<\/dd>\n<\/dl>\n<dl class=\"hasextra open\">\n<dt><img decoding=\"async\" src=\"https:\/\/www.stevensbikes.de\/all\/img\/icons\/ausstattung\/bremse.gif\" alt=\"\" \/>Bremse vorne<\/dt>\n<dd class=\"art-name\">Tektro HD-J285<\/dd>\n<dd class=\"tech-info\">\n<ul>\n<li>Hydraulische Scheibenbremse<\/li>\n<\/ul>\n<\/dd>\n<\/dl>\n<dl class=\"hasextra open\">\n<dt><img decoding=\"async\" src=\"https:\/\/www.stevensbikes.de\/all\/img\/icons\/ausstattung\/bremse.gif\" alt=\"\" \/>Bremse hinten<\/dt>\n<dd class=\"art-name\">Tektro HD-J285<\/dd>\n<dd class=\"tech-info\">\n<ul>\n<li>Hydraulische Scheibenbremse<\/li>\n<\/ul>\n<\/dd>\n<\/dl>\n<dl class=\"hasextra open\">\n<dt><img decoding=\"async\" src=\"https:\/\/www.stevensbikes.de\/all\/img\/icons\/ausstattung\/disc.gif\" alt=\"\" \/>Bremsscheiben<\/dt>\n<dd class=\"art-name\">Tektro TR140-22<\/dd>\n<dd class=\"tech-info\">\n<ul>\n<li>Scheibendurchmesser: 140 mm<\/li>\n<li>6-Loch<\/li>\n<\/ul>\n<\/dd>\n<\/dl>\n<\/section>\n<\/div>\n<dl>\n<dd><\/dd>\n<dd class=\"art-name\"><\/dd>\n<\/dl>\n","protected":false},"excerpt":{"rendered":"<p>DATEN Gewicht 9,4 kg Zul. Gesamtgewicht 65 kg Farbe(n) Vivid Blue | Wild Rose | Lime Gr\u00f6\u00dfen 20&#8243; Achtung, Disc-Alarm! Ab sofort m\u00fcssen Bike-verr\u00fcckte Kids auf nichts mehr verzichten, was auch dem leichten Hardtail von Papa oder Mama gut steht: den extra kompakten Rahmen, die superleichte Aluminiumgabel, fein dosierbare Hydraulik-Scheibenbremsen und ein 1fach-Antrieb. Und STEVENS&#8216; [&hellip;]<\/p>\n","protected":false},"featured_media":1905,"comment_status":"open","ping_status":"closed","template":"","meta":[],"product_brand":[],"product_cat":[38],"product_tag":[37],"class_list":{"0":"post-1903","1":"product","2":"type-product","3":"status-publish","4":"has-post-thumbnail","6":"product_cat-kinder-raeder","7":"product_tag-stevens","9":"first","10":"instock","11":"purchasable","12":"product-type-simple"},"jetpack_sharing_enabled":true,"_links":{"self":[{"href":"https:\/\/www.bakkie.de\/index.php\/wp-json\/wp\/v2\/product\/1903","targetHints":{"allow":["GET"]}}],"collection":[{"href":"https:\/\/www.bakkie.de\/index.php\/wp-json\/wp\/v2\/product"}],"about":[{"href":"https:\/\/www.bakkie.de\/index.php\/wp-json\/wp\/v2\/types\/product"}],"replies":[{"embeddable":true,"href":"https:\/\/www.bakkie.de\/index.php\/wp-json\/wp\/v2\/comments?post=1903"}],"version-history":[{"count":1,"href":"https:\/\/www.bakkie.de\/index.php\/wp-json\/wp\/v2\/product\/1903\/revisions"}],"predecessor-version":[{"id":1907,"href":"https:\/\/www.bakkie.de\/index.php\/wp-json\/wp\/v2\/product\/1903\/revisions\/1907"}],"wp:featuredmedia":[{"embeddable":true,"href":"https:\/\/www.bakkie.de\/index.php\/wp-json\/wp\/v2\/media\/1905"}],"wp:attachment":[{"href":"https:\/\/www.bakkie.de\/index.php\/wp-json\/wp\/v2\/media?parent=1903"}],"wp:term":[{"taxonomy":"product_brand","embeddable":true,"href":"https:\/\/www.bakkie.de\/index.php\/wp-json\/wp\/v2\/product_brand?post=1903"},{"taxonomy":"product_cat","embeddable":true,"href":"https:\/\/www.bakkie.de\/index.php\/wp-json\/wp\/v2\/product_cat?post=1903"},{"taxonomy":"product_tag","embeddable":true,"href":"https:\/\/www.bakkie.de\/index.php\/wp-json\/wp\/v2\/product_tag?post=1903"}],"curies":[{"name":"wp","href":"https:\/\/api.w.org\/{rel}","templated":true}]}}