{"id":1926,"date":"2024-07-29T14:58:04","date_gmt":"2024-07-29T12:58:04","guid":{"rendered":"https:\/\/www.bakkie.de\/?post_type=product&#038;p=1926"},"modified":"2025-06-06T04:04:17","modified_gmt":"2025-06-06T02:04:17","slug":"borough-roll-top-bag-l-25-liter-navy-wasserdicht","status":"publish","type":"product","link":"https:\/\/www.bakkie.de\/index.php\/product\/borough-roll-top-bag-l-25-liter-navy-wasserdicht\/","title":{"rendered":"Borough Roll Top Bag (L) &#8211; 28 Liter &#8211; Grau"},"content":{"rendered":"<p>Unsere Lieblingstasche &#8211;\u00a0 bei uns t\u00e4glich im Einsatz und im H\u00e4rtetest. Gro\u00dfes Ladevolumen und maximale Flexibilit\u00e4t.<\/p>\n<p>Die Vordertaschen machen ein Brompton noch praktischer. Mit freiem R\u00fccken bist du noch freier unterwegs. Der niedrige Schwerpunkt und zus\u00e4tzliches Gewicht auf der Vorderachse verbessern sogar die Fahreigenschaften &#8211; finden wir. Durch die direkte Montage an den Rahmen wird die Tasche eins mit dem Brompton und erschwert nicht das Lenken.<\/p>\n<p><strong>Ein durchdachtes Design:<\/strong><\/p>\n<ul>\n<li>Passt sich flexibel der Beladung an<\/li>\n<li>Gef\u00fcttertes Innenfach f\u00fcr den Laptop mit Kabeltasche<\/li>\n<li>mit zwei gro\u00dfen Taschen an der R\u00fcckseite f\u00fcr Wasserflasche, Smartphone, etc.<\/li>\n<li>zwei elastische Taschen an der Seite<\/li>\n<li>Helme oder Taschen k\u00f6nnen vorne verzurrt werden<\/li>\n<li>h\u00e4lt moderatem Regen stand<\/li>\n<li>inklusive reflektierendem Regen-\u00dcberzug<\/li>\n<li>abnehmbarer Schulterriemen<\/li>\n<li>Handschuhfreundliche Rei\u00dfverschl\u00fcsse<\/li>\n<li>perfekt f\u00fcr Alltag und Reisen<\/li>\n<\/ul>\n<p><strong>Spezifikationen:<\/strong><\/p>\n<ul>\n<li>Ben\u00f6tigt den Brompton Front-Gep\u00e4cktr\u00e4gerblock<\/li>\n<li>Kompatibel mit allen Brompton Lenkern<\/li>\n<li>Gr\u00f6\u00dfe: 28 Liter<\/li>\n<li>Ma\u00dfe: ca. 40x30x20 cm<\/li>\n<li>Au\u00dfenmaterial: 1000D Cordura Broken Twill mit PU Beschichtung<\/li>\n<li>Innenmaterial: 100% Nylon<\/li>\n<\/ul>\n","protected":false},"excerpt":{"rendered":"<p>Unsere Lieblingstasche &#8211;\u00a0 bei uns t\u00e4glich im Einsatz und im H\u00e4rtetest. Gro\u00dfes Ladevolumen und maximale Flexibilit\u00e4t. Die Vordertaschen machen ein Brompton noch praktischer. Mit freiem R\u00fccken bist du noch freier unterwegs. Der niedrige Schwerpunkt und zus\u00e4tzliches Gewicht auf der Vorderachse verbessern sogar die Fahreigenschaften &#8211; finden wir. Durch die direkte Montage an den Rahmen wird [&hellip;]<\/p>\n","protected":false},"featured_media":1933,"comment_status":"open","ping_status":"closed","template":"","meta":[],"product_brand":[],"product_cat":[39,34],"product_tag":[35],"class_list":{"0":"post-1926","1":"product","2":"type-product","3":"status-publish","4":"has-post-thumbnail","6":"product_cat-accessories","7":"product_cat-faltraeder","8":"product_tag-brompton","10":"first","11":"instock","12":"purchasable","13":"product-type-simple"},"jetpack_sharing_enabled":true,"_links":{"self":[{"href":"https:\/\/www.bakkie.de\/index.php\/wp-json\/wp\/v2\/product\/1926","targetHints":{"allow":["GET"]}}],"collection":[{"href":"https:\/\/www.bakkie.de\/index.php\/wp-json\/wp\/v2\/product"}],"about":[{"href":"https:\/\/www.bakkie.de\/index.php\/wp-json\/wp\/v2\/types\/product"}],"replies":[{"embeddable":true,"href":"https:\/\/www.bakkie.de\/index.php\/wp-json\/wp\/v2\/comments?post=1926"}],"version-history":[{"count":3,"href":"https:\/\/www.bakkie.de\/index.php\/wp-json\/wp\/v2\/product\/1926\/revisions"}],"predecessor-version":[{"id":1932,"href":"https:\/\/www.bakkie.de\/index.php\/wp-json\/wp\/v2\/product\/1926\/revisions\/1932"}],"wp:featuredmedia":[{"embeddable":true,"href":"https:\/\/www.bakkie.de\/index.php\/wp-json\/wp\/v2\/media\/1933"}],"wp:attachment":[{"href":"https:\/\/www.bakkie.de\/index.php\/wp-json\/wp\/v2\/media?parent=1926"}],"wp:term":[{"taxonomy":"product_brand","embeddable":true,"href":"https:\/\/www.bakkie.de\/index.php\/wp-json\/wp\/v2\/product_brand?post=1926"},{"taxonomy":"product_cat","embeddable":true,"href":"https:\/\/www.bakkie.de\/index.php\/wp-json\/wp\/v2\/product_cat?post=1926"},{"taxonomy":"product_tag","embeddable":true,"href":"https:\/\/www.bakkie.de\/index.php\/wp-json\/wp\/v2\/product_tag?post=1926"}],"curies":[{"name":"wp","href":"https:\/\/api.w.org\/{rel}","templated":true}]}}