{"id":2019,"date":"2024-08-04T16:40:34","date_gmt":"2024-08-04T14:40:34","guid":{"rendered":"https:\/\/www.bakkie.de\/?post_type=product&#038;p=2019"},"modified":"2025-06-03T18:57:35","modified_gmt":"2025-06-03T16:57:35","slug":"geschenkgutschein-kitendo-2","status":"publish","type":"product","link":"https:\/\/www.bakkie.de\/index.php\/product\/geschenkgutschein-kitendo-2\/","title":{"rendered":"Geschenkgutschein &#8211; Kitendo"},"content":{"rendered":"<p><strong>Dein Geschenk, direkt und pers\u00f6nlich an Deine Lieben verschickt!<\/strong><\/p>\n<p>Bestelle einen Geschenkgutschein f\u00fcr Verwandte oder Freunde auf unserer Website.<\/p>\n<p>Wir f\u00fcgen den von dir hier eingegebenen Gru\u00dftext per Hand ein und verschicken den Gutschein mit dem von Dir ausgew\u00e4hlten Betrag direkt per Post an deine Wunschperson.<\/p>\n<p>Hierf\u00fcr bitte die Adresse des gl\u00fccklichen Empf\u00e4ngers mit Gru\u00dftext gleich mit angeben.<\/p>\n","protected":false},"excerpt":{"rendered":"<p>Dein Geschenk, direkt und pers\u00f6nlich an Deine Lieben verschickt! Bestelle einen Geschenkgutschein f\u00fcr Verwandte oder Freunde auf unserer Website. Wir f\u00fcgen den von dir hier eingegebenen Gru\u00dftext per Hand ein und verschicken den Gutschein mit dem von Dir ausgew\u00e4hlten Betrag direkt per Post an deine Wunschperson. Hierf\u00fcr bitte die Adresse des gl\u00fccklichen Empf\u00e4ngers mit Gru\u00dftext [&hellip;]<\/p>\n","protected":false},"featured_media":2020,"comment_status":"open","ping_status":"closed","template":"","meta":[],"product_brand":[],"product_cat":[39],"product_tag":[36,24,35,33,30,28,29,37,32,31,26],"class_list":{"0":"post-2019","1":"product","2":"type-product","3":"status-publish","4":"has-post-thumbnail","6":"product_cat-accessories","7":"product_tag-bicicapace","8":"product_tag-black-iron-horse","9":"product_tag-brompton","10":"product_tag-chike","11":"product_tag-iumentum","12":"product_tag-kayza","13":"product_tag-pfautec","14":"product_tag-stevens","15":"product_tag-thule","16":"product_tag-tricargo","17":"product_tag-victoria","19":"first","20":"instock","21":"purchasable","22":"product-type-simple"},"jetpack_sharing_enabled":true,"_links":{"self":[{"href":"https:\/\/www.bakkie.de\/index.php\/wp-json\/wp\/v2\/product\/2019","targetHints":{"allow":["GET"]}}],"collection":[{"href":"https:\/\/www.bakkie.de\/index.php\/wp-json\/wp\/v2\/product"}],"about":[{"href":"https:\/\/www.bakkie.de\/index.php\/wp-json\/wp\/v2\/types\/product"}],"replies":[{"embeddable":true,"href":"https:\/\/www.bakkie.de\/index.php\/wp-json\/wp\/v2\/comments?post=2019"}],"version-history":[{"count":1,"href":"https:\/\/www.bakkie.de\/index.php\/wp-json\/wp\/v2\/product\/2019\/revisions"}],"predecessor-version":[{"id":2021,"href":"https:\/\/www.bakkie.de\/index.php\/wp-json\/wp\/v2\/product\/2019\/revisions\/2021"}],"wp:featuredmedia":[{"embeddable":true,"href":"https:\/\/www.bakkie.de\/index.php\/wp-json\/wp\/v2\/media\/2020"}],"wp:attachment":[{"href":"https:\/\/www.bakkie.de\/index.php\/wp-json\/wp\/v2\/media?parent=2019"}],"wp:term":[{"taxonomy":"product_brand","embeddable":true,"href":"https:\/\/www.bakkie.de\/index.php\/wp-json\/wp\/v2\/product_brand?post=2019"},{"taxonomy":"product_cat","embeddable":true,"href":"https:\/\/www.bakkie.de\/index.php\/wp-json\/wp\/v2\/product_cat?post=2019"},{"taxonomy":"product_tag","embeddable":true,"href":"https:\/\/www.bakkie.de\/index.php\/wp-json\/wp\/v2\/product_tag?post=2019"}],"curies":[{"name":"wp","href":"https:\/\/api.w.org\/{rel}","templated":true}]}}