{"id":2032,"date":"2024-08-05T23:40:41","date_gmt":"2024-08-05T21:40:41","guid":{"rendered":"https:\/\/www.bakkie.de\/?post_type=product&#038;p=2032"},"modified":"2024-09-19T15:52:54","modified_gmt":"2024-09-19T13:52:54","slug":"stevens-atb-galant-lite-gent-silver-blue-grosse-55","status":"publish","type":"product","link":"https:\/\/www.bakkie.de\/index.php\/product\/stevens-atb-galant-lite-gent-silver-blue-grosse-55\/","title":{"rendered":"STEVENS &#8211; ATB GALANT LITE &#8211; GENT &#8211;  SILVER BLUE &#8211; GRO\u00dfE 55"},"content":{"rendered":"<h3>Daten<\/h3>\n<dl>\n<dt><img decoding=\"async\" src=\"https:\/\/www.stevensbikes.de\/all\/img\/icons\/ausstattung\/gewicht.gif\" alt=\"\" \/>Gewicht<\/dt>\n<dd class=\"art-name\">15,3 kg<\/dd>\n<\/dl>\n<dl>\n<dt><img decoding=\"async\" src=\"https:\/\/www.stevensbikes.de\/all\/img\/icons\/ausstattung\/gewicht.gif\" alt=\"\" \/>Zul. Gesamtgewicht<\/dt>\n<dd class=\"art-name\">130 kg<\/dd>\n<\/dl>\n<dl>\n<dt><img decoding=\"async\" src=\"https:\/\/www.stevensbikes.de\/all\/img\/icons\/ausstattung\/farbe.gif\" alt=\"\" \/>Farbe(n)<\/dt>\n<dd class=\"art-name\">Silver Blue<\/dd>\n<\/dl>\n<dl>\n<dt><img decoding=\"async\" src=\"https:\/\/www.stevensbikes.de\/all\/img\/icons\/ausstattung\/groesse.gif\" alt=\"\" \/>Gr\u00f6\u00dfen<\/dt>\n<dd class=\"art-name\">G 55 cm<\/dd>\n<\/dl>\n<div id=\"bikedescription\">\n<h2>Mehr als Schall und Rauch.<\/h2>\n<p>Busch+M\u00fcller Avy und Toplight 2C+. Shimano Alivio und BR-MT200. Schwalbe Citizen Active-Line. Selle Royal Nuvola. Mit den Aufschriften der Bauteile eines Galant Lite lie\u00dfe sich eine ganze Seite f\u00fcllen. Sie stehen f\u00fcr die durchg\u00e4ngig hohe Qualit\u00e4t der ausgew\u00e4hlten Zutaten. Doch die wichtigste Aufschrift hei\u00dft STEVENS: Sie steht f\u00fcr perfekt ausgewogenen Fahrspa\u00df.<\/p>\n<\/div>\n<ul id=\"highlights\">\n<li>Schlankes, extra leichtes Alltags- und Tourenrad<\/li>\n<li>Steifigkeits-optimierter double butted Aluminiumrahmen<\/li>\n<li>Leichte, lenkstabile Aluminiumgabel<\/li>\n<li>Zuverl\u00e4ssiger Sunrace 3x9fach-Schaltung<\/li>\n<li>Nabendynamo und Busch + M\u00fcller LED-Beleuchtung<\/li>\n<\/ul>\n<div class=\"header\">\n<h2 class=\"h1\">Ausstattung<\/h2>\n<\/div>\n<p class=\"warning-delivery\"><i class=\"icon ti-info-alt\"><\/i>Abbildung kann abweichen. \u00c4nderungen der Ausstattung aufgrund von Problemen in den Lieferketten vorbehalten.<\/p>\n<div class=\"specs grid\">\n<section class=\"art-group\">\n<h3>Chassis<\/h3>\n<dl class=\"hasextra open\">\n<dt><img decoding=\"async\" src=\"https:\/\/www.stevensbikes.de\/all\/img\/icons\/ausstattung\/rohrmaterial.gif\" alt=\"\" \/>Rahmen<\/dt>\n<dd class=\"art-name\">Aluminium 6061 DB<\/dd>\n<dd class=\"tech-info\">\n<ul>\n<li>O.L.D.: 135 mm<\/li>\n<li>Bremse: IS-Disc<\/li>\n<li>Tretlager: BSA 68 mm<\/li>\n<li>Umwerfer-Aufnahme: Schelle<\/li>\n<li>Zugverlegung: extern<\/li>\n<li>Schutzblech- u. Gep\u00e4cktr\u00e4ger-\u00d6sen<\/li>\n<\/ul>\n<\/dd>\n<\/dl>\n<dl class=\"hasextra open\">\n<dt><img decoding=\"async\" src=\"https:\/\/www.stevensbikes.de\/all\/img\/icons\/ausstattung\/gabel.gif\" alt=\"\" \/>Gabel<\/dt>\n<dd class=\"art-name\">STEVENS S-Lite Aluminium<\/dd>\n<dd class=\"tech-info\">\n<ul>\n<li>Gabelschaft 1 1\/8&#8243;<\/li>\n<li>O.L.D.: 100 mm<\/li>\n<li>Bremse: Postmount-Disc 180<\/li>\n<li>Schutzblech- und Lowrider-\u00d6sen<\/li>\n<\/ul>\n<\/dd>\n<\/dl>\n<dl class=\"hasextra open\">\n<dt><img decoding=\"async\" src=\"https:\/\/www.stevensbikes.de\/all\/img\/icons\/ausstattung\/steuersatz.gif\" alt=\"\" \/>Steuersatz<\/dt>\n<dd class=\"art-name\">STEVENS AH 1 1\/8&#8243;<\/dd>\n<dd class=\"tech-info\">\n<ul>\n<li>Obere Lagerschale: ZS44\/28,6<\/li>\n<li>Untere Lagerschale: ZS44\/30<\/li>\n<\/ul>\n<\/dd>\n<\/dl>\n<dl class=\"hasextra open\">\n<dt><img decoding=\"async\" src=\"https:\/\/www.stevensbikes.de\/all\/img\/icons\/ausstattung\/bremse.gif\" alt=\"\" \/>Bremse vorne<\/dt>\n<dd class=\"art-name\">Shimano BR-MT200<\/dd>\n<dd class=\"tech-info\">\n<ul>\n<li>Hydraulische Scheibenbremse<\/li>\n<\/ul>\n<\/dd>\n<\/dl>\n<dl class=\"hasextra open\">\n<dt><img decoding=\"async\" src=\"https:\/\/www.stevensbikes.de\/all\/img\/icons\/ausstattung\/bremse.gif\" alt=\"\" \/>Bremse hinten<\/dt>\n<dd class=\"art-name\">Shimano BR-MT200<\/dd>\n<dd class=\"tech-info\">\n<ul>\n<li>Hydraulische Scheibenbremse<\/li>\n<\/ul>\n<\/dd>\n<\/dl>\n<dl class=\"hasextra open\">\n<dt><img decoding=\"async\" src=\"https:\/\/www.stevensbikes.de\/all\/img\/icons\/ausstattung\/disc.gif\" alt=\"\" \/>Bremsscheibe vorne<\/dt>\n<dd class=\"art-name\">Shimano SM-RT30<\/dd>\n<dd class=\"tech-info\">\n<ul>\n<li>Scheibendurchmesser: 180 mm<\/li>\n<li>Center-Lock<\/li>\n<\/ul>\n<\/dd>\n<\/dl>\n<dl class=\"hasextra open\">\n<dt><img decoding=\"async\" src=\"https:\/\/www.stevensbikes.de\/all\/img\/icons\/ausstattung\/disc.gif\" alt=\"\" \/>Bremsscheibe hinten<\/dt>\n<dd class=\"art-name\">Shimano SM-RT30<\/dd>\n<dd class=\"tech-info\">\n<ul>\n<li>Scheibendurchmesser: 160 mm<\/li>\n<li>Center-Lock<\/li>\n<\/ul>\n<\/dd>\n<\/dl>\n<\/section>\n<\/div>\n","protected":false},"excerpt":{"rendered":"<p>Daten Gewicht 15,3 kg Zul. Gesamtgewicht 130 kg Farbe(n) Silver Blue Gr\u00f6\u00dfen G 55 cm Mehr als Schall und Rauch. Busch+M\u00fcller Avy und Toplight 2C+. Shimano Alivio und BR-MT200. Schwalbe Citizen Active-Line. Selle Royal Nuvola. Mit den Aufschriften der Bauteile eines Galant Lite lie\u00dfe sich eine ganze Seite f\u00fcllen. Sie stehen f\u00fcr die durchg\u00e4ngig hohe [&hellip;]<\/p>\n","protected":false},"featured_media":2033,"comment_status":"open","ping_status":"closed","template":"","meta":[],"product_brand":[],"product_cat":[25],"product_tag":[37],"class_list":{"0":"post-2032","1":"product","2":"type-product","3":"status-publish","4":"has-post-thumbnail","6":"product_cat-cityebikes","7":"product_tag-stevens","9":"first","10":"instock","11":"purchasable","12":"product-type-simple"},"jetpack_sharing_enabled":true,"_links":{"self":[{"href":"https:\/\/www.bakkie.de\/index.php\/wp-json\/wp\/v2\/product\/2032","targetHints":{"allow":["GET"]}}],"collection":[{"href":"https:\/\/www.bakkie.de\/index.php\/wp-json\/wp\/v2\/product"}],"about":[{"href":"https:\/\/www.bakkie.de\/index.php\/wp-json\/wp\/v2\/types\/product"}],"replies":[{"embeddable":true,"href":"https:\/\/www.bakkie.de\/index.php\/wp-json\/wp\/v2\/comments?post=2032"}],"version-history":[{"count":1,"href":"https:\/\/www.bakkie.de\/index.php\/wp-json\/wp\/v2\/product\/2032\/revisions"}],"predecessor-version":[{"id":2036,"href":"https:\/\/www.bakkie.de\/index.php\/wp-json\/wp\/v2\/product\/2032\/revisions\/2036"}],"wp:featuredmedia":[{"embeddable":true,"href":"https:\/\/www.bakkie.de\/index.php\/wp-json\/wp\/v2\/media\/2033"}],"wp:attachment":[{"href":"https:\/\/www.bakkie.de\/index.php\/wp-json\/wp\/v2\/media?parent=2032"}],"wp:term":[{"taxonomy":"product_brand","embeddable":true,"href":"https:\/\/www.bakkie.de\/index.php\/wp-json\/wp\/v2\/product_brand?post=2032"},{"taxonomy":"product_cat","embeddable":true,"href":"https:\/\/www.bakkie.de\/index.php\/wp-json\/wp\/v2\/product_cat?post=2032"},{"taxonomy":"product_tag","embeddable":true,"href":"https:\/\/www.bakkie.de\/index.php\/wp-json\/wp\/v2\/product_tag?post=2032"}],"curies":[{"name":"wp","href":"https:\/\/api.w.org\/{rel}","templated":true}]}}