{"id":2052,"date":"2024-08-06T00:09:12","date_gmt":"2024-08-05T22:09:12","guid":{"rendered":"https:\/\/www.bakkie.de\/?post_type=product&#038;p=2052"},"modified":"2024-09-19T15:53:14","modified_gmt":"2024-09-19T13:53:14","slug":"stevens-mtb-sentiero-29-mystic-black-grosse-20","status":"publish","type":"product","link":"https:\/\/www.bakkie.de\/index.php\/product\/stevens-mtb-sentiero-29-mystic-black-grosse-20\/","title":{"rendered":"STEVENS &#8211; MTB &#8211; SENTIERO 29&#8243; &#8211; MYSTIC BLACK -GRO\u00dfE 20&#8243;"},"content":{"rendered":"<h2>Top-Features f\u00fcr sportliche Trail-Novizen.<\/h2>\n<p>Auch beim Einstieg in die sportliche Hardtail-Klasse verzichtet STEVENS auf Schwachstellen \u2013 stattdessen begeistert das Sentiero mit seinem hochwertigen Aluminiumrahmen mit konischem Steuerrohr und geschmiedeten Postmount-Bremsaufnahmen, einem kompletten Shimano SLX\/Deore 1x12fach-Antrieb und derselben agilen Geometrie mit Rahmenh\u00f6hen-spezifischer Laufradgr\u00f6\u00dfe wie beim Top-Modell Colorado 401. Oder fahren Sie gar auf den edlen &#8222;Mystic Black&#8220;-Look des Sentiero ab?<\/p>\n<ul id=\"highlights\">\n<li>Laufruhiges Aluminium-Hardtail f\u00fcr Rundum-sorglos-Touren<\/li>\n<li>Hochwertige Fox 32 Float Rhythm Luftfedergabel mit Lockout-Fernbedienung und Steckachse<\/li>\n<li>Kompletter Shimano SLX\/Deore 1x12fach-Antrieb<\/li>\n<li>Starke Shimano BR-MT410-Scheibenbremsen<\/li>\n<li>740 mm Lenkerbreite f\u00fcr maximale Kontrolle<\/li>\n<\/ul>\n","protected":false},"excerpt":{"rendered":"<p>Top-Features f\u00fcr sportliche Trail-Novizen. Auch beim Einstieg in die sportliche Hardtail-Klasse verzichtet STEVENS auf Schwachstellen \u2013 stattdessen begeistert das Sentiero mit seinem hochwertigen Aluminiumrahmen mit konischem Steuerrohr und geschmiedeten Postmount-Bremsaufnahmen, einem kompletten Shimano SLX\/Deore 1x12fach-Antrieb und derselben agilen Geometrie mit Rahmenh\u00f6hen-spezifischer Laufradgr\u00f6\u00dfe wie beim Top-Modell Colorado 401. Oder fahren Sie gar auf den edlen &#8222;Mystic [&hellip;]<\/p>\n","protected":false},"featured_media":2053,"comment_status":"open","ping_status":"closed","template":"","meta":[],"product_brand":[],"product_cat":[40],"product_tag":[37],"class_list":{"0":"post-2052","1":"product","2":"type-product","3":"status-publish","4":"has-post-thumbnail","6":"product_cat-mtb","7":"product_tag-stevens","9":"first","10":"instock","11":"purchasable","12":"product-type-simple"},"jetpack_sharing_enabled":true,"_links":{"self":[{"href":"https:\/\/www.bakkie.de\/index.php\/wp-json\/wp\/v2\/product\/2052","targetHints":{"allow":["GET"]}}],"collection":[{"href":"https:\/\/www.bakkie.de\/index.php\/wp-json\/wp\/v2\/product"}],"about":[{"href":"https:\/\/www.bakkie.de\/index.php\/wp-json\/wp\/v2\/types\/product"}],"replies":[{"embeddable":true,"href":"https:\/\/www.bakkie.de\/index.php\/wp-json\/wp\/v2\/comments?post=2052"}],"version-history":[{"count":1,"href":"https:\/\/www.bakkie.de\/index.php\/wp-json\/wp\/v2\/product\/2052\/revisions"}],"predecessor-version":[{"id":2056,"href":"https:\/\/www.bakkie.de\/index.php\/wp-json\/wp\/v2\/product\/2052\/revisions\/2056"}],"wp:featuredmedia":[{"embeddable":true,"href":"https:\/\/www.bakkie.de\/index.php\/wp-json\/wp\/v2\/media\/2053"}],"wp:attachment":[{"href":"https:\/\/www.bakkie.de\/index.php\/wp-json\/wp\/v2\/media?parent=2052"}],"wp:term":[{"taxonomy":"product_brand","embeddable":true,"href":"https:\/\/www.bakkie.de\/index.php\/wp-json\/wp\/v2\/product_brand?post=2052"},{"taxonomy":"product_cat","embeddable":true,"href":"https:\/\/www.bakkie.de\/index.php\/wp-json\/wp\/v2\/product_cat?post=2052"},{"taxonomy":"product_tag","embeddable":true,"href":"https:\/\/www.bakkie.de\/index.php\/wp-json\/wp\/v2\/product_tag?post=2052"}],"curies":[{"name":"wp","href":"https:\/\/api.w.org\/{rel}","templated":true}]}}