{"id":2102,"date":"2024-08-12T22:15:01","date_gmt":"2024-08-12T20:15:01","guid":{"rendered":"https:\/\/www.bakkie.de\/?post_type=product&#038;p=2102"},"modified":"2024-09-19T15:53:34","modified_gmt":"2024-09-19T13:53:34","slug":"egret-x-mit-extragrossen-125-luftreifen-e-scooter-graphit-grey","status":"publish","type":"product","link":"https:\/\/www.bakkie.de\/index.php\/product\/egret-x-mit-extragrossen-125-luftreifen-e-scooter-graphit-grey\/","title":{"rendered":"EGRET X+ mit EXTRAGRO\u00dfEN 12,5&#8243; Luftreifen &#8211; E-SCOOTER &#8211; Grau &#8211; Gr\u00fcn &#8211; Beige"},"content":{"rendered":"<h2>So vielf\u00e4ltig wie die bew\u00e4ltigten Untergr\u00fcnde<\/h2>\n<p>Als echter Outdoor-Spezialist gibt es den Egret X<sup>+<\/sup> in passender, neuer Farbvielfalt neben dem Klassiker Graphite Grau auch in den Farben Wald-Gr\u00fcn und Stein-Wei\u00df.<\/p>\n<p>Alle Farben sind erh\u00e4ltlich mit Stra\u00dfenzulassung (max. Geschwindigkeit 20 km\/h).<\/p>\n<h2>Unaufhaltsam best\u00e4ndig<\/h2>\n<p>Der Egret X<sup>+<\/sup>\u00a0performt auch neben der Spur. Seine gro\u00dfen Reifen und der puristisch designte Rohrrahmen mit robusten Aluminiumschutzblechen eignen sich ideal f\u00fcr spontane Touren in die Natur.<\/p>\n<h2>F\u00fcr den Komfort zeigen sie Gr\u00f6\u00dfe<\/h2>\n<p>Beim Egret X<sup>+<\/sup>\u00a0sind besonders gro\u00dfe 12,5&#8243;-Luftreifen aufgezogen. Mit ihnen beh\u00e4lt dein Allrounder auch auf anspruchsvollen Untergr\u00fcnden die Bodenhaftung. Das Gef\u00fchl hoher Laufruhe und Stabilit\u00e4t kannst du in jedem Terrain genie\u00dfen, denn die Reifen reagieren unbeeindruckt auf unebene Untergr\u00fcnde.<\/p>\n<h2 style=\"text-align: left;\" align=\"center\">Extrem lang voller Energie<\/h2>\n<p style=\"text-align: left;\" align=\"center\">Beim Egret X<sup>+<\/sup>\u00a0kannst du sicher sein, dass dir auch fern von Steckdosen nicht<br \/>\nder Saft ausgeht. Der im Rahmen integrierte Akku mit leistungsstarker Technologie<br \/>\nbietet eine Reichweite von bis zu 60 km.<\/p>\n<p style=\"text-align: left;\" align=\"center\">F\u00fcr weitere Informationen <a href=\"https:\/\/my-egret.com\/de\/e-scooter\/x\/\" target=\"_blank\" rel=\"noopener\">hier klicken.<\/a><\/p>\n","protected":false},"excerpt":{"rendered":"<p>So vielf\u00e4ltig wie die bew\u00e4ltigten Untergr\u00fcnde Als echter Outdoor-Spezialist gibt es den Egret X+ in passender, neuer Farbvielfalt neben dem Klassiker Graphite Grau auch in den Farben Wald-Gr\u00fcn und Stein-Wei\u00df. Alle Farben sind erh\u00e4ltlich mit Stra\u00dfenzulassung (max. Geschwindigkeit 20 km\/h). Unaufhaltsam best\u00e4ndig Der Egret X+\u00a0performt auch neben der Spur. Seine gro\u00dfen Reifen und der puristisch [&hellip;]<\/p>\n","protected":false},"featured_media":2148,"comment_status":"open","ping_status":"closed","template":"","meta":[],"product_brand":[],"product_cat":[40],"product_tag":[41],"class_list":{"0":"post-2102","1":"product","2":"type-product","3":"status-publish","4":"has-post-thumbnail","6":"product_cat-mtb","7":"product_tag-egret","9":"first","10":"instock","11":"purchasable","12":"product-type-simple"},"jetpack_sharing_enabled":true,"_links":{"self":[{"href":"https:\/\/www.bakkie.de\/index.php\/wp-json\/wp\/v2\/product\/2102","targetHints":{"allow":["GET"]}}],"collection":[{"href":"https:\/\/www.bakkie.de\/index.php\/wp-json\/wp\/v2\/product"}],"about":[{"href":"https:\/\/www.bakkie.de\/index.php\/wp-json\/wp\/v2\/types\/product"}],"replies":[{"embeddable":true,"href":"https:\/\/www.bakkie.de\/index.php\/wp-json\/wp\/v2\/comments?post=2102"}],"version-history":[{"count":6,"href":"https:\/\/www.bakkie.de\/index.php\/wp-json\/wp\/v2\/product\/2102\/revisions"}],"predecessor-version":[{"id":2152,"href":"https:\/\/www.bakkie.de\/index.php\/wp-json\/wp\/v2\/product\/2102\/revisions\/2152"}],"wp:featuredmedia":[{"embeddable":true,"href":"https:\/\/www.bakkie.de\/index.php\/wp-json\/wp\/v2\/media\/2148"}],"wp:attachment":[{"href":"https:\/\/www.bakkie.de\/index.php\/wp-json\/wp\/v2\/media?parent=2102"}],"wp:term":[{"taxonomy":"product_brand","embeddable":true,"href":"https:\/\/www.bakkie.de\/index.php\/wp-json\/wp\/v2\/product_brand?post=2102"},{"taxonomy":"product_cat","embeddable":true,"href":"https:\/\/www.bakkie.de\/index.php\/wp-json\/wp\/v2\/product_cat?post=2102"},{"taxonomy":"product_tag","embeddable":true,"href":"https:\/\/www.bakkie.de\/index.php\/wp-json\/wp\/v2\/product_tag?post=2102"}],"curies":[{"name":"wp","href":"https:\/\/api.w.org\/{rel}","templated":true}]}}