{"id":2178,"date":"2024-08-23T14:09:00","date_gmt":"2024-08-23T12:09:00","guid":{"rendered":"https:\/\/www.bakkie.de\/?post_type=product&#038;p=2178"},"modified":"2024-09-19T16:48:46","modified_gmt":"2024-09-19T14:48:46","slug":"stevens-e-courier-luxe-stealth-black-grosse-58","status":"publish","type":"product","link":"https:\/\/www.bakkie.de\/index.php\/product\/stevens-e-courier-luxe-stealth-black-grosse-58\/","title":{"rendered":"STEVENS &#8211; E-COURIER LUXE &#8211; STEALTH BLACK &#8211; GRO\u00dfE 58"},"content":{"rendered":"<div id=\"bikedescription\">\n<h3>Daten<\/h3>\n<dl>\n<dt><img decoding=\"async\" src=\"https:\/\/www.stevensbikes.de\/all\/img\/icons\/ausstattung\/gewicht.gif\" alt=\"\" \/>Gewicht<\/dt>\n<dd class=\"art-name\">26,8 kg<\/dd>\n<\/dl>\n<dl>\n<dt><img decoding=\"async\" src=\"https:\/\/www.stevensbikes.de\/all\/img\/icons\/ausstattung\/gewicht.gif\" alt=\"\" \/>Zul. Gesamtgewicht<\/dt>\n<dd class=\"art-name\">140 kg<\/dd>\n<\/dl>\n<dl>\n<dt><img decoding=\"async\" src=\"https:\/\/www.stevensbikes.de\/all\/img\/icons\/ausstattung\/farbe.gif\" alt=\"\" \/>Farbe(n)<\/dt>\n<dd class=\"art-name\">Stealth Black<\/dd>\n<\/dl>\n<dl>\n<dt><img decoding=\"async\" src=\"https:\/\/www.stevensbikes.de\/all\/img\/icons\/ausstattung\/groesse.gif\" alt=\"\" \/>Gr\u00f6\u00dfen<\/dt>\n<dd class=\"art-name\">G 58 cm<\/dd>\n<\/dl>\n<h2>Die Portion Luxus im Alltag.<\/h2>\n<p>Das haben Sie doch sicher verdient: Einen fahrstabilen Aluminiumrahmen mit integriertem Kraftspender f\u00fcr den hilfsbereiten E-Motor. Eine geschmeidige Nabenschaltung samt wartungsarmem Riemenantrieb. Die gefederte Sattelst\u00fctze mit Absenk-Funktion f\u00fcr sp\u00fcrbaren Sitzkomfort plus erleichtertes Handling. Und die neidischen Blicke, wenn Sie schon l\u00e4ngst direkt am Ziel angekommen sind, w\u00e4hrend die anderen noch verzweifelt nach einem Parkplatz suchen m\u00fcssen \u2013 f\u00fcr den Opernbesuch ebenso wie f\u00fcr den Alltag in der Firma.<\/p>\n<\/div>\n<ul id=\"highlights\">\n<li>Komfort-Pedelec mit Shimano Nexus Inter-5E Nabenschaltung und Zahnriemen<\/li>\n<li>Bosch G3 Performance Line Cruise-Antrieb (65 Nm) &amp; Rahmen-integriertem 500 Wh-Akku<\/li>\n<li>Top-Luftfedergabel m. Tapered Steerer &amp; Steckachse<\/li>\n<li>Auf Knopfdruck absenkbare Sattelst\u00fctze (Dropper Post)<\/li>\n<li>Zuverl\u00e4ssig-pr\u00e4zise Shimano-Scheibenbremsen<\/li>\n<\/ul>\n<div class=\"header\">\n<h2 class=\"h1\">Ausstattung<\/h2>\n<ul class=\"toggle-techinfo expanded\">\n<li class=\"show\" title=\"weniger Details\"><\/li>\n<\/ul>\n<p><span class=\"label-details\">Details<\/span><\/p>\n<\/div>\n<p class=\"warning-delivery\"><i class=\"icon ti-info-alt\"><\/i>Aufgrund von Problemen in den Lieferketten, die durch COVID 19 verursacht werden, kann es zu Abweichungen bei der Ausstattung kommen.<br \/>\nAuch die von Ihrem STEVENS-H\u00e4ndler angegebenen Liefertermine k\u00f6nnen sich verz\u00f6gern.<\/p>\n<div class=\"specs grid\">\n<section class=\"art-group\">\n<h3>Chassis<\/h3>\n<dl class=\"hasextra open\">\n<dt><img decoding=\"async\" src=\"https:\/\/www.stevensbikes.de\/all\/img\/icons\/ausstattung\/rohrmaterial.gif\" alt=\"\" \/>Rahmen<\/dt>\n<dd class=\"art-name\">Aluminium 6061<\/dd>\n<dd class=\"tech-info\">\n<ul>\n<li>O.L.D.: 135 mm<\/li>\n<li>Bremse: Postmount-Disc 160<\/li>\n<li>Tretlager: Bosch<\/li>\n<li>Zugverlegung: intern<\/li>\n<li>Schutzblech- u. Gep\u00e4cktr\u00e4ger-\u00d6sen<\/li>\n<li>Verstellbare Ausfallenden<\/li>\n<li>Tragegriff<\/li>\n<li>PowerTube-Fach (verriegelbar)<\/li>\n<\/ul>\n<\/dd>\n<\/dl>\n<dl class=\"hasextra open\">\n<dt><img decoding=\"async\" src=\"https:\/\/www.stevensbikes.de\/all\/img\/icons\/ausstattung\/gabel.gif\" alt=\"\" \/>Gabel<\/dt>\n<dd class=\"art-name\">SR Suntour NCX-D Air LO<\/dd>\n<dd class=\"tech-info\">\n<ul>\n<li>Federweg: 63 mm<\/li>\n<li>Luftfederung<\/li>\n<li>Lockout<\/li>\n<li>Konischer Gabelschaft 1 1\/8&#8243; &#8211; 1 1\/2&#8243;<\/li>\n<li>O.L.D.: 100 mm<\/li>\n<li>Bremse: Postmount-Disc 160<\/li>\n<li>Schutzblech-\u00d6sen<\/li>\n<\/ul>\n<\/dd>\n<\/dl>\n<dl class=\"hasextra open\">\n<dt><img decoding=\"async\" src=\"https:\/\/www.stevensbikes.de\/all\/img\/icons\/ausstattung\/steuersatz.gif\" alt=\"\" \/>Steuersatz<\/dt>\n<dd class=\"art-name\">STEVENS AH Taper 1 1\/8&#8243;-1 1\/2&#8243;<\/dd>\n<dd class=\"tech-info\">\n<ul>\n<li>Obere Lagerschale: ZS44\/28,6<\/li>\n<li>Untere Lagerschale: ZS44\/39,8<\/li>\n<\/ul>\n<\/dd>\n<\/dl>\n<dl class=\"hasextra open\">\n<dt><img decoding=\"async\" src=\"https:\/\/www.stevensbikes.de\/all\/img\/icons\/ausstattung\/bremse.gif\" alt=\"\" \/>Bremse vorn<\/dt>\n<dd class=\"art-name\">Shimano BR-MT200<\/dd>\n<dd class=\"tech-info\">\n<ul>\n<li>Hydraulische Scheibenbremse<\/li>\n<\/ul>\n<\/dd>\n<\/dl>\n<dl class=\"hasextra open\">\n<dt><img decoding=\"async\" src=\"https:\/\/www.stevensbikes.de\/all\/img\/icons\/ausstattung\/bremse.gif\" alt=\"\" \/>Bremse hinten<\/dt>\n<dd class=\"art-name\">Shimano BR-MT200<\/dd>\n<dd class=\"tech-info\">\n<ul>\n<li>Hydraulische Scheibenbremse<\/li>\n<\/ul>\n<\/dd>\n<\/dl>\n<dl class=\"hasextra open\">\n<dt><img decoding=\"async\" src=\"https:\/\/www.stevensbikes.de\/all\/img\/icons\/ausstattung\/disc.gif\" alt=\"\" \/>Bremsscheibe vorn<\/dt>\n<dd class=\"art-name\">SM-RT30<\/dd>\n<dd class=\"tech-info\">\n<ul>\n<li>Scheibendurchmesser: 180 mm<\/li>\n<li>Center-Lock<\/li>\n<\/ul>\n<\/dd>\n<\/dl>\n<dl class=\"hasextra open\">\n<dt><img decoding=\"async\" src=\"https:\/\/www.stevensbikes.de\/all\/img\/icons\/ausstattung\/disc.gif\" alt=\"\" \/>Bremsscheibe hinten<\/dt>\n<dd class=\"art-name\">SM-RT30<\/dd>\n<dd class=\"tech-info\">\n<ul>\n<li>Scheibendurchmesser: 160 mm<\/li>\n<li>Center-Lock<\/li>\n<\/ul>\n<\/dd>\n<\/dl>\n<\/section>\n<\/div>\n","protected":false},"excerpt":{"rendered":"<p>Daten Gewicht 26,8 kg Zul. Gesamtgewicht 140 kg Farbe(n) Stealth Black Gr\u00f6\u00dfen G 58 cm Die Portion Luxus im Alltag. Das haben Sie doch sicher verdient: Einen fahrstabilen Aluminiumrahmen mit integriertem Kraftspender f\u00fcr den hilfsbereiten E-Motor. Eine geschmeidige Nabenschaltung samt wartungsarmem Riemenantrieb. Die gefederte Sattelst\u00fctze mit Absenk-Funktion f\u00fcr sp\u00fcrbaren Sitzkomfort plus erleichtertes Handling. Und die [&hellip;]<\/p>\n","protected":false},"featured_media":2180,"comment_status":"open","ping_status":"closed","template":"","meta":[],"product_brand":[],"product_cat":[25],"product_tag":[37],"class_list":{"0":"post-2178","1":"product","2":"type-product","3":"status-publish","4":"has-post-thumbnail","6":"product_cat-cityebikes","7":"product_tag-stevens","9":"first","10":"instock","11":"purchasable","12":"product-type-simple"},"jetpack_sharing_enabled":true,"_links":{"self":[{"href":"https:\/\/www.bakkie.de\/index.php\/wp-json\/wp\/v2\/product\/2178","targetHints":{"allow":["GET"]}}],"collection":[{"href":"https:\/\/www.bakkie.de\/index.php\/wp-json\/wp\/v2\/product"}],"about":[{"href":"https:\/\/www.bakkie.de\/index.php\/wp-json\/wp\/v2\/types\/product"}],"replies":[{"embeddable":true,"href":"https:\/\/www.bakkie.de\/index.php\/wp-json\/wp\/v2\/comments?post=2178"}],"version-history":[{"count":3,"href":"https:\/\/www.bakkie.de\/index.php\/wp-json\/wp\/v2\/product\/2178\/revisions"}],"predecessor-version":[{"id":2280,"href":"https:\/\/www.bakkie.de\/index.php\/wp-json\/wp\/v2\/product\/2178\/revisions\/2280"}],"wp:featuredmedia":[{"embeddable":true,"href":"https:\/\/www.bakkie.de\/index.php\/wp-json\/wp\/v2\/media\/2180"}],"wp:attachment":[{"href":"https:\/\/www.bakkie.de\/index.php\/wp-json\/wp\/v2\/media?parent=2178"}],"wp:term":[{"taxonomy":"product_brand","embeddable":true,"href":"https:\/\/www.bakkie.de\/index.php\/wp-json\/wp\/v2\/product_brand?post=2178"},{"taxonomy":"product_cat","embeddable":true,"href":"https:\/\/www.bakkie.de\/index.php\/wp-json\/wp\/v2\/product_cat?post=2178"},{"taxonomy":"product_tag","embeddable":true,"href":"https:\/\/www.bakkie.de\/index.php\/wp-json\/wp\/v2\/product_tag?post=2178"}],"curies":[{"name":"wp","href":"https:\/\/api.w.org\/{rel}","templated":true}]}}