{"id":2265,"date":"2024-09-18T16:23:50","date_gmt":"2024-09-18T14:23:50","guid":{"rendered":"https:\/\/www.bakkie.de\/?post_type=product&#038;p=2265"},"modified":"2025-06-02T15:49:13","modified_gmt":"2025-06-02T13:49:13","slug":"yoonit-pro-performance-ep8-graphite-grey","status":"publish","type":"product","link":"https:\/\/www.bakkie.de\/index.php\/product\/yoonit-pro-performance-ep8-graphite-grey\/","title":{"rendered":"YOONIT PRO &#8211; PERFORMANCE EP8 &#8211; GRAPHITE GREY"},"content":{"rendered":"<p style=\"font-weight: 400;\">Das YOONIT PRO setzt neue Ma\u00dfst\u00e4be in der E-Mobilit\u00e4t. Als wachsender Teil der umweltfreundlichen Transportl\u00f6sung bietet das E-Bike vielseitige M\u00f6glichkeiten f\u00fcr Handwerk, Logistik und Gewerbetreibende. Das kompakte E-Lastenrad als zuverl\u00e4ssiger Partner \u2013 vielseitig einsetzbar passt sich das YOONIT PRO unterschiedlichen Nutzungsarten an. Ob Werkzeug, Waren oder Lebensmittel \u2013 genormte Eurobeh\u00e4lter, Aluminium-Boxen oder individuelle Aufbauten bieten L\u00f6sungen f\u00fcr den sicheren Transport. Das Mini Cargobike f\u00fcr maximale Mobilit\u00e4t.<\/p>\n<p style=\"font-weight: 400;\">Kompakt, leicht und wendig. Mit einer L\u00e4nge von 177,5 cm ist es k\u00fcrzer als ein normales Fahrrad. Dank der flexiblen Gestaltung ist es f\u00fcr Menschen unterschiedlicher K\u00f6rpergr\u00f6\u00dfen geeignet. Mit kraftvoller Unterst\u00fctzung durch den Shimano EP8 Motor geht es m\u00fchelos voran, ohne l\u00e4stige Staus oder aufwendige Parkplatzsuche. Das E-Bike ist optional erweiterbar durch unterschiedliche Lastenanh\u00e4nger.<\/p>\n<p style=\"font-weight: 400;\">Der Euro Carrier erm\u00f6glicht den Transport von wiederverwendbaren Verpackungen auf der letzten Meile oder dar\u00fcber hinaus. Die Abmessungen einer halben Palette bieten Platz f\u00fcr unterschiedliche Euroboxen. Erg\u00e4nzt durch das Euro Lid kann Ladung schnell und einfach mit integrierten Spanngurten befestigt werden.<\/p>\n<p><a href=\"https:\/\/minicargobike.com\/product-configurator\/?config=eJyrVirOLlWyUop00g0I8lfSUUpOLCrKTC1SsjIyMzPTUUpMTk4tLs4HChUrWUXH6igVJManFGWWpeqW5mWWADWmFpgpgUXTEouSUoECBfk5iUW65RmZJalKtQCYFR7d&amp;screen=basis\" target=\"_blank\" rel=\"noopener\">YOONIT-Konfigurator<\/a><\/p>\n","protected":false},"excerpt":{"rendered":"<p>Das YOONIT PRO setzt neue Ma\u00dfst\u00e4be in der E-Mobilit\u00e4t. Als wachsender Teil der umweltfreundlichen Transportl\u00f6sung bietet das E-Bike vielseitige M\u00f6glichkeiten f\u00fcr Handwerk, Logistik und Gewerbetreibende. Das kompakte E-Lastenrad als zuverl\u00e4ssiger Partner \u2013 vielseitig einsetzbar passt sich das YOONIT PRO unterschiedlichen Nutzungsarten an. Ob Werkzeug, Waren oder Lebensmittel \u2013 genormte Eurobeh\u00e4lter, Aluminium-Boxen oder individuelle Aufbauten bieten [&hellip;]<\/p>\n","protected":false},"featured_media":2266,"comment_status":"open","ping_status":"closed","template":"","meta":[],"product_brand":[],"product_cat":[23],"product_tag":[42,43],"class_list":{"0":"post-2265","1":"product","2":"type-product","3":"status-publish","4":"has-post-thumbnail","6":"product_cat-lastenrad","7":"product_tag-yoonit","8":"product_tag-yoonit-konfigurator","10":"first","11":"instock","12":"purchasable","13":"product-type-simple"},"jetpack_sharing_enabled":true,"_links":{"self":[{"href":"https:\/\/www.bakkie.de\/index.php\/wp-json\/wp\/v2\/product\/2265","targetHints":{"allow":["GET"]}}],"collection":[{"href":"https:\/\/www.bakkie.de\/index.php\/wp-json\/wp\/v2\/product"}],"about":[{"href":"https:\/\/www.bakkie.de\/index.php\/wp-json\/wp\/v2\/types\/product"}],"replies":[{"embeddable":true,"href":"https:\/\/www.bakkie.de\/index.php\/wp-json\/wp\/v2\/comments?post=2265"}],"version-history":[{"count":5,"href":"https:\/\/www.bakkie.de\/index.php\/wp-json\/wp\/v2\/product\/2265\/revisions"}],"predecessor-version":[{"id":2277,"href":"https:\/\/www.bakkie.de\/index.php\/wp-json\/wp\/v2\/product\/2265\/revisions\/2277"}],"wp:featuredmedia":[{"embeddable":true,"href":"https:\/\/www.bakkie.de\/index.php\/wp-json\/wp\/v2\/media\/2266"}],"wp:attachment":[{"href":"https:\/\/www.bakkie.de\/index.php\/wp-json\/wp\/v2\/media?parent=2265"}],"wp:term":[{"taxonomy":"product_brand","embeddable":true,"href":"https:\/\/www.bakkie.de\/index.php\/wp-json\/wp\/v2\/product_brand?post=2265"},{"taxonomy":"product_cat","embeddable":true,"href":"https:\/\/www.bakkie.de\/index.php\/wp-json\/wp\/v2\/product_cat?post=2265"},{"taxonomy":"product_tag","embeddable":true,"href":"https:\/\/www.bakkie.de\/index.php\/wp-json\/wp\/v2\/product_tag?post=2265"}],"curies":[{"name":"wp","href":"https:\/\/api.w.org\/{rel}","templated":true}]}}