{"id":2377,"date":"2024-11-11T10:33:49","date_gmt":"2024-11-11T09:33:49","guid":{"rendered":"https:\/\/www.bakkie.de\/?post_type=product&#038;p=2377"},"modified":"2024-11-11T12:28:24","modified_gmt":"2024-11-11T11:28:24","slug":"stevens-junior-furious-24-gen-2-lavender","status":"publish","type":"product","link":"https:\/\/www.bakkie.de\/index.php\/product\/stevens-junior-furious-24-gen-2-lavender\/","title":{"rendered":"STEVENS &#8211; JUNIOR &#8211; FURIOUS 24&#8243; &#8211; GEN 2 &#8211; LAVENDER"},"content":{"rendered":"<div id=\"bikedescription\">\n<h3>DATEN<\/h3>\n<dl>\n<dt><img decoding=\"async\" src=\"https:\/\/www.stevensbikes.de\/all\/img\/icons\/ausstattung\/gewicht.gif\" alt=\"\" \/>Gewicht<\/dt>\n<dd class=\"art-name\">14,2 kg<\/dd>\n<\/dl>\n<dl>\n<dt><img decoding=\"async\" src=\"https:\/\/www.stevensbikes.de\/all\/img\/icons\/ausstattung\/gewicht.gif\" alt=\"\" \/>Zul. Gesamtgewicht<\/dt>\n<dd class=\"art-name\">65 kg<\/dd>\n<\/dl>\n<dl>\n<dt><img decoding=\"async\" src=\"https:\/\/www.stevensbikes.de\/all\/img\/icons\/ausstattung\/farbe.gif\" alt=\"\" \/>Farbe(n)<\/dt>\n<dd class=\"art-name\">Fresh Mint | Lavender<\/dd>\n<\/dl>\n<dl>\n<dt><img decoding=\"async\" src=\"https:\/\/www.stevensbikes.de\/all\/img\/icons\/ausstattung\/groesse.gif\" alt=\"\" \/>Gr\u00f6\u00dfen<\/dt>\n<dd class=\"art-name\">24&#8243;<\/dd>\n<\/dl>\n<h2>Cool in die Schule \u2026<\/h2>\n<p>\u2026 und danach ab auf den Trail \u2013 mit dem STEVENS Furious werden Alltagspflichten und Freizeit auf Stollenr\u00e4dern zum ungetr\u00fcbten Fahrvergn\u00fcgen. Daf\u00fcr sorgen seine MTB-Gene, vom robusten Aluminiumrahmen \u00fcber die sensible Federgabel bis hin zu Hydraulik-Scheibenbremsen und Oxygen-Cockpit. Und das garantiert die funktionelle Alltagsausstattung mit zuverl\u00e4ssiger Nabendynamo-Beleuchtung und Schutzblechen, die sich f\u00fcr Gel\u00e4ndetouren einfach abnehmen lassen.<\/p>\n<\/div>\n<ul id=\"highlights\">\n<li>Sportliches, top ausgestattetes Schul- und Offroad Bike in coolen Farben<\/li>\n<li>Hochwertiger leichter Aluminiumrahmen<\/li>\n<li>Zuverl\u00e4ssige Tektro Hydraulik-Scheibenbremsen<\/li>\n<li>Komplettes StVZO-Kit f\u00fcr den Stra\u00dfenalltag<\/li>\n<li>Sensible SR Suntour Aluminium-Federgabel (24&#8243;: 50 mm)<\/li>\n<\/ul>\n<div class=\"header\">\n<div class=\"header\">\n<h2 class=\"h1\">AUSSTATTUNG<\/h2>\n<\/div>\n<div class=\"specs grid\">\n<section class=\"art-group\">\n<h3>CHASSIS<\/h3>\n<\/section>\n<\/div>\n<\/div>\n<div class=\"specs grid\">\n<section class=\"art-group\">\n<dl class=\"hasextra open\">\n<dt><img decoding=\"async\" src=\"https:\/\/www.stevensbikes.de\/all\/img\/icons\/ausstattung\/rohrmaterial.gif\" alt=\"\" \/>Rahmen<\/dt>\n<dd class=\"art-name\">Aluminium 6061<\/dd>\n<dd class=\"tech-info\">\n<ul>\n<li>O.L.D.: 135 mm<\/li>\n<li>Bremse: IS-Disc<\/li>\n<li>Tretlager: BSA 73 mm<\/li>\n<li>Umwerfer-Aufnahme: Schelle<\/li>\n<li>Zugverlegung: extern<\/li>\n<li>Schutzblech- u. Gep\u00e4cktr\u00e4ger-\u00d6sen<\/li>\n<\/ul>\n<\/dd>\n<\/dl>\n<dl class=\"hasextra open\">\n<dt><img decoding=\"async\" src=\"https:\/\/www.stevensbikes.de\/all\/img\/icons\/ausstattung\/gabel.gif\" alt=\"\" \/>Gabel<\/dt>\n<dd class=\"art-name\">SR Suntour XCT JR<\/dd>\n<dd class=\"tech-info\">\n<ul>\n<li>Federweg: 50 mm<\/li>\n<li>Stahlfeder<\/li>\n<li>Gabelschaft 1 1\/8&#8243;<\/li>\n<li>O.L.D.: 100 mm<\/li>\n<li>Bremse: Postmount-Disc 160<\/li>\n<\/ul>\n<\/dd>\n<\/dl>\n<dl class=\"hasextra open\">\n<dt><img decoding=\"async\" src=\"https:\/\/www.stevensbikes.de\/all\/img\/icons\/ausstattung\/steuersatz.gif\" alt=\"\" \/>Steuersatz<\/dt>\n<dd class=\"art-name\">STEVENS MTB 1 1\/8&#8243;<\/dd>\n<dd class=\"tech-info\">\n<ul>\n<li>Obere Lagerschale: ZS44\/28,6<\/li>\n<li>Untere Lagerschale: ZS44\/30<\/li>\n<\/ul>\n<\/dd>\n<\/dl>\n<dl class=\"hasextra open\">\n<dt><img decoding=\"async\" src=\"https:\/\/www.stevensbikes.de\/all\/img\/icons\/ausstattung\/bremse.gif\" alt=\"\" \/>Bremse vorne<\/dt>\n<dd class=\"art-name\">Tektro HD-J285<\/dd>\n<dd class=\"tech-info\">\n<ul>\n<li>Hydraulische Scheibenbremse<\/li>\n<\/ul>\n<\/dd>\n<\/dl>\n<dl class=\"hasextra open\">\n<dt><img decoding=\"async\" src=\"https:\/\/www.stevensbikes.de\/all\/img\/icons\/ausstattung\/bremse.gif\" alt=\"\" \/>Bremse hinten<\/dt>\n<dd class=\"art-name\">Tektro HD-J285<\/dd>\n<dd class=\"tech-info\">\n<ul>\n<li>Hydraulische Scheibenbremse<\/li>\n<\/ul>\n<\/dd>\n<\/dl>\n<dl class=\"hasextra open\">\n<dt><img decoding=\"async\" src=\"https:\/\/www.stevensbikes.de\/all\/img\/icons\/ausstattung\/disc.gif\" alt=\"\" \/>Bremsscheibe vorne<\/dt>\n<dd class=\"art-name\">Tektro TR180-35<\/dd>\n<dd class=\"tech-info\">\n<ul>\n<li>Scheibendurchmesser: 180 mm<\/li>\n<li>Center Lock<\/li>\n<\/ul>\n<\/dd>\n<\/dl>\n<dl class=\"hasextra open\">\n<dt><img decoding=\"async\" src=\"https:\/\/www.stevensbikes.de\/all\/img\/icons\/ausstattung\/disc.gif\" alt=\"\" \/>Bremsscheibe hinten<\/dt>\n<dd class=\"art-name\">TR160-35<\/dd>\n<dd class=\"tech-info\">\n<ul>\n<li>Scheibendurchmesser: 160 mm<\/li>\n<li>Center Lock<\/li>\n<\/ul>\n<\/dd>\n<\/dl>\n<\/section>\n<\/div>\n","protected":false},"excerpt":{"rendered":"<p>DATEN Gewicht 14,2 kg Zul. Gesamtgewicht 65 kg Farbe(n) Fresh Mint | Lavender Gr\u00f6\u00dfen 24&#8243; Cool in die Schule \u2026 \u2026 und danach ab auf den Trail \u2013 mit dem STEVENS Furious werden Alltagspflichten und Freizeit auf Stollenr\u00e4dern zum ungetr\u00fcbten Fahrvergn\u00fcgen. Daf\u00fcr sorgen seine MTB-Gene, vom robusten Aluminiumrahmen \u00fcber die sensible Federgabel bis hin zu [&hellip;]<\/p>\n","protected":false},"featured_media":2379,"comment_status":"open","ping_status":"closed","template":"","meta":[],"product_brand":[],"product_cat":[38],"product_tag":[37],"class_list":{"0":"post-2377","1":"product","2":"type-product","3":"status-publish","4":"has-post-thumbnail","6":"product_cat-kinder-raeder","7":"product_tag-stevens","9":"first","10":"instock","11":"purchasable","12":"product-type-simple"},"jetpack_sharing_enabled":true,"_links":{"self":[{"href":"https:\/\/www.bakkie.de\/index.php\/wp-json\/wp\/v2\/product\/2377","targetHints":{"allow":["GET"]}}],"collection":[{"href":"https:\/\/www.bakkie.de\/index.php\/wp-json\/wp\/v2\/product"}],"about":[{"href":"https:\/\/www.bakkie.de\/index.php\/wp-json\/wp\/v2\/types\/product"}],"replies":[{"embeddable":true,"href":"https:\/\/www.bakkie.de\/index.php\/wp-json\/wp\/v2\/comments?post=2377"}],"version-history":[{"count":1,"href":"https:\/\/www.bakkie.de\/index.php\/wp-json\/wp\/v2\/product\/2377\/revisions"}],"predecessor-version":[{"id":2381,"href":"https:\/\/www.bakkie.de\/index.php\/wp-json\/wp\/v2\/product\/2377\/revisions\/2381"}],"wp:featuredmedia":[{"embeddable":true,"href":"https:\/\/www.bakkie.de\/index.php\/wp-json\/wp\/v2\/media\/2379"}],"wp:attachment":[{"href":"https:\/\/www.bakkie.de\/index.php\/wp-json\/wp\/v2\/media?parent=2377"}],"wp:term":[{"taxonomy":"product_brand","embeddable":true,"href":"https:\/\/www.bakkie.de\/index.php\/wp-json\/wp\/v2\/product_brand?post=2377"},{"taxonomy":"product_cat","embeddable":true,"href":"https:\/\/www.bakkie.de\/index.php\/wp-json\/wp\/v2\/product_cat?post=2377"},{"taxonomy":"product_tag","embeddable":true,"href":"https:\/\/www.bakkie.de\/index.php\/wp-json\/wp\/v2\/product_tag?post=2377"}],"curies":[{"name":"wp","href":"https:\/\/api.w.org\/{rel}","templated":true}]}}