{"id":2436,"date":"2025-06-25T17:24:10","date_gmt":"2025-06-25T15:24:10","guid":{"rendered":"https:\/\/www.bakkie.de\/?post_type=product&#038;p=2436"},"modified":"2025-06-25T17:25:13","modified_gmt":"2025-06-25T15:25:13","slug":"brompton-c-line-h-lenker-6-gang-racing-green-gepaecktraeger-dynamo-licht","status":"publish","type":"product","link":"https:\/\/www.bakkie.de\/index.php\/product\/brompton-c-line-h-lenker-6-gang-racing-green-gepaecktraeger-dynamo-licht\/","title":{"rendered":"BROMPTON &#8211; C LINE &#8211; H LENKER &#8211; 6 Gang &#8211; RACING GREEN &#8211; Gep\u00e4cktr\u00e4ger, Dynamo Licht"},"content":{"rendered":"<div class=\"techSpecs__table-cell\" data-v-623db5cc=\"\">\n<p><strong>Lenker<\/strong> : High<\/p>\n<p><strong>Gewicht :<\/strong> Von 11,5 kg<\/p>\n<p><strong>Gang :<\/strong> 6 Gang<\/p>\n<p><strong>Material :<\/strong> Stahl<\/p>\n<\/div>\n<div data-v-623db5cc=\"\"><strong>Gefaltete Gr\u00f6\u00dfe :<\/strong>\u00a0<span class=\"techSpecs__table-value\" data-v-623db5cc=\"\">645mm (H) x 565mm (W) x 270mm (D) (25.3&#8220; x 23&#8220; x 10.6&#8220;)<\/span><\/div>\n<div data-v-623db5cc=\"\"><\/div>\n<div data-v-623db5cc=\"\"><\/div>\n<div class=\"techSpecs__table-cell\" data-v-623db5cc=\"\">\n<div class=\"techSpecs__product-name\" data-v-623db5cc=\"\" data-testid=\"techspec-product-name\"><strong>C Line &#8211; 6-gang<\/strong><\/div>\n<div class=\"techSpecs__intro\" data-v-623db5cc=\"\" data-gtm-vis-first-on-screen100622466_316=\"703482\" data-gtm-vis-total-visible-time100622466_316=\"500\" data-gtm-vis-has-fired100622466_316=\"1\">\n<div class=\"techSpecs__desc\" data-v-623db5cc=\"\">\n<div data-v-623db5cc=\"\">\n<p>Mit der C Line von Brompton k\u00f6nnen Sie einfach und sicher \u00fcberall hinfahren. Das C Line hilft Ihnen bei den Abenteuern voranzukommen, die das Leben Ihnen zu bieten hat. Mit ihm k\u00f6nnen Sie stilvoll pendeln, reisen und Besorgungen machen. Wie alle atemberaubenden Brompton-Fahrr\u00e4der erm\u00f6glicht dieses Modell eine Erfahrung voller Freude, Agilit\u00e4t und Kraft.<\/p>\n<p>Jedes Element dieses vielseitigen Rads steht f\u00fcr Eleganz. Das 6-Gang-System und die kraftvollen Bremsen versprechen eine reibungslose Fahrt und sorgen f\u00fcr Kontrolle und Pr\u00e4zision. Dies sorgt f\u00fcr eine komfortable Fahrerfahrung, die kraftvoll und aufregend ist.<\/p>\n<p>Experten-Engineering ist nicht der einzige Vorteil, den dieses Alltagsrad mit sich bringt. Das ergonomische Klappsystem l\u00e4sst Sie m\u00fchelos rollen und gleiten und kann in 20 Sekunden bet\u00e4tigt werden, um Ihr 2-Rad-Wunder in ein kompaktes Tragezubeh\u00f6r zu verwandeln. Perfekt f\u00fcr Pendler oder unbeschwerte Reisende, die jeden Winkel an einem neuen Ort besuchen m\u00f6chten. Der Rahmen ist leicht und einfach zu tragen.<\/p>\n<p>Es hat eine umweltfreundliche Power-Beschichtung und unser Expertenteam fertigt jedes Rad in der Londoner Brompton-Fabrik in Handarbeit an.<\/p>\n<p>Das C Line macht das Reisen im Handumdrehen zum Kinderspiel. Mit Brompton k\u00f6nnen Sie die erf\u00fcllenden Momente auf dieser Welt auf eine hellere, kraftvollere Weise erleben, wann immer sie auftauchen.<\/p>\n<\/div>\n<\/div>\n<\/div>\n<\/div>\n","protected":false},"excerpt":{"rendered":"<p>Lenker : High Gewicht : Von 11,5 kg Gang : 6 Gang Material : Stahl Gefaltete Gr\u00f6\u00dfe :\u00a0645mm (H) x 565mm (W) x 270mm (D) (25.3&#8220; x 23&#8220; x 10.6&#8220;) C Line &#8211; 6-gang Mit der C Line von Brompton k\u00f6nnen Sie einfach und sicher \u00fcberall hinfahren. Das C Line hilft Ihnen bei den Abenteuern [&hellip;]<\/p>\n","protected":false},"featured_media":2427,"comment_status":"open","ping_status":"closed","template":"","meta":[],"product_brand":[],"product_cat":[34],"product_tag":[35],"class_list":{"0":"post-2436","1":"product","2":"type-product","3":"status-publish","4":"has-post-thumbnail","6":"product_cat-faltraeder","7":"product_tag-brompton","8":"product_shipping_class-brompton-shipping","10":"first","11":"instock","12":"purchasable","13":"product-type-simple"},"jetpack_sharing_enabled":true,"_links":{"self":[{"href":"https:\/\/www.bakkie.de\/index.php\/wp-json\/wp\/v2\/product\/2436","targetHints":{"allow":["GET"]}}],"collection":[{"href":"https:\/\/www.bakkie.de\/index.php\/wp-json\/wp\/v2\/product"}],"about":[{"href":"https:\/\/www.bakkie.de\/index.php\/wp-json\/wp\/v2\/types\/product"}],"replies":[{"embeddable":true,"href":"https:\/\/www.bakkie.de\/index.php\/wp-json\/wp\/v2\/comments?post=2436"}],"version-history":[{"count":2,"href":"https:\/\/www.bakkie.de\/index.php\/wp-json\/wp\/v2\/product\/2436\/revisions"}],"predecessor-version":[{"id":2442,"href":"https:\/\/www.bakkie.de\/index.php\/wp-json\/wp\/v2\/product\/2436\/revisions\/2442"}],"wp:featuredmedia":[{"embeddable":true,"href":"https:\/\/www.bakkie.de\/index.php\/wp-json\/wp\/v2\/media\/2427"}],"wp:attachment":[{"href":"https:\/\/www.bakkie.de\/index.php\/wp-json\/wp\/v2\/media?parent=2436"}],"wp:term":[{"taxonomy":"product_brand","embeddable":true,"href":"https:\/\/www.bakkie.de\/index.php\/wp-json\/wp\/v2\/product_brand?post=2436"},{"taxonomy":"product_cat","embeddable":true,"href":"https:\/\/www.bakkie.de\/index.php\/wp-json\/wp\/v2\/product_cat?post=2436"},{"taxonomy":"product_tag","embeddable":true,"href":"https:\/\/www.bakkie.de\/index.php\/wp-json\/wp\/v2\/product_tag?post=2436"}],"curies":[{"name":"wp","href":"https:\/\/api.w.org\/{rel}","templated":true}]}}