{"id":2443,"date":"2025-06-25T17:44:11","date_gmt":"2025-06-25T15:44:11","guid":{"rendered":"https:\/\/www.bakkie.de\/?post_type=product&#038;p=2443"},"modified":"2025-06-25T17:44:12","modified_gmt":"2025-06-25T15:44:12","slug":"brompton-c-line-m-lenker-6-gang-sunset-orange-dynamo-licht","status":"publish","type":"product","link":"https:\/\/www.bakkie.de\/index.php\/product\/brompton-c-line-m-lenker-6-gang-sunset-orange-dynamo-licht\/","title":{"rendered":"BROMPTON &#8211; C LINE &#8211; M LENKER &#8211; 6 Gang &#8211; SUNSET ORANGE &#8211; Dynamo Licht"},"content":{"rendered":"<div class=\"product-title-brompton brompton-infotitle\"><strong>BASIS PRODUKTMERKMALE:<\/strong><\/div>\n<div class=\"product__descriptopn-container\">\n<div class=\"product__description rte quick-add-hidden brompton-text\">\n<p>Das Brompton C Line Faltrad \/ Klapprad bietet eine vielf\u00e4ltige Zahl von Varianten und Ausstattungsmerkmalen. Die Modellreihe C Line besticht mit Anbauteilen in edlem Schwarz, welche die sch\u00f6nen Farben besonders gut zur Geltung bringen.\u00a0W\u00e4hlen Sie zwischen verschiedenen Lenkeroptionen, Rahmenfarben, G\u00e4ngen, Sattelh\u00f6hen und Lichtausstattungen &#8211; und gestalten Sie sich Ihr perfektes Brompton!<\/p>\n<p>&nbsp;<\/p>\n<p><strong>Lenker:<\/strong>Mid<strong><br \/>\nFarbe:<\/strong> Sunset Orange<br \/>\n<strong>Radstand:<\/strong> 1.050 mm<br \/>\n<strong>Einstiegsh\u00f6he:<\/strong> ca. 58 cm<br \/>\n<strong>Packma\u00df:<\/strong> 57 x 59 x 27 cm<br \/>\n<strong>Faltzeit:<\/strong> ca.15 sek.<br \/>\n<strong>Gewicht:<\/strong> zwischen 10,9 und 12,9 kg je nach Ausstattung<\/p>\n<\/div>\n<\/div>\n","protected":false},"excerpt":{"rendered":"<p>BASIS PRODUKTMERKMALE: Das Brompton C Line Faltrad \/ Klapprad bietet eine vielf\u00e4ltige Zahl von Varianten und Ausstattungsmerkmalen. Die Modellreihe C Line besticht mit Anbauteilen in edlem Schwarz, welche die sch\u00f6nen Farben besonders gut zur Geltung bringen.\u00a0W\u00e4hlen Sie zwischen verschiedenen Lenkeroptionen, Rahmenfarben, G\u00e4ngen, Sattelh\u00f6hen und Lichtausstattungen &#8211; und gestalten Sie sich Ihr perfektes Brompton! &nbsp; Lenker:Mid [&hellip;]<\/p>\n","protected":false},"featured_media":2444,"comment_status":"open","ping_status":"closed","template":"","meta":[],"product_brand":[],"product_cat":[34],"product_tag":[35],"class_list":{"0":"post-2443","1":"product","2":"type-product","3":"status-publish","4":"has-post-thumbnail","6":"product_cat-faltraeder","7":"product_tag-brompton","8":"product_shipping_class-brompton-shipping","10":"first","11":"instock","12":"purchasable","13":"product-type-simple"},"jetpack_sharing_enabled":true,"_links":{"self":[{"href":"https:\/\/www.bakkie.de\/index.php\/wp-json\/wp\/v2\/product\/2443","targetHints":{"allow":["GET"]}}],"collection":[{"href":"https:\/\/www.bakkie.de\/index.php\/wp-json\/wp\/v2\/product"}],"about":[{"href":"https:\/\/www.bakkie.de\/index.php\/wp-json\/wp\/v2\/types\/product"}],"replies":[{"embeddable":true,"href":"https:\/\/www.bakkie.de\/index.php\/wp-json\/wp\/v2\/comments?post=2443"}],"version-history":[{"count":1,"href":"https:\/\/www.bakkie.de\/index.php\/wp-json\/wp\/v2\/product\/2443\/revisions"}],"predecessor-version":[{"id":2455,"href":"https:\/\/www.bakkie.de\/index.php\/wp-json\/wp\/v2\/product\/2443\/revisions\/2455"}],"wp:featuredmedia":[{"embeddable":true,"href":"https:\/\/www.bakkie.de\/index.php\/wp-json\/wp\/v2\/media\/2444"}],"wp:attachment":[{"href":"https:\/\/www.bakkie.de\/index.php\/wp-json\/wp\/v2\/media?parent=2443"}],"wp:term":[{"taxonomy":"product_brand","embeddable":true,"href":"https:\/\/www.bakkie.de\/index.php\/wp-json\/wp\/v2\/product_brand?post=2443"},{"taxonomy":"product_cat","embeddable":true,"href":"https:\/\/www.bakkie.de\/index.php\/wp-json\/wp\/v2\/product_cat?post=2443"},{"taxonomy":"product_tag","embeddable":true,"href":"https:\/\/www.bakkie.de\/index.php\/wp-json\/wp\/v2\/product_tag?post=2443"}],"curies":[{"name":"wp","href":"https:\/\/api.w.org\/{rel}","templated":true}]}}