{"id":2475,"date":"2025-07-04T11:41:55","date_gmt":"2025-07-04T09:41:55","guid":{"rendered":"https:\/\/www.bakkie.de\/?post_type=product&#038;p=2475"},"modified":"2025-07-04T11:41:55","modified_gmt":"2025-07-04T09:41:55","slug":"stevens-e-courier-luxe-gen2-froma-stealth-black-grosse-52","status":"publish","type":"product","link":"https:\/\/www.bakkie.de\/index.php\/product\/stevens-e-courier-luxe-gen2-froma-stealth-black-grosse-52\/","title":{"rendered":"STEVENS &#8211; E-COURIER LUXE GEN2 FROMA &#8211; STEALTH BLACK &#8211; GRO\u00dfE 52"},"content":{"rendered":"<div id=\"bikedescription\">\n<h3>Daten<\/h3>\n<dl>\n<dt><img decoding=\"async\" src=\"https:\/\/www.stevensbikes.de\/all\/img\/icons\/ausstattung\/gewicht.gif\" alt=\"\" \/>Gewicht<\/dt>\n<dd class=\"art-name\">29,4 kg<\/dd>\n<\/dl>\n<dl>\n<dt><img decoding=\"async\" src=\"https:\/\/www.stevensbikes.de\/all\/img\/icons\/ausstattung\/gewicht.gif\" alt=\"\" \/>Zul. Gesamtgewicht<\/dt>\n<dd class=\"art-name\">140 kg<\/dd>\n<\/dl>\n<dl>\n<dt><img decoding=\"async\" src=\"https:\/\/www.stevensbikes.de\/all\/img\/icons\/ausstattung\/farbe.gif\" alt=\"\" \/>Farbe(n)<\/dt>\n<dd class=\"art-name\">Stealth Black<\/dd>\n<\/dl>\n<dl>\n<dt><img decoding=\"async\" src=\"https:\/\/www.stevensbikes.de\/all\/img\/icons\/ausstattung\/groesse.gif\" alt=\"\" \/>Gr\u00f6\u00dfen<\/dt>\n<dd class=\"art-name\">F 52 cm<\/dd>\n<\/dl>\n<\/div>\n<div class=\"header\">\n<div id=\"bikedescription\">\n<h2>Luxus pur<\/h2>\n<p>Das E-Courier Luxe wei\u00df auf ganzer Linie zu \u00fcberzeugen. Sei es durch seinen fahrstabilen Rahmen mit integrierter 625 Wh-Batterie. Oder den bew\u00e4hrten Bosch Performance Line-Antrieb mit kr\u00e4ftigen 75 Nm Drehmoment. Die geschmeidige 5-Gang-Nabenschaltung samt wartungsarmem Riemenantrieb f\u00fcr seidenweichen Vortrieb. Obendrauf gibt es eine gefederte Sattelst\u00fctze mit Absenk-Funktion f\u00fcr sp\u00fcrbaren Sitzkomfort und erleichtertes Handling. Dazu volle Bosch &#8222;Das smarte System&#8220;-Integration f\u00fcr den Zugang zu zahlreichen optionale wie luxuri\u00f6sen Zusatzfunktionen wie eBike Lock, Navigation und Routenplanung.<\/p>\n<\/div>\n<ul id=\"highlights\">\n<li>Pedelec mit viel Komfort und langlebiger Ausstattung<\/li>\n<li>Bosch Performance Line-Antrieb und Rahmen-integrierter 625 Wh-Akku f\u00fcr viel Reichweite<\/li>\n<li>Feinf\u00fchlige Suntour Mobie25-Federgabel mit Steckachse<\/li>\n<li>Auf Knopfdruck absenkbare Sattelst\u00fctze (Dropper Post)<\/li>\n<li>Zuverl\u00e4ssig-pr\u00e4zise Tektro-Scheibenbremsen<\/li>\n<\/ul>\n<h2><\/h2>\n<h2 class=\"h1\">Ausstattung<\/h2>\n<p><span class=\"label-details\">Details<\/span><\/p>\n<h3>Chassis<\/h3>\n<dl class=\"hasextra open\">\n<dt><img decoding=\"async\" src=\"https:\/\/www.stevensbikes.de\/all\/img\/icons\/ausstattung\/rohrmaterial.gif\" alt=\"\" \/>Rahmen<\/dt>\n<dd class=\"art-name\">Aluminium 6061<\/dd>\n<dd class=\"tech-info\">\n<ul>\n<li>O.L.D.: 135 mm<\/li>\n<li>Bremse: Postmount-Disc 160<\/li>\n<li>Tretlager: Bosch<\/li>\n<li>Zugverlegung: intern<\/li>\n<li>Schutzblech- u. Gep\u00e4cktr\u00e4ger-\u00d6sen<\/li>\n<li>Verstellbare Ausfallenden<\/li>\n<li>Tragegriff<\/li>\n<li>PowerTube-Fach (verriegelbar)<\/li>\n<\/ul>\n<\/dd>\n<\/dl>\n<dl class=\"hasextra open\">\n<dt><img decoding=\"async\" src=\"https:\/\/www.stevensbikes.de\/all\/img\/icons\/ausstattung\/gabel.gif\" alt=\"\" \/>Gabel<\/dt>\n<dd class=\"art-name\">SR Suntour Mobie25 LOR<\/dd>\n<dd class=\"tech-info\">\n<ul>\n<li>Federweg: 63 mm<\/li>\n<li>Stahlfeder<\/li>\n<li>Lockout<\/li>\n<li>Konischer Gabelschaft 1 1\/8&#8243; &#8211; 1 1\/2&#8243;<\/li>\n<li>O.L.D.: 100 mm<\/li>\n<li>Bremse: Postmount-Disc 160<\/li>\n<li>Schutzblech-\u00d6sen<\/li>\n<\/ul>\n<\/dd>\n<\/dl>\n<dl class=\"hasextra open\">\n<dt><img decoding=\"async\" src=\"https:\/\/www.stevensbikes.de\/all\/img\/icons\/ausstattung\/steuersatz.gif\" alt=\"\" \/>Steuersatz<\/dt>\n<dd class=\"art-name\">Acros Blocklock Taper 1 1\/8&#8243;-1,8&#8243;<\/dd>\n<dd class=\"tech-info\">\n<ul>\n<li>Obere Lagerschale: ZS56\/28,6<\/li>\n<li>Untere Lagerschale: ZS66\/46<\/li>\n<\/ul>\n<\/dd>\n<\/dl>\n<dl class=\"hasextra open\">\n<dt><img decoding=\"async\" src=\"https:\/\/www.stevensbikes.de\/all\/img\/icons\/ausstattung\/bremse.gif\" alt=\"\" \/>Bremse vorne<\/dt>\n<dd class=\"art-name\">Tektro HD-T280<\/dd>\n<dd class=\"tech-info\">\n<ul>\n<li>Hydraulische Scheibenbremse<\/li>\n<li>2 Kolben<\/li>\n<\/ul>\n<\/dd>\n<\/dl>\n<dl class=\"hasextra open\">\n<dt><img decoding=\"async\" src=\"https:\/\/www.stevensbikes.de\/all\/img\/icons\/ausstattung\/bremse.gif\" alt=\"\" \/>Bremse hinten<\/dt>\n<dd class=\"art-name\">Tektro HD-T280<\/dd>\n<dd class=\"tech-info\">\n<ul>\n<li>Hydraulische Scheibenbremse<\/li>\n<li>2 Kolben<\/li>\n<\/ul>\n<\/dd>\n<\/dl>\n<dl class=\"hasextra open\">\n<dt><img decoding=\"async\" src=\"https:\/\/www.stevensbikes.de\/all\/img\/icons\/ausstattung\/disc.gif\" alt=\"\" \/>Bremsscheiben<\/dt>\n<dd class=\"art-name\">Tektro TR180-35A<\/dd>\n<dd class=\"tech-info\">\n<ul>\n<li>Scheibendurchmesser: 180 mm<\/li>\n<li>Center-Lock<\/li>\n<\/ul>\n<\/dd>\n<\/dl>\n<\/div>\n<div class=\"specs grid\"><\/div>\n","protected":false},"excerpt":{"rendered":"<p>Daten Gewicht 29,4 kg Zul. Gesamtgewicht 140 kg Farbe(n) Stealth Black Gr\u00f6\u00dfen F 52 cm Luxus pur Das E-Courier Luxe wei\u00df auf ganzer Linie zu \u00fcberzeugen. Sei es durch seinen fahrstabilen Rahmen mit integrierter 625 Wh-Batterie. Oder den bew\u00e4hrten Bosch Performance Line-Antrieb mit kr\u00e4ftigen 75 Nm Drehmoment. Die geschmeidige 5-Gang-Nabenschaltung samt wartungsarmem Riemenantrieb f\u00fcr seidenweichen [&hellip;]<\/p>\n","protected":false},"featured_media":2477,"comment_status":"open","ping_status":"closed","template":"","meta":[],"product_brand":[],"product_cat":[25],"product_tag":[37],"class_list":{"0":"post-2475","1":"product","2":"type-product","3":"status-publish","4":"has-post-thumbnail","6":"product_cat-cityebikes","7":"product_tag-stevens","9":"first","10":"instock","11":"taxable","12":"shipping-taxable","13":"purchasable","14":"product-type-simple"},"jetpack_sharing_enabled":true,"_links":{"self":[{"href":"https:\/\/www.bakkie.de\/index.php\/wp-json\/wp\/v2\/product\/2475","targetHints":{"allow":["GET"]}}],"collection":[{"href":"https:\/\/www.bakkie.de\/index.php\/wp-json\/wp\/v2\/product"}],"about":[{"href":"https:\/\/www.bakkie.de\/index.php\/wp-json\/wp\/v2\/types\/product"}],"replies":[{"embeddable":true,"href":"https:\/\/www.bakkie.de\/index.php\/wp-json\/wp\/v2\/comments?post=2475"}],"version-history":[{"count":1,"href":"https:\/\/www.bakkie.de\/index.php\/wp-json\/wp\/v2\/product\/2475\/revisions"}],"predecessor-version":[{"id":2479,"href":"https:\/\/www.bakkie.de\/index.php\/wp-json\/wp\/v2\/product\/2475\/revisions\/2479"}],"wp:featuredmedia":[{"embeddable":true,"href":"https:\/\/www.bakkie.de\/index.php\/wp-json\/wp\/v2\/media\/2477"}],"wp:attachment":[{"href":"https:\/\/www.bakkie.de\/index.php\/wp-json\/wp\/v2\/media?parent=2475"}],"wp:term":[{"taxonomy":"product_brand","embeddable":true,"href":"https:\/\/www.bakkie.de\/index.php\/wp-json\/wp\/v2\/product_brand?post=2475"},{"taxonomy":"product_cat","embeddable":true,"href":"https:\/\/www.bakkie.de\/index.php\/wp-json\/wp\/v2\/product_cat?post=2475"},{"taxonomy":"product_tag","embeddable":true,"href":"https:\/\/www.bakkie.de\/index.php\/wp-json\/wp\/v2\/product_tag?post=2475"}],"curies":[{"name":"wp","href":"https:\/\/api.w.org\/{rel}","templated":true}]}}