{"id":2497,"date":"2025-10-24T15:06:01","date_gmt":"2025-10-24T13:06:01","guid":{"rendered":"https:\/\/www.bakkie.de\/?post_type=product&#038;p=2497"},"modified":"2025-10-24T15:06:01","modified_gmt":"2025-10-24T13:06:01","slug":"stevens-junior-furious-tour-gen-1-galaxy-blue-grosse-16","status":"publish","type":"product","link":"https:\/\/www.bakkie.de\/index.php\/product\/stevens-junior-furious-tour-gen-1-galaxy-blue-grosse-16\/","title":{"rendered":"STEVENS \u2013 JUNIOR \u2013 FURIOUS TOUR GEN 1 \u2013 GALAXY BLUE \u2013 GRO\u00dfE 16\u201d"},"content":{"rendered":"<div class=\"header\">\n<div id=\"bikedescription\">\n<h3>Daten<\/h3>\n<dl>\n<dt><img decoding=\"async\" src=\"https:\/\/www.stevensbikes.de\/all\/img\/icons\/ausstattung\/gewicht.gif\" alt=\"\" \/>Gewicht<\/dt>\n<dd class=\"art-name\">16,2 kg<\/dd>\n<\/dl>\n<dl>\n<dt><img decoding=\"async\" src=\"https:\/\/www.stevensbikes.de\/all\/img\/icons\/ausstattung\/gewicht.gif\" alt=\"\" \/>Zul. Gesamtgewicht<\/dt>\n<dd class=\"art-name\">115 kg<\/dd>\n<\/dl>\n<dl>\n<dt><img decoding=\"async\" src=\"https:\/\/www.stevensbikes.de\/all\/img\/icons\/ausstattung\/farbe.gif\" alt=\"\" \/>Farbe(n)<\/dt>\n<dd class=\"art-name\">\u00a0Galaxy Blue<\/dd>\n<\/dl>\n<dl>\n<dt><img decoding=\"async\" src=\"https:\/\/www.stevensbikes.de\/all\/img\/icons\/ausstattung\/groesse.gif\" alt=\"\" \/>Gr\u00f6\u00dfen<\/dt>\n<dd class=\"art-name\">16&#8243;<\/dd>\n<\/dl>\n<h2>Sportlicher und komfortabler Alltagsbegleiter<\/h2>\n<p>Ein cooles Bike f\u00fcr den Schulweg sowie h\u00f6chste Freizeitanforderungen und gleichzeitig mit voller Tourenausstattung? Das Furious Tour kombiniert Alltagspflichten und sportliche Anspr\u00fcche optimal miteinander. Die MTB-Gene \u2013 robuster Aluminiumrahmen, Federgabel, hydraulische Scheibenbremsen, Stollenr\u00e4der \u2013 treffen auf eine funktionelle Tourenausstattung. Gep\u00e4cktr\u00e4ger, Nabendynamo-Beleuchtung und Schutzbleche sorgen f\u00fcr den notwendigen Komfort. Und mit den brillianten Farben Lagoon Green und Galaxy Blue ist f\u00fcr jeden Geschmack etwas dabei.<\/p>\n<\/div>\n<ul id=\"highlights\">\n<li>Sportives Schul-Bike mit Gep\u00e4cktr\u00e4ger und Offroad-Potenzial f\u00fcr Wochenende und Ferien<\/li>\n<li>Hochwertiger leichter Aluminiumrahmen<\/li>\n<li>Zuverl\u00e4ssige Tektro Hydraulik-Scheibenbremsen<\/li>\n<li>Komplettes StVZO-Kit f\u00fcr den Stra\u00dfenalltag<\/li>\n<li>Sensible SR Suntour Aluminium-Federgabel (24&#8243;: 50 mm \/ 27,5&#8243;: 100 mm!)<\/li>\n<\/ul>\n<h2 class=\"h1\">Ausstattung<\/h2>\n<h3>Chassis<\/h3>\n<dl class=\"hasextra open\">\n<dt><img decoding=\"async\" src=\"https:\/\/www.stevensbikes.de\/all\/img\/icons\/ausstattung\/rohrmaterial.gif\" alt=\"\" \/>Rahmen<\/dt>\n<dd class=\"art-name\">Aluminium 6061<\/dd>\n<dd class=\"tech-info\">\n<ul>\n<li>O.L.D.: 135 mm<\/li>\n<li>Bremse: IS-Disc<\/li>\n<li>Tretlager: BSA 73 mm<\/li>\n<li>Umwerfer-Aufnahme: Schelle<\/li>\n<li>Zugverlegung: extern<\/li>\n<li>Schutzblech- u. Gep\u00e4cktr\u00e4ger-\u00d6sen<\/li>\n<\/ul>\n<\/dd>\n<\/dl>\n<dl class=\"hasextra open\">\n<dt><img decoding=\"async\" src=\"https:\/\/www.stevensbikes.de\/all\/img\/icons\/ausstattung\/gabel.gif\" alt=\"\" \/>Gabel<\/dt>\n<dd class=\"art-name\">SR Suntour XCE28<\/dd>\n<dd class=\"tech-info\">\n<ul>\n<li>Federweg: 100 mm<\/li>\n<li>Stahlfeder<\/li>\n<li>Gabelschaft 1 1\/8&#8243;<\/li>\n<li>O.L.D.: 100 mm<\/li>\n<li>Bremse: Postmount-Disc 160<\/li>\n<\/ul>\n<\/dd>\n<\/dl>\n<dl class=\"hasextra open\">\n<dt><img decoding=\"async\" src=\"https:\/\/www.stevensbikes.de\/all\/img\/icons\/ausstattung\/steuersatz.gif\" alt=\"\" \/>Steuersatz<\/dt>\n<dd class=\"art-name\">STEVENS MTB 1 1\/8&#8243;<\/dd>\n<dd class=\"tech-info\">\n<ul>\n<li>Obere Lagerschale: ZS44\/28,6<\/li>\n<li>Untere Lagerschale: ZS44\/30<\/li>\n<\/ul>\n<\/dd>\n<\/dl>\n<dl class=\"hasextra open\">\n<dt><img decoding=\"async\" src=\"https:\/\/www.stevensbikes.de\/all\/img\/icons\/ausstattung\/bremse.gif\" alt=\"\" \/>Bremse vorne<\/dt>\n<dd class=\"art-name\">Tektro HD-M275<\/dd>\n<dd class=\"tech-info\">\n<ul>\n<li>Hydraulische Scheibenbremse<\/li>\n<\/ul>\n<\/dd>\n<\/dl>\n<dl class=\"hasextra open\">\n<dt><img decoding=\"async\" src=\"https:\/\/www.stevensbikes.de\/all\/img\/icons\/ausstattung\/bremse.gif\" alt=\"\" \/>Bremse hinten<\/dt>\n<dd class=\"art-name\">Tektro HD-M275<\/dd>\n<dd class=\"tech-info\">\n<ul>\n<li>Hydraulische Scheibenbremse<\/li>\n<\/ul>\n<\/dd>\n<\/dl>\n<dl class=\"hasextra open\">\n<dt><img decoding=\"async\" src=\"https:\/\/www.stevensbikes.de\/all\/img\/icons\/ausstattung\/disc.gif\" alt=\"\" \/>Bremsscheibe vorne<\/dt>\n<dd class=\"art-name\">Shimano SM-RT30<\/dd>\n<dd class=\"tech-info\">\n<ul>\n<li>Scheibendurchmesser: 180 mm<\/li>\n<li>Center-Lock<\/li>\n<\/ul>\n<\/dd>\n<\/dl>\n<dl class=\"hasextra open\">\n<dt><img decoding=\"async\" src=\"https:\/\/www.stevensbikes.de\/all\/img\/icons\/ausstattung\/disc.gif\" alt=\"\" \/>Bremsscheibe hinten<\/dt>\n<dd class=\"art-name\">Shimano SM-RT30<\/dd>\n<dd class=\"tech-info\">\n<ul>\n<li>Scheibendurchmesser: 160 mm<\/li>\n<li>Center-Lock<\/li>\n<\/ul>\n<\/dd>\n<\/dl>\n<\/div>\n","protected":false},"excerpt":{"rendered":"<p>Daten Gewicht 16,2 kg Zul. Gesamtgewicht 115 kg Farbe(n) \u00a0Galaxy Blue Gr\u00f6\u00dfen 16&#8243; Sportlicher und komfortabler Alltagsbegleiter Ein cooles Bike f\u00fcr den Schulweg sowie h\u00f6chste Freizeitanforderungen und gleichzeitig mit voller Tourenausstattung? Das Furious Tour kombiniert Alltagspflichten und sportliche Anspr\u00fcche optimal miteinander. Die MTB-Gene \u2013 robuster Aluminiumrahmen, Federgabel, hydraulische Scheibenbremsen, Stollenr\u00e4der \u2013 treffen auf eine funktionelle [&hellip;]<\/p>\n","protected":false},"featured_media":2499,"comment_status":"open","ping_status":"closed","template":"","meta":[],"product_brand":[],"product_cat":[56],"product_tag":[37],"class_list":{"0":"post-2497","1":"product","2":"type-product","3":"status-publish","4":"has-post-thumbnail","6":"product_cat-jugendraeder","7":"product_tag-stevens","9":"first","10":"instock","11":"taxable","12":"shipping-taxable","13":"purchasable","14":"product-type-simple"},"jetpack_sharing_enabled":true,"_links":{"self":[{"href":"https:\/\/www.bakkie.de\/index.php\/wp-json\/wp\/v2\/product\/2497","targetHints":{"allow":["GET"]}}],"collection":[{"href":"https:\/\/www.bakkie.de\/index.php\/wp-json\/wp\/v2\/product"}],"about":[{"href":"https:\/\/www.bakkie.de\/index.php\/wp-json\/wp\/v2\/types\/product"}],"replies":[{"embeddable":true,"href":"https:\/\/www.bakkie.de\/index.php\/wp-json\/wp\/v2\/comments?post=2497"}],"version-history":[{"count":1,"href":"https:\/\/www.bakkie.de\/index.php\/wp-json\/wp\/v2\/product\/2497\/revisions"}],"predecessor-version":[{"id":2501,"href":"https:\/\/www.bakkie.de\/index.php\/wp-json\/wp\/v2\/product\/2497\/revisions\/2501"}],"wp:featuredmedia":[{"embeddable":true,"href":"https:\/\/www.bakkie.de\/index.php\/wp-json\/wp\/v2\/media\/2499"}],"wp:attachment":[{"href":"https:\/\/www.bakkie.de\/index.php\/wp-json\/wp\/v2\/media?parent=2497"}],"wp:term":[{"taxonomy":"product_brand","embeddable":true,"href":"https:\/\/www.bakkie.de\/index.php\/wp-json\/wp\/v2\/product_brand?post=2497"},{"taxonomy":"product_cat","embeddable":true,"href":"https:\/\/www.bakkie.de\/index.php\/wp-json\/wp\/v2\/product_cat?post=2497"},{"taxonomy":"product_tag","embeddable":true,"href":"https:\/\/www.bakkie.de\/index.php\/wp-json\/wp\/v2\/product_tag?post=2497"}],"curies":[{"name":"wp","href":"https:\/\/api.w.org\/{rel}","templated":true}]}}