{"id":2502,"date":"2025-10-24T15:43:21","date_gmt":"2025-10-24T13:43:21","guid":{"rendered":"https:\/\/www.bakkie.de\/?post_type=product&#038;p=2502"},"modified":"2025-10-24T15:43:21","modified_gmt":"2025-10-24T13:43:21","slug":"stevens-gravel-carbon-camino-pro-vogue-silver-grosse-51cm","status":"publish","type":"product","link":"https:\/\/www.bakkie.de\/index.php\/product\/stevens-gravel-carbon-camino-pro-vogue-silver-grosse-51cm\/","title":{"rendered":"STEVENS \u2013 GRAVEL CARBON\u2013 CAMINO PRO \u2013 VOGUE SILVER \u2013 GRO\u00dfE 51CM"},"content":{"rendered":"<div class=\"header\">\n<div id=\"bikedescription\">\n<h3>Daten<\/h3>\n<dl>\n<dt><img decoding=\"async\" src=\"https:\/\/www.stevensbikes.de\/all\/img\/icons\/ausstattung\/gewicht.gif\" alt=\"\" \/>Gewicht<\/dt>\n<dd class=\"art-name\">8,9 kg<\/dd>\n<\/dl>\n<dl>\n<dt><img decoding=\"async\" src=\"https:\/\/www.stevensbikes.de\/all\/img\/icons\/ausstattung\/gewicht.gif\" alt=\"\" \/>Zul. Gesamtgewicht<\/dt>\n<dd class=\"art-name\">130 kg<\/dd>\n<\/dl>\n<dl>\n<dt><img decoding=\"async\" src=\"https:\/\/www.stevensbikes.de\/all\/img\/icons\/ausstattung\/farbe.gif\" alt=\"\" \/>Farbe(n)<\/dt>\n<dd class=\"art-name\">Vogue Silver<\/dd>\n<\/dl>\n<dl>\n<dt><img decoding=\"async\" src=\"https:\/\/www.stevensbikes.de\/all\/img\/icons\/ausstattung\/groesse.gif\" alt=\"\" \/>Gr\u00f6\u00dfen<\/dt>\n<dd>\u00a051 cm<\/dd>\n<\/dl>\n<h2>F\u00fcr jeden Weg gemacht<\/h2>\n<p>Egal ob mehrt\u00e4gige Bike-Packing-Touren oder die schnelle Runde abseits asphaltierter Stra\u00dfen \u2013 basierend auf der Geometrie unserer erfolgreichen Gravel-Aluminiumrahmen ist das STEVENS Camino Pro ideal f\u00fcr alle, die ein multifunktionales Bikes mit superleichtem und komfortablem Carbonrahmen suchen. Der &#8222;Schotter&#8220;-Renner kommt mit flie\u00dfenden Formen und integrierter Kabelf\u00fchrung und l\u00e4sst mit seiner Top-Ausstattung rund um die exzellente Shimano GRX 820-Gruppe samt bandbreitenstarker 2&#215;12-Schaltung Gravel-Herzen schneller schlagen.<\/p>\n<\/div>\n<ul id=\"highlights\">\n<li>Modernes Carbon-Gravel-Bike mit Top-Ausstattung<\/li>\n<li>Integrierte Kabelf\u00fchrung und umfangreiche Bikepacking-Optionen<\/li>\n<li>Rahmen und Gabel mit bis zu 45 mm Reifenfreiheit<\/li>\n<li>Shimano GRX 820 2x12fach-Schaltung und -Bremsen<\/li>\n<li>Gravel-spezifischer DT Swiss G 1800 Spline-Laufradsatz<\/li>\n<\/ul>\n<h2 class=\"h1\">Ausstattung<\/h2>\n<\/div>\n<div class=\"specs grid\">\n<section class=\"art-group\">\n<h3>Chassis<\/h3>\n<dl class=\"hasextra open\">\n<dt><img decoding=\"async\" src=\"https:\/\/www.stevensbikes.de\/all\/img\/icons\/ausstattung\/rohrmaterial.gif\" alt=\"\" \/>Rahmen<\/dt>\n<dd class=\"art-name\">Carbon SL Fiber<\/dd>\n<dd class=\"tech-info\">\n<ul>\n<li>O.L.D.: 142 mm<\/li>\n<li>Bremse: Flatmount-Disc<\/li>\n<li>Tretlager: Pressfit BB86<\/li>\n<li>Umwerfer-Aufnahme: Schelle<\/li>\n<li>Zugverlegung: intern<\/li>\n<li>Schutzblech- u. Gep\u00e4cktr\u00e4ger-\u00d6sen<\/li>\n<\/ul>\n<\/dd>\n<\/dl>\n<dl class=\"hasextra open\">\n<dt><img decoding=\"async\" src=\"https:\/\/www.stevensbikes.de\/all\/img\/icons\/ausstattung\/gabel.gif\" alt=\"\" \/>Gabel<\/dt>\n<dd class=\"art-name\">STEVENS Full Carbon SL<\/dd>\n<dd class=\"tech-info\">\n<ul>\n<li>Konischer Gabelschaft 1 1\/8&#8243; &#8211; 1 1\/2&#8243;<\/li>\n<li>O.L.D.: 100 mm<\/li>\n<li>Bremse: Flatmount-Disc<\/li>\n<\/ul>\n<\/dd>\n<\/dl>\n<dl class=\"hasextra open\">\n<dt><img decoding=\"async\" src=\"https:\/\/www.stevensbikes.de\/all\/img\/icons\/ausstattung\/steuersatz.gif\" alt=\"\" \/>Steuersatz<\/dt>\n<dd class=\"art-name\">Deda DCR 1 1\/8&#8243;-1 1\/2&#8243;<\/dd>\n<dd class=\"tech-info\">\n<ul>\n<li>Obere Lagerschale: IS52\/28,6<\/li>\n<li>Untere Lagerschale: IS52\/40<\/li>\n<\/ul>\n<\/dd>\n<\/dl>\n<dl class=\"hasextra open\">\n<dt><img decoding=\"async\" src=\"https:\/\/www.stevensbikes.de\/all\/img\/icons\/ausstattung\/bremse.gif\" alt=\"\" \/>Bremse vorne<\/dt>\n<dd class=\"art-name\">Shimano GRX 820<\/dd>\n<dd class=\"tech-info\">\n<ul>\n<li>BR-RX820<\/li>\n<li>Hydraulische Scheibenbremse<\/li>\n<li>Flatmount-Aufnahme<\/li>\n<\/ul>\n<\/dd>\n<\/dl>\n<dl class=\"hasextra open\">\n<dt><img decoding=\"async\" src=\"https:\/\/www.stevensbikes.de\/all\/img\/icons\/ausstattung\/bremse.gif\" alt=\"\" \/>Bremse hinten<\/dt>\n<dd class=\"art-name\">Shimano GRX 820<\/dd>\n<dd class=\"tech-info\">\n<ul>\n<li>BR-RX820<\/li>\n<li>Hydraulische Scheibenbremse<\/li>\n<li>Flatmount-Aufnahme<\/li>\n<\/ul>\n<\/dd>\n<\/dl>\n<dl class=\"hasextra open\">\n<dt><img decoding=\"async\" src=\"https:\/\/www.stevensbikes.de\/all\/img\/icons\/ausstattung\/disc.gif\" alt=\"\" \/>Bremsscheiben<\/dt>\n<dd class=\"art-name\">RT-CL800<\/dd>\n<dd class=\"tech-info\">\n<ul>\n<li>Scheibendurchmesser: 160 mm<\/li>\n<li>Center-Lock<\/li>\n<li>Ice Technology FREEZA<\/li>\n<\/ul>\n<\/dd>\n<\/dl>\n<\/section>\n<\/div>\n","protected":false},"excerpt":{"rendered":"<p>Daten Gewicht 8,9 kg Zul. Gesamtgewicht 130 kg Farbe(n) Vogue Silver Gr\u00f6\u00dfen \u00a051 cm F\u00fcr jeden Weg gemacht Egal ob mehrt\u00e4gige Bike-Packing-Touren oder die schnelle Runde abseits asphaltierter Stra\u00dfen \u2013 basierend auf der Geometrie unserer erfolgreichen Gravel-Aluminiumrahmen ist das STEVENS Camino Pro ideal f\u00fcr alle, die ein multifunktionales Bikes mit superleichtem und komfortablem Carbonrahmen suchen. [&hellip;]<\/p>\n","protected":false},"featured_media":2504,"comment_status":"open","ping_status":"closed","template":"","meta":[],"product_brand":[],"product_cat":[57],"product_tag":[37],"class_list":{"0":"post-2502","1":"product","2":"type-product","3":"status-publish","4":"has-post-thumbnail","6":"product_cat-road-gravel","7":"product_tag-stevens","9":"first","10":"instock","11":"taxable","12":"shipping-taxable","13":"purchasable","14":"product-type-simple"},"jetpack_sharing_enabled":true,"_links":{"self":[{"href":"https:\/\/www.bakkie.de\/index.php\/wp-json\/wp\/v2\/product\/2502","targetHints":{"allow":["GET"]}}],"collection":[{"href":"https:\/\/www.bakkie.de\/index.php\/wp-json\/wp\/v2\/product"}],"about":[{"href":"https:\/\/www.bakkie.de\/index.php\/wp-json\/wp\/v2\/types\/product"}],"replies":[{"embeddable":true,"href":"https:\/\/www.bakkie.de\/index.php\/wp-json\/wp\/v2\/comments?post=2502"}],"version-history":[{"count":1,"href":"https:\/\/www.bakkie.de\/index.php\/wp-json\/wp\/v2\/product\/2502\/revisions"}],"predecessor-version":[{"id":2506,"href":"https:\/\/www.bakkie.de\/index.php\/wp-json\/wp\/v2\/product\/2502\/revisions\/2506"}],"wp:featuredmedia":[{"embeddable":true,"href":"https:\/\/www.bakkie.de\/index.php\/wp-json\/wp\/v2\/media\/2504"}],"wp:attachment":[{"href":"https:\/\/www.bakkie.de\/index.php\/wp-json\/wp\/v2\/media?parent=2502"}],"wp:term":[{"taxonomy":"product_brand","embeddable":true,"href":"https:\/\/www.bakkie.de\/index.php\/wp-json\/wp\/v2\/product_brand?post=2502"},{"taxonomy":"product_cat","embeddable":true,"href":"https:\/\/www.bakkie.de\/index.php\/wp-json\/wp\/v2\/product_cat?post=2502"},{"taxonomy":"product_tag","embeddable":true,"href":"https:\/\/www.bakkie.de\/index.php\/wp-json\/wp\/v2\/product_tag?post=2502"}],"curies":[{"name":"wp","href":"https:\/\/api.w.org\/{rel}","templated":true}]}}