{"id":2507,"date":"2025-10-24T15:55:34","date_gmt":"2025-10-24T13:55:34","guid":{"rendered":"https:\/\/www.bakkie.de\/?post_type=product&#038;p=2507"},"modified":"2025-10-24T15:55:34","modified_gmt":"2025-10-24T13:55:34","slug":"stevens-gravel-alloy-gavere-light-khaki-grosse-58cm","status":"publish","type":"product","link":"https:\/\/www.bakkie.de\/index.php\/product\/stevens-gravel-alloy-gavere-light-khaki-grosse-58cm\/","title":{"rendered":"STEVENS \u2013 GRAVEL ALLOY\u2013 GAVERE \u2013 LIGHT KHAKI \u2013 GRO\u00dfE 58CM"},"content":{"rendered":"<h3>Daten<\/h3>\n<dl>\n<dt><img decoding=\"async\" src=\"https:\/\/www.stevensbikes.de\/all\/img\/icons\/ausstattung\/gewicht.gif\" alt=\"\" \/>Gewicht<\/dt>\n<dd class=\"art-name\">12,0 kg<\/dd>\n<\/dl>\n<dl>\n<dt><img decoding=\"async\" src=\"https:\/\/www.stevensbikes.de\/all\/img\/icons\/ausstattung\/gewicht.gif\" alt=\"\" \/>Zul. Gesamtgewicht<\/dt>\n<dd class=\"art-name\">130 kg<\/dd>\n<\/dl>\n<dl>\n<dt><img decoding=\"async\" src=\"https:\/\/www.stevensbikes.de\/all\/img\/icons\/ausstattung\/farbe.gif\" alt=\"\" \/>Farbe(n)<\/dt>\n<dd class=\"art-name\">Light Khaki<\/dd>\n<\/dl>\n<dl>\n<dt><img decoding=\"async\" src=\"https:\/\/www.stevensbikes.de\/all\/img\/icons\/ausstattung\/groesse.gif\" alt=\"\" \/>Gr\u00f6\u00dfen<\/dt>\n<dd class=\"art-name\">58 cm<\/dd>\n<\/dl>\n<div id=\"bikedescription\">\n<h2>Gravel-Allrounder mit hervorragendem Preis-Leistungs-Verh\u00e4ltnis<\/h2>\n<p>Das Gavere ist der ideale Begleiter f\u00fcr Pendelstrecken, Feierabendrunden und Bikepacking-Abenteuer. Der neu entwickelte, elegante Aluminiumrahmen in Light Khaki mit leichter Alugabel sorgt dank entspannter Geometrie f\u00fcr Laufruhe und Komfort.<br \/>\nMit dem Shimano CUES 2&#215;10-Antrieb schaltest du m\u00fchelos mit den Fingerspitzen, w\u00e4hrend die breit abgestufte \u00dcbersetzung f\u00fcr ein sicheres, souver\u00e4nes Fahrgef\u00fchl sorgt \u2013 egal, ob in der Stadt oder in der Natur.<br \/>\nDie gro\u00dfz\u00fcgige Reifenfreiheit erm\u00f6glicht schnelles und komfortables Fahren bei reduziertem Reifendruck. Ausgestattet mit schnell rollenden 45-mm-Schwalbe-G-One-Comp-Reifen bietet das Gavere optimalen Grip und Kontrolle auf Schotterpisten, Waldwegen und flowigen Trails.<\/p>\n<\/div>\n<ul id=\"highlights\">\n<li>Der unkomplizierte Einstieg in die STEVENS Gravel Alloy Welt<\/li>\n<li>Vollst\u00e4ndig neuentwickelter Aluminium-Rahmen mit viel Reifenfreiheit und lenksteifer Gabel<\/li>\n<li>Robuste Shimano CUES U4000 2x10fach-Schaltung mit mechanischen Tektro-Scheibenbremsen<\/li>\n<li>Langlebiger Laufradsatz mit Schwalbe G-One Comp-Reifen in 45 mm Breite<\/li>\n<li>Gravel-spezifisches Cockpit mit Riser-Lenker f\u00fcr Komfort und beste Bike-Kontrolle<\/li>\n<\/ul>\n<div class=\"header\">\n<h2 class=\"h1\">Ausstattung<\/h2>\n<\/div>\n<div class=\"specs grid\">\n<section class=\"art-group\">\n<h3>Chassis<\/h3>\n<dl class=\"hasextra open\">\n<dt><img decoding=\"async\" src=\"https:\/\/www.stevensbikes.de\/all\/img\/icons\/ausstattung\/rohrmaterial.gif\" alt=\"\" \/>Rahmen<\/dt>\n<dd class=\"art-name\">Aluminium 6061<\/dd>\n<dd class=\"tech-info\">\n<ul>\n<li>O.L.D.: 142 mm<\/li>\n<li>Bremse: Flatmount-Disc<\/li>\n<li>Tretlager: BSA68<\/li>\n<li>Umwerfer-Aufnahme: Schelle<\/li>\n<li>Zugverlegung: intern<\/li>\n<li>Schutzblech- u. Gep\u00e4cktr\u00e4ger-\u00d6sen<\/li>\n<\/ul>\n<\/dd>\n<\/dl>\n<dl class=\"hasextra open\">\n<dt><img decoding=\"async\" src=\"https:\/\/www.stevensbikes.de\/all\/img\/icons\/ausstattung\/gabel.gif\" alt=\"\" \/>Gabel<\/dt>\n<dd class=\"art-name\">STEVENS S-Lite Aluminium<\/dd>\n<dd class=\"tech-info\">\n<ul>\n<li>Konischer Gabelschaft 1 1\/8&#8243; &#8211; 1,5&#8243;<\/li>\n<li>O.L.D.: 100 mm<\/li>\n<li>Bremse: Flatmount-Disc<\/li>\n<\/ul>\n<\/dd>\n<\/dl>\n<dl class=\"hasextra open\">\n<dt><img decoding=\"async\" src=\"https:\/\/www.stevensbikes.de\/all\/img\/icons\/ausstattung\/steuersatz.gif\" alt=\"\" \/>Steuersatz<\/dt>\n<dd class=\"art-name\">Token TK1556PD<\/dd>\n<dd class=\"tech-info\">\n<ul>\n<li>Obere Lagerschale: IS52\/28,6<\/li>\n<li>Untere Lagerschale: IS52\/40<\/li>\n<\/ul>\n<\/dd>\n<\/dl>\n<dl class=\"hasextra open\">\n<dt><img decoding=\"async\" src=\"https:\/\/www.stevensbikes.de\/all\/img\/icons\/ausstattung\/bremse.gif\" alt=\"\" \/>Bremse vorne<\/dt>\n<dd class=\"art-name\">Tektro MD-C550<\/dd>\n<dd class=\"tech-info\">\n<ul>\n<li>Mechanische Scheibenbremse<\/li>\n<li>2 Kolben<\/li>\n<\/ul>\n<\/dd>\n<\/dl>\n<dl class=\"hasextra open\">\n<dt><img decoding=\"async\" src=\"https:\/\/www.stevensbikes.de\/all\/img\/icons\/ausstattung\/bremse.gif\" alt=\"\" \/>Bremse hinten<\/dt>\n<dd class=\"art-name\">Tektro MD-C550<\/dd>\n<dd class=\"tech-info\">\n<ul>\n<li>Mechanische Scheibenbremse<\/li>\n<li>2 Kolben<\/li>\n<\/ul>\n<\/dd>\n<\/dl>\n<dl class=\"hasextra open\">\n<dt><img decoding=\"async\" src=\"https:\/\/www.stevensbikes.de\/all\/img\/icons\/ausstattung\/disc.gif\" alt=\"\" \/>Bremsscheiben<\/dt>\n<dd class=\"art-name\">Tektro TR160-35<\/dd>\n<dd class=\"tech-info\">\n<ul>\n<li>Scheibendurchmesser: 160 mm<\/li>\n<li>Center-Lock<\/li>\n<\/ul>\n<\/dd>\n<\/dl>\n<\/section>\n<\/div>\n","protected":false},"excerpt":{"rendered":"<p>Daten Gewicht 12,0 kg Zul. Gesamtgewicht 130 kg Farbe(n) Light Khaki Gr\u00f6\u00dfen 58 cm Gravel-Allrounder mit hervorragendem Preis-Leistungs-Verh\u00e4ltnis Das Gavere ist der ideale Begleiter f\u00fcr Pendelstrecken, Feierabendrunden und Bikepacking-Abenteuer. Der neu entwickelte, elegante Aluminiumrahmen in Light Khaki mit leichter Alugabel sorgt dank entspannter Geometrie f\u00fcr Laufruhe und Komfort. Mit dem Shimano CUES 2&#215;10-Antrieb schaltest du [&hellip;]<\/p>\n","protected":false},"featured_media":2509,"comment_status":"open","ping_status":"closed","template":"","meta":[],"product_brand":[],"product_cat":[57],"product_tag":[37],"class_list":{"0":"post-2507","1":"product","2":"type-product","3":"status-publish","4":"has-post-thumbnail","6":"product_cat-road-gravel","7":"product_tag-stevens","9":"first","10":"instock","11":"taxable","12":"shipping-taxable","13":"purchasable","14":"product-type-simple"},"jetpack_sharing_enabled":true,"_links":{"self":[{"href":"https:\/\/www.bakkie.de\/index.php\/wp-json\/wp\/v2\/product\/2507","targetHints":{"allow":["GET"]}}],"collection":[{"href":"https:\/\/www.bakkie.de\/index.php\/wp-json\/wp\/v2\/product"}],"about":[{"href":"https:\/\/www.bakkie.de\/index.php\/wp-json\/wp\/v2\/types\/product"}],"replies":[{"embeddable":true,"href":"https:\/\/www.bakkie.de\/index.php\/wp-json\/wp\/v2\/comments?post=2507"}],"version-history":[{"count":1,"href":"https:\/\/www.bakkie.de\/index.php\/wp-json\/wp\/v2\/product\/2507\/revisions"}],"predecessor-version":[{"id":2511,"href":"https:\/\/www.bakkie.de\/index.php\/wp-json\/wp\/v2\/product\/2507\/revisions\/2511"}],"wp:featuredmedia":[{"embeddable":true,"href":"https:\/\/www.bakkie.de\/index.php\/wp-json\/wp\/v2\/media\/2509"}],"wp:attachment":[{"href":"https:\/\/www.bakkie.de\/index.php\/wp-json\/wp\/v2\/media?parent=2507"}],"wp:term":[{"taxonomy":"product_brand","embeddable":true,"href":"https:\/\/www.bakkie.de\/index.php\/wp-json\/wp\/v2\/product_brand?post=2507"},{"taxonomy":"product_cat","embeddable":true,"href":"https:\/\/www.bakkie.de\/index.php\/wp-json\/wp\/v2\/product_cat?post=2507"},{"taxonomy":"product_tag","embeddable":true,"href":"https:\/\/www.bakkie.de\/index.php\/wp-json\/wp\/v2\/product_tag?post=2507"}],"curies":[{"name":"wp","href":"https:\/\/api.w.org\/{rel}","templated":true}]}}