{"id":2512,"date":"2025-10-24T16:00:43","date_gmt":"2025-10-24T14:00:43","guid":{"rendered":"https:\/\/www.bakkie.de\/?post_type=product&#038;p=2512"},"modified":"2025-10-24T16:00:43","modified_gmt":"2025-10-24T14:00:43","slug":"stevens-race-road-aspin-disc-smoked-steel-grosse-54cm","status":"publish","type":"product","link":"https:\/\/www.bakkie.de\/index.php\/product\/stevens-race-road-aspin-disc-smoked-steel-grosse-54cm\/","title":{"rendered":"STEVENS \u2013 RACE ROAD\u2013 ASPIN DISC \u2013 SMOKED STEEL \u2013 GRO\u00dfE 54CM"},"content":{"rendered":"<h3>Daten<\/h3>\n<dl>\n<dt><img decoding=\"async\" src=\"https:\/\/www.stevensbikes.de\/all\/img\/icons\/ausstattung\/gewicht.gif\" alt=\"\" \/>Gewicht<\/dt>\n<dd class=\"art-name\">9,2 kg<\/dd>\n<\/dl>\n<dl>\n<dt><img decoding=\"async\" src=\"https:\/\/www.stevensbikes.de\/all\/img\/icons\/ausstattung\/gewicht.gif\" alt=\"\" \/>Zul. Gesamtgewicht<\/dt>\n<dd class=\"art-name\">115 kg<\/dd>\n<\/dl>\n<dl>\n<dt><img decoding=\"async\" src=\"https:\/\/www.stevensbikes.de\/all\/img\/icons\/ausstattung\/farbe.gif\" alt=\"\" \/>Farbe(n)<\/dt>\n<dd class=\"art-name\">Smoked Steel<\/dd>\n<\/dl>\n<dl>\n<dt><img decoding=\"async\" src=\"https:\/\/www.stevensbikes.de\/all\/img\/icons\/ausstattung\/groesse.gif\" alt=\"\" \/>Gr\u00f6\u00dfen<\/dt>\n<dd class=\"art-name\">54 cm<\/dd>\n<\/dl>\n<h2>Alu-Allrounder<\/h2>\n<p>Die Gene sind legend\u00e4r \u2013 die Ausf\u00fchrung auf modernstem Nivau. Die logische Weiterentwicklung unseres renommierten Aspin Aluminiumrahmen-Rennrades ist das Aspin Disc. Das Bike besticht durch seine sportlich-komfortable Allround-Geometrie, die auch nach langen Stunden im Sattel nicht unbequem wird und gleichzeitig viel Agilit\u00e4t fu\u0308r schnelle Runden verspricht. Um eine maximale Integration zu erm\u00f6glichen und den Luftwiderstand zu minimieren, ist der Rahmen fu\u0308r eine interne Kabelfu\u0308hrung ausgelegt. Das Aspin Disc Komplettrad kommt mit Shimanos verfeinerter, mechanisch geschalteter 105 12fach-Komponentengruppe mit 50\/34-Z\u00e4hne-Kompaktkurbel und 11-34-Z\u00e4hne-Kassette \u2013 damit Sie am Berg und in der Ebene immer im richtigen Gang sind. Ebenfalls zur Ausstattung geh\u00f6ren die bew\u00e4hrten DT Swiss P 1800 Spline-Laufr\u00e4der mit 28 Millimeter breiten Continental Grand Prix-Reifen f\u00fcr erh\u00f6hten Komfort. Zus\u00e4tzlich zum Komplettrad ist das Aspin Disc auch \u00fcber unseren STEVENS Custom-Bikes-Konfigurator nach pers\u00f6nlichen Vorlieben und mit hochwertigsten Komponenten ausru\u0308stbar.<\/p>\n<div class=\"header\">\n<h2 class=\"h1\">Ausstattung<\/h2>\n<\/div>\n<div class=\"specs grid\">\n<section class=\"art-group\">\n<h3>Chassis<\/h3>\n<dl class=\"hasextra open\">\n<dt><img decoding=\"async\" src=\"https:\/\/www.stevensbikes.de\/all\/img\/icons\/ausstattung\/rohrmaterial.gif\" alt=\"\" \/>Rahmen<\/dt>\n<dd class=\"art-name\">Aluminium SL 7005 TB<\/dd>\n<dd class=\"tech-info\">\n<ul>\n<li>O.L.D.: 142 mm<\/li>\n<li>Bremse: Flatmount-Disc<\/li>\n<li>Tretlager: Pressfit BB86<\/li>\n<li>Umwerfer-Aufnahme: Anl\u00f6tsockel<\/li>\n<li>Zugverlegung: intern<\/li>\n<\/ul>\n<\/dd>\n<\/dl>\n<dl class=\"hasextra open\">\n<dt><img decoding=\"async\" src=\"https:\/\/www.stevensbikes.de\/all\/img\/icons\/ausstattung\/gabel.gif\" alt=\"\" \/>Gabel<\/dt>\n<dd class=\"art-name\">STEVENS Full Carbon SL<\/dd>\n<dd class=\"tech-info\">\n<ul>\n<li>Konischer Gabelschaft 1 1\/8&#8243; &#8211; 1 1\/2&#8243;<\/li>\n<li>O.L.D.: 100 mm<\/li>\n<li>Bremse: Flatmount-Disc<\/li>\n<\/ul>\n<\/dd>\n<\/dl>\n<dl class=\"hasextra open\">\n<dt><img decoding=\"async\" src=\"https:\/\/www.stevensbikes.de\/all\/img\/icons\/ausstattung\/steuersatz.gif\" alt=\"\" \/>Steuersatz<\/dt>\n<dd class=\"art-name\">FSA No. 80 CR II 1 1\/8&#8243;-1 1\/2&#8243;<\/dd>\n<dd class=\"tech-info\">\n<ul>\n<li>Obere Lagerschale: IS52\/28,6<\/li>\n<li>Untere Lagerschale: IS52\/40<\/li>\n<\/ul>\n<\/dd>\n<\/dl>\n<dl class=\"hasextra open\">\n<dt><img decoding=\"async\" src=\"https:\/\/www.stevensbikes.de\/all\/img\/icons\/ausstattung\/bremse.gif\" alt=\"\" \/>Bremse vorne<\/dt>\n<dd class=\"art-name\">Shimano 105<\/dd>\n<dd class=\"tech-info\">\n<ul>\n<li>BR-R7170<\/li>\n<li>Hydraulische Scheibenbremse<\/li>\n<li>Flatmount-Aufnahme<\/li>\n<\/ul>\n<\/dd>\n<\/dl>\n<dl class=\"hasextra open\">\n<dt><img decoding=\"async\" src=\"https:\/\/www.stevensbikes.de\/all\/img\/icons\/ausstattung\/bremse.gif\" alt=\"\" \/>Bremse hinten<\/dt>\n<dd class=\"art-name\">Shimano 105<\/dd>\n<dd class=\"tech-info\">\n<ul>\n<li>BR-R7170<\/li>\n<li>Hydraulische Scheibenbremse<\/li>\n<li>Flatmount-Aufnahme<\/li>\n<\/ul>\n<\/dd>\n<\/dl>\n<dl class=\"hasextra open\">\n<dt><img decoding=\"async\" src=\"https:\/\/www.stevensbikes.de\/all\/img\/icons\/ausstattung\/disc.gif\" alt=\"\" \/>Bremsscheiben<\/dt>\n<dd class=\"art-name\">Shimano SM-RT70<\/dd>\n<dd class=\"tech-info\">\n<ul>\n<li>Scheibendurchmesser: 160 mm<\/li>\n<li>Center-Lock<\/li>\n<\/ul>\n<\/dd>\n<\/dl>\n<\/section>\n<\/div>\n","protected":false},"excerpt":{"rendered":"<p>Daten Gewicht 9,2 kg Zul. Gesamtgewicht 115 kg Farbe(n) Smoked Steel Gr\u00f6\u00dfen 54 cm Alu-Allrounder Die Gene sind legend\u00e4r \u2013 die Ausf\u00fchrung auf modernstem Nivau. Die logische Weiterentwicklung unseres renommierten Aspin Aluminiumrahmen-Rennrades ist das Aspin Disc. Das Bike besticht durch seine sportlich-komfortable Allround-Geometrie, die auch nach langen Stunden im Sattel nicht unbequem wird und gleichzeitig [&hellip;]<\/p>\n","protected":false},"featured_media":2514,"comment_status":"open","ping_status":"closed","template":"","meta":[],"product_brand":[],"product_cat":[57],"product_tag":[37],"class_list":{"0":"post-2512","1":"product","2":"type-product","3":"status-publish","4":"has-post-thumbnail","6":"product_cat-road-gravel","7":"product_tag-stevens","9":"first","10":"instock","11":"taxable","12":"shipping-taxable","13":"purchasable","14":"product-type-simple"},"jetpack_sharing_enabled":true,"_links":{"self":[{"href":"https:\/\/www.bakkie.de\/index.php\/wp-json\/wp\/v2\/product\/2512","targetHints":{"allow":["GET"]}}],"collection":[{"href":"https:\/\/www.bakkie.de\/index.php\/wp-json\/wp\/v2\/product"}],"about":[{"href":"https:\/\/www.bakkie.de\/index.php\/wp-json\/wp\/v2\/types\/product"}],"replies":[{"embeddable":true,"href":"https:\/\/www.bakkie.de\/index.php\/wp-json\/wp\/v2\/comments?post=2512"}],"version-history":[{"count":1,"href":"https:\/\/www.bakkie.de\/index.php\/wp-json\/wp\/v2\/product\/2512\/revisions"}],"predecessor-version":[{"id":2516,"href":"https:\/\/www.bakkie.de\/index.php\/wp-json\/wp\/v2\/product\/2512\/revisions\/2516"}],"wp:featuredmedia":[{"embeddable":true,"href":"https:\/\/www.bakkie.de\/index.php\/wp-json\/wp\/v2\/media\/2514"}],"wp:attachment":[{"href":"https:\/\/www.bakkie.de\/index.php\/wp-json\/wp\/v2\/media?parent=2512"}],"wp:term":[{"taxonomy":"product_brand","embeddable":true,"href":"https:\/\/www.bakkie.de\/index.php\/wp-json\/wp\/v2\/product_brand?post=2512"},{"taxonomy":"product_cat","embeddable":true,"href":"https:\/\/www.bakkie.de\/index.php\/wp-json\/wp\/v2\/product_cat?post=2512"},{"taxonomy":"product_tag","embeddable":true,"href":"https:\/\/www.bakkie.de\/index.php\/wp-json\/wp\/v2\/product_tag?post=2512"}],"curies":[{"name":"wp","href":"https:\/\/api.w.org\/{rel}","templated":true}]}}