{"id":2517,"date":"2025-10-24T16:04:36","date_gmt":"2025-10-24T14:04:36","guid":{"rendered":"https:\/\/www.bakkie.de\/?post_type=product&#038;p=2517"},"modified":"2025-10-24T16:04:36","modified_gmt":"2025-10-24T14:04:36","slug":"stevens-race-road-stelvio-red-currant-grosse-56cm","status":"publish","type":"product","link":"https:\/\/www.bakkie.de\/index.php\/product\/stevens-race-road-stelvio-red-currant-grosse-56cm\/","title":{"rendered":"STEVENS \u2013 RACE ROAD\u2013 STELVIO \u2013 RED CURRANT \u2013 GRO\u00dfE 56CM"},"content":{"rendered":"<h3>Daten<\/h3>\n<dl>\n<dt><img decoding=\"async\" src=\"https:\/\/www.stevensbikes.de\/all\/img\/icons\/ausstattung\/gewicht.gif\" alt=\"\" \/>Gewicht<\/dt>\n<dd class=\"art-name\">8,5 kg<\/dd>\n<\/dl>\n<dl>\n<dt><img decoding=\"async\" src=\"https:\/\/www.stevensbikes.de\/all\/img\/icons\/ausstattung\/gewicht.gif\" alt=\"\" \/>Zul. Gesamtgewicht<\/dt>\n<dd class=\"art-name\">115 kg<\/dd>\n<\/dl>\n<dl>\n<dt><img decoding=\"async\" src=\"https:\/\/www.stevensbikes.de\/all\/img\/icons\/ausstattung\/farbe.gif\" alt=\"\" \/>Farbe(n)<\/dt>\n<dd class=\"art-name\">Red Currant<\/dd>\n<\/dl>\n<dl>\n<dt><img decoding=\"async\" src=\"https:\/\/www.stevensbikes.de\/all\/img\/icons\/ausstattung\/groesse.gif\" alt=\"\" \/>Gr\u00f6\u00dfen<\/dt>\n<dd>56 cm<\/dd>\n<\/dl>\n<h2>Bereit f\u00fcr h\u00f6chste Aufgaben<\/h2>\n<p>Wer von S\u00fcden kommt, sagt \u201eStelvio\u201c, von Norden ist es das Stilfser Joch. Mit fast 2000 Metern H\u00f6hendifferenz verwehrt der Pass demjenigen die Durchfahrt, der zu wenige G\u00e4nge mitbringt. Doch das STEVENS Stelvio kommt locker r\u00fcber: Unsere verfeinerte Race-Geometrie und Shimanos komplette 105er-Gruppe mit Compact-Kurbelsatz sichern den Aufstieg. Die steife Carbongabel und die zuverl\u00e4ssigen Bremsen machen jedes Abfahrtstempo beherrschbar. Und das f\u00fcr praktisch jeden \u2013 dank 9 fein abgestufter Rahmengr\u00f6\u00dfen.<\/p>\n<div class=\"header\">\n<h2 class=\"h1\">Ausstattung<\/h2>\n<\/div>\n<div class=\"specs grid\">\n<section class=\"art-group\">\n<h3>Chassis<\/h3>\n<dl class=\"hasextra open\">\n<dt><img decoding=\"async\" src=\"https:\/\/www.stevensbikes.de\/all\/img\/icons\/ausstattung\/rohrmaterial.gif\" alt=\"\" \/>Rahmen<\/dt>\n<dd class=\"art-name\">Aluminium SL 6061 TB<\/dd>\n<dd class=\"tech-info\">\n<ul>\n<li>O.L.D.: 130 mm<\/li>\n<li>Bremse: Felge<\/li>\n<li>Tretlager: Pressfit BB86<\/li>\n<li>Umwerfer-Aufnahme: Schelle<\/li>\n<li>Zugverlegung: intern<\/li>\n<\/ul>\n<\/dd>\n<\/dl>\n<dl class=\"hasextra open\">\n<dt><img decoding=\"async\" src=\"https:\/\/www.stevensbikes.de\/all\/img\/icons\/ausstattung\/gabel.gif\" alt=\"\" \/>Gabel<\/dt>\n<dd class=\"art-name\">STEVENS Full Carbon SL<\/dd>\n<dd class=\"tech-info\">\n<ul>\n<li>Konischer Gabelschaft 1 1\/8&#8243; &#8211; 1 1\/4&#8243;<\/li>\n<li>O.L.D.: 100 mm<\/li>\n<li>Bremse: Felge<\/li>\n<\/ul>\n<\/dd>\n<\/dl>\n<dl class=\"hasextra open\">\n<dt><img decoding=\"async\" src=\"https:\/\/www.stevensbikes.de\/all\/img\/icons\/ausstattung\/steuersatz.gif\" alt=\"\" \/>Steuersatz<\/dt>\n<dd class=\"art-name\">STEVENS Race Taper 1 1\/8&#8243;-1 1\/4&#8243;<\/dd>\n<dd class=\"tech-info\">\n<ul>\n<li>Obere Lagerschale: IS42\/28,6<\/li>\n<li>Untere Lagerschale: IS47\/33<\/li>\n<\/ul>\n<\/dd>\n<\/dl>\n<dl class=\"hasextra open\">\n<dt><img decoding=\"async\" src=\"https:\/\/www.stevensbikes.de\/all\/img\/icons\/ausstattung\/bremse.gif\" alt=\"\" \/>Bremse vorne<\/dt>\n<dd class=\"art-name\">Shimano 105<\/dd>\n<dd class=\"tech-info\">\n<ul>\n<li>BR-R7000<\/li>\n<\/ul>\n<\/dd>\n<\/dl>\n<dl class=\"hasextra open\">\n<dt><img decoding=\"async\" src=\"https:\/\/www.stevensbikes.de\/all\/img\/icons\/ausstattung\/bremse.gif\" alt=\"\" \/>Bremse hinten<\/dt>\n<dd class=\"art-name\">Shimano 105<\/dd>\n<dd class=\"tech-info\">\n<ul>\n<li>BR-R7000<\/li>\n<\/ul>\n<\/dd>\n<\/dl>\n<\/section>\n<\/div>\n","protected":false},"excerpt":{"rendered":"<p>Daten Gewicht 8,5 kg Zul. Gesamtgewicht 115 kg Farbe(n) Red Currant Gr\u00f6\u00dfen 56 cm Bereit f\u00fcr h\u00f6chste Aufgaben Wer von S\u00fcden kommt, sagt \u201eStelvio\u201c, von Norden ist es das Stilfser Joch. Mit fast 2000 Metern H\u00f6hendifferenz verwehrt der Pass demjenigen die Durchfahrt, der zu wenige G\u00e4nge mitbringt. Doch das STEVENS Stelvio kommt locker r\u00fcber: Unsere [&hellip;]<\/p>\n","protected":false},"featured_media":2519,"comment_status":"open","ping_status":"closed","template":"","meta":[],"product_brand":[],"product_cat":[57],"product_tag":[37],"class_list":{"0":"post-2517","1":"product","2":"type-product","3":"status-publish","4":"has-post-thumbnail","6":"product_cat-road-gravel","7":"product_tag-stevens","9":"first","10":"instock","11":"taxable","12":"shipping-taxable","13":"purchasable","14":"product-type-simple"},"jetpack_sharing_enabled":true,"_links":{"self":[{"href":"https:\/\/www.bakkie.de\/index.php\/wp-json\/wp\/v2\/product\/2517","targetHints":{"allow":["GET"]}}],"collection":[{"href":"https:\/\/www.bakkie.de\/index.php\/wp-json\/wp\/v2\/product"}],"about":[{"href":"https:\/\/www.bakkie.de\/index.php\/wp-json\/wp\/v2\/types\/product"}],"replies":[{"embeddable":true,"href":"https:\/\/www.bakkie.de\/index.php\/wp-json\/wp\/v2\/comments?post=2517"}],"version-history":[{"count":1,"href":"https:\/\/www.bakkie.de\/index.php\/wp-json\/wp\/v2\/product\/2517\/revisions"}],"predecessor-version":[{"id":2521,"href":"https:\/\/www.bakkie.de\/index.php\/wp-json\/wp\/v2\/product\/2517\/revisions\/2521"}],"wp:featuredmedia":[{"embeddable":true,"href":"https:\/\/www.bakkie.de\/index.php\/wp-json\/wp\/v2\/media\/2519"}],"wp:attachment":[{"href":"https:\/\/www.bakkie.de\/index.php\/wp-json\/wp\/v2\/media?parent=2517"}],"wp:term":[{"taxonomy":"product_brand","embeddable":true,"href":"https:\/\/www.bakkie.de\/index.php\/wp-json\/wp\/v2\/product_brand?post=2517"},{"taxonomy":"product_cat","embeddable":true,"href":"https:\/\/www.bakkie.de\/index.php\/wp-json\/wp\/v2\/product_cat?post=2517"},{"taxonomy":"product_tag","embeddable":true,"href":"https:\/\/www.bakkie.de\/index.php\/wp-json\/wp\/v2\/product_tag?post=2517"}],"curies":[{"name":"wp","href":"https:\/\/api.w.org\/{rel}","templated":true}]}}