{"id":2525,"date":"2025-10-24T16:14:53","date_gmt":"2025-10-24T14:14:53","guid":{"rendered":"https:\/\/www.bakkie.de\/?post_type=product&#038;p=2525"},"modified":"2025-10-24T16:14:53","modified_gmt":"2025-10-24T14:14:53","slug":"stevens-urban-x-cross-strada-1000-green-grey-grosse-55cm","status":"publish","type":"product","link":"https:\/\/www.bakkie.de\/index.php\/product\/stevens-urban-x-cross-strada-1000-green-grey-grosse-55cm\/","title":{"rendered":"STEVENS &#8211; URBAN | X-CROSS &#8211; STRADA 1000 &#8211; GREEN | GREY &#8211; GRO\u00dfE 55CM"},"content":{"rendered":"<h3>Daten<\/h3>\n<dl>\n<dt><img decoding=\"async\" src=\"https:\/\/www.stevensbikes.de\/all\/img\/icons\/ausstattung\/gewicht.gif\" alt=\"\" \/>Gewicht<\/dt>\n<dd class=\"art-name\">9,8 kg<\/dd>\n<\/dl>\n<dl>\n<dt><img decoding=\"async\" src=\"https:\/\/www.stevensbikes.de\/all\/img\/icons\/ausstattung\/gewicht.gif\" alt=\"\" \/>Zul. Gesamtgewicht<\/dt>\n<dd class=\"art-name\">130 kg<\/dd>\n<\/dl>\n<dl>\n<dt><img decoding=\"async\" src=\"https:\/\/www.stevensbikes.de\/all\/img\/icons\/ausstattung\/farbe.gif\" alt=\"\" \/>Farbe(n)<\/dt>\n<dd class=\"art-name\">Hunter Green | Golden Grey<\/dd>\n<\/dl>\n<dl>\n<dt><img decoding=\"async\" src=\"https:\/\/www.stevensbikes.de\/all\/img\/icons\/ausstattung\/groesse.gif\" alt=\"\" \/>Gr\u00f6\u00dfen<\/dt>\n<dd class=\"art-name\">55 cm<\/dd>\n<\/dl>\n<h2>100% Speed. 100% Kontrolle<\/h2>\n<p>Schneller und eleganter l\u00e4sst sich der Begriff \u201eFitnessbike\u201c nicht realisieren \u2013 so ist das Strada 1000 mit seinem Bandbreite-starken Shimano CUES U8000 Linkglide-Antrieb ideal f\u00fcr z\u00fcgiges Vorankommen im Flachen ebenso wie f\u00fcr h\u00fcgeliges Terrain in und au\u00dferhalb der City. Dazu gesellen sich ein leichter Aluminium-Rahmen in sportlicher Geometrie und ein ergonomisches Cockpit f\u00fcr optimale Bike-Kontrolle. Hochwertige DT Swiss P 1800-Laufr\u00e4der und schnelle, pannensichere Continental Grand Prix Urban-Reifen runden diesen Urban Racer der Spitzenklasse ab!<\/p>\n<div class=\"header\">\n<h2 class=\"h1\">Ausstattung<\/h2>\n<\/div>\n<div class=\"specs grid\">\n<section class=\"art-group\">\n<h3>Chassis<\/h3>\n<dl class=\"hasextra open\">\n<dt><img decoding=\"async\" src=\"https:\/\/www.stevensbikes.de\/all\/img\/icons\/ausstattung\/rohrmaterial.gif\" alt=\"\" \/>Rahmen<\/dt>\n<dd class=\"art-name\">Aluminium 6061 TB<\/dd>\n<dd class=\"tech-info\">\n<ul>\n<li>O.L.D.: 142 mm<\/li>\n<li>Bremse: Flatmount-Disc 160<\/li>\n<li>Tretlager: Pressfit BB86<\/li>\n<li>Umwerfer-Aufnahme: Schelle<\/li>\n<li>Zugverlegung: intern (Schaltung)\/extern (Bremse)<\/li>\n<li>Schutzblech- u. Gep\u00e4cktr\u00e4ger-\u00d6sen<\/li>\n<\/ul>\n<\/dd>\n<\/dl>\n<dl class=\"hasextra open\">\n<dt><img decoding=\"async\" src=\"https:\/\/www.stevensbikes.de\/all\/img\/icons\/ausstattung\/gabel.gif\" alt=\"\" \/>Gabel<\/dt>\n<dd class=\"art-name\">STEVENS Full Carbon SL<\/dd>\n<dd class=\"tech-info\">\n<ul>\n<li>Konischer Gabelschaft 1 1\/8&#8243; &#8211; 1 1\/2&#8243;<\/li>\n<li>O.L.D.: 100 mm<\/li>\n<li>Bremse: Flatmount-Disc<\/li>\n<\/ul>\n<\/dd>\n<\/dl>\n<dl class=\"hasextra open\">\n<dt><img decoding=\"async\" src=\"https:\/\/www.stevensbikes.de\/all\/img\/icons\/ausstattung\/steuersatz.gif\" alt=\"\" \/>Steuersatz<\/dt>\n<dd class=\"art-name\">STEVENS Race Taper 1 1\/8&#8243;-1 1\/2&#8243;<\/dd>\n<dd class=\"tech-info\">\n<ul>\n<li>Obere Lagerschale: IS42\/28,6<\/li>\n<li>Untere Lagerschale: IS52\/40<\/li>\n<\/ul>\n<\/dd>\n<\/dl>\n<dl class=\"hasextra open\">\n<dt><img decoding=\"async\" src=\"https:\/\/www.stevensbikes.de\/all\/img\/icons\/ausstattung\/bremse.gif\" alt=\"\" \/>Bremse vorne<\/dt>\n<dd class=\"art-name\">Shimano BR-RS405<\/dd>\n<dd class=\"tech-info\">\n<ul>\n<li>Hydraulische Scheibenbremse<\/li>\n<\/ul>\n<\/dd>\n<\/dl>\n<dl class=\"hasextra open\">\n<dt><img decoding=\"async\" src=\"https:\/\/www.stevensbikes.de\/all\/img\/icons\/ausstattung\/bremse.gif\" alt=\"\" \/>Bremse hinten<\/dt>\n<dd class=\"art-name\">Shimano BR-RS405<\/dd>\n<dd class=\"tech-info\">\n<ul>\n<li>Hydraulische Scheibenbremse<\/li>\n<\/ul>\n<\/dd>\n<\/dl>\n<dl class=\"hasextra open\">\n<dt><img decoding=\"async\" src=\"https:\/\/www.stevensbikes.de\/all\/img\/icons\/ausstattung\/disc.gif\" alt=\"\" \/>Bremsscheibe vorne<\/dt>\n<dd class=\"art-name\">Shimano SM-RT54<\/dd>\n<dd class=\"tech-info\">\n<ul>\n<li>Scheibendurchmesser: 160 mm<\/li>\n<li>Center-Lock<\/li>\n<\/ul>\n<\/dd>\n<\/dl>\n<dl class=\"hasextra open\">\n<dt><img decoding=\"async\" src=\"https:\/\/www.stevensbikes.de\/all\/img\/icons\/ausstattung\/disc.gif\" alt=\"\" \/>Bremsscheibe hinten<\/dt>\n<dd class=\"art-name\">Shimano SM-RT70<\/dd>\n<dd class=\"tech-info\">\n<ul>\n<li>Scheibendurchmesser: 160 mm<\/li>\n<li>Center-Lock<\/li>\n<\/ul>\n<\/dd>\n<\/dl>\n<\/section>\n<\/div>\n","protected":false},"excerpt":{"rendered":"<p>Daten Gewicht 9,8 kg Zul. Gesamtgewicht 130 kg Farbe(n) Hunter Green | Golden Grey Gr\u00f6\u00dfen 55 cm 100% Speed. 100% Kontrolle Schneller und eleganter l\u00e4sst sich der Begriff \u201eFitnessbike\u201c nicht realisieren \u2013 so ist das Strada 1000 mit seinem Bandbreite-starken Shimano CUES U8000 Linkglide-Antrieb ideal f\u00fcr z\u00fcgiges Vorankommen im Flachen ebenso wie f\u00fcr h\u00fcgeliges Terrain [&hellip;]<\/p>\n","protected":false},"featured_media":2527,"comment_status":"open","ping_status":"closed","template":"","meta":[],"product_brand":[],"product_cat":[25,57],"product_tag":[37],"class_list":{"0":"post-2525","1":"product","2":"type-product","3":"status-publish","4":"has-post-thumbnail","6":"product_cat-cityebikes","7":"product_cat-road-gravel","8":"product_tag-stevens","10":"first","11":"instock","12":"taxable","13":"shipping-taxable","14":"purchasable","15":"product-type-simple"},"jetpack_sharing_enabled":true,"_links":{"self":[{"href":"https:\/\/www.bakkie.de\/index.php\/wp-json\/wp\/v2\/product\/2525","targetHints":{"allow":["GET"]}}],"collection":[{"href":"https:\/\/www.bakkie.de\/index.php\/wp-json\/wp\/v2\/product"}],"about":[{"href":"https:\/\/www.bakkie.de\/index.php\/wp-json\/wp\/v2\/types\/product"}],"replies":[{"embeddable":true,"href":"https:\/\/www.bakkie.de\/index.php\/wp-json\/wp\/v2\/comments?post=2525"}],"version-history":[{"count":1,"href":"https:\/\/www.bakkie.de\/index.php\/wp-json\/wp\/v2\/product\/2525\/revisions"}],"predecessor-version":[{"id":2529,"href":"https:\/\/www.bakkie.de\/index.php\/wp-json\/wp\/v2\/product\/2525\/revisions\/2529"}],"wp:featuredmedia":[{"embeddable":true,"href":"https:\/\/www.bakkie.de\/index.php\/wp-json\/wp\/v2\/media\/2527"}],"wp:attachment":[{"href":"https:\/\/www.bakkie.de\/index.php\/wp-json\/wp\/v2\/media?parent=2525"}],"wp:term":[{"taxonomy":"product_brand","embeddable":true,"href":"https:\/\/www.bakkie.de\/index.php\/wp-json\/wp\/v2\/product_brand?post=2525"},{"taxonomy":"product_cat","embeddable":true,"href":"https:\/\/www.bakkie.de\/index.php\/wp-json\/wp\/v2\/product_cat?post=2525"},{"taxonomy":"product_tag","embeddable":true,"href":"https:\/\/www.bakkie.de\/index.php\/wp-json\/wp\/v2\/product_tag?post=2525"}],"curies":[{"name":"wp","href":"https:\/\/api.w.org\/{rel}","templated":true}]}}