{"id":2530,"date":"2025-10-24T16:20:23","date_gmt":"2025-10-24T14:20:23","guid":{"rendered":"https:\/\/www.bakkie.de\/?post_type=product&#038;p=2530"},"modified":"2025-10-24T16:20:23","modified_gmt":"2025-10-24T14:20:23","slug":"stevens-mtb-xc-alloy-sentiero-gen-1-mystic-black-grosse-27-5-16","status":"publish","type":"product","link":"https:\/\/www.bakkie.de\/index.php\/product\/stevens-mtb-xc-alloy-sentiero-gen-1-mystic-black-grosse-27-5-16\/","title":{"rendered":"STEVENS \u2013 MTB \u2013 XC ALLOY \u2013 SENTIERO GEN 1 \u2013 MYSTIC BLACK \u2013 GRO\u00dfE 27.5&#8243;-16&#8243;"},"content":{"rendered":"<h3>Daten<\/h3>\n<dl>\n<dt><img decoding=\"async\" src=\"https:\/\/www.stevensbikes.de\/all\/img\/icons\/ausstattung\/gewicht.gif\" alt=\"\" \/>Gewicht<\/dt>\n<dd class=\"art-name\">12,2 kg<\/dd>\n<\/dl>\n<dl>\n<dt><img decoding=\"async\" src=\"https:\/\/www.stevensbikes.de\/all\/img\/icons\/ausstattung\/gewicht.gif\" alt=\"\" \/>Zul. Gesamtgewicht<\/dt>\n<dd class=\"art-name\">115 kg<\/dd>\n<\/dl>\n<dl>\n<dt><img decoding=\"async\" src=\"https:\/\/www.stevensbikes.de\/all\/img\/icons\/ausstattung\/farbe.gif\" alt=\"\" \/>Farbe(n)<\/dt>\n<dd class=\"art-name\">Mystic Black<\/dd>\n<\/dl>\n<dl>\n<dt><img decoding=\"async\" src=\"https:\/\/www.stevensbikes.de\/all\/img\/icons\/ausstattung\/groesse.gif\" alt=\"\" \/>Gr\u00f6\u00dfen<\/dt>\n<dd class=\"art-name\">27,5&#8243; &#8211; 16&#8243;<\/dd>\n<\/dl>\n<h2>Top-Features f\u00fcr sportliche Trail-Novizen<\/h2>\n<p>Auch beim Einstieg in die sportliche Hardtail-Klasse verzichtet STEVENS auf Schwachstellen \u2013 stattdessen begeistert das Sentiero mit seinem hochwertigen Aluminiumrahmen mit konischem Steuerrohr und geschmiedeten Postmount-Bremsaufnahmen, einen kompletten Shimano SLX\/Deore 1x12fach-Antrieb und derselben agilen Geometrie mit Rahmenh\u00f6hen-spezifischer Laufradgr\u00f6\u00dfe wie beim Top-Modell Colorado 401.<\/p>\n<div class=\"header\">\n<h2 class=\"h1\">Ausstattung<\/h2>\n<\/div>\n<div class=\"specs grid\">\n<section class=\"art-group\">\n<h3>Chassis<\/h3>\n<dl class=\"hasextra open\">\n<dt><img decoding=\"async\" src=\"https:\/\/www.stevensbikes.de\/all\/img\/icons\/ausstattung\/rohrmaterial.gif\" alt=\"\" \/>Rahmen<\/dt>\n<dd class=\"art-name\">Aluminium 6061 TB<\/dd>\n<dd class=\"tech-info\">\n<ul>\n<li>O.L.D.: 148 mm<\/li>\n<li>Bremse: Postmount-Disc 160<\/li>\n<li>Tretlager: Pressfit BB92<\/li>\n<li>Zugverlegung: intern (Schaltung)\/extern (Bremse)<\/li>\n<\/ul>\n<\/dd>\n<\/dl>\n<dl class=\"hasextra open\">\n<dt><img decoding=\"async\" src=\"https:\/\/www.stevensbikes.de\/all\/img\/icons\/ausstattung\/gabel.gif\" alt=\"\" \/>Gabel<\/dt>\n<dd class=\"art-name\">Fox 32 Float Rhythm<\/dd>\n<dd class=\"tech-info\">\n<ul>\n<li>Federweg: 100 mm<\/li>\n<li>Luftfederung<\/li>\n<li>Remote Lockout<\/li>\n<li>Konischer Gabelschaft 1 1\/8&#8243; &#8211; 1.5&#8243;<\/li>\n<li>O.L.D.: 110 mm<\/li>\n<li>Bremse: Postmount-Disc 160<\/li>\n<\/ul>\n<\/dd>\n<\/dl>\n<dl class=\"hasextra open\">\n<dt><img decoding=\"async\" src=\"https:\/\/www.stevensbikes.de\/all\/img\/icons\/ausstattung\/steuersatz.gif\" alt=\"\" \/>Steuersatz<\/dt>\n<dd class=\"art-name\">STEVENS MTB Taper 1 1\/8&#8243;-1 1\/2&#8243;<\/dd>\n<dd class=\"tech-info\">\n<ul>\n<li>Obere Lagerschale: ZS44\/28,6<\/li>\n<li>Untere Lagerschale: ZS55\/40<\/li>\n<\/ul>\n<\/dd>\n<\/dl>\n<dl class=\"hasextra open\">\n<dt><img decoding=\"async\" src=\"https:\/\/www.stevensbikes.de\/all\/img\/icons\/ausstattung\/bremse.gif\" alt=\"\" \/>Bremse vorne<\/dt>\n<dd class=\"art-name\">Shimano BR-MT410<\/dd>\n<dd class=\"tech-info\">\n<ul>\n<li>Hydraulische Scheibenbremse<\/li>\n<\/ul>\n<\/dd>\n<\/dl>\n<dl class=\"hasextra open\">\n<dt><img decoding=\"async\" src=\"https:\/\/www.stevensbikes.de\/all\/img\/icons\/ausstattung\/bremse.gif\" alt=\"\" \/>Bremse hinten<\/dt>\n<dd class=\"art-name\">Shimano BR-MT410<\/dd>\n<dd class=\"tech-info\">\n<ul>\n<li>Hydraulische Scheibenbremse<\/li>\n<\/ul>\n<\/dd>\n<\/dl>\n<dl class=\"hasextra open\">\n<dt><img decoding=\"async\" src=\"https:\/\/www.stevensbikes.de\/all\/img\/icons\/ausstattung\/disc.gif\" alt=\"\" \/>Bremsscheibe vorne<\/dt>\n<dd class=\"art-name\">Shimano SM-RT54<\/dd>\n<dd class=\"tech-info\">\n<ul>\n<li>Scheibendurchmesser: 180 mm<\/li>\n<li>Center-Lock<\/li>\n<\/ul>\n<\/dd>\n<\/dl>\n<dl class=\"hasextra open\">\n<dt><img decoding=\"async\" src=\"https:\/\/www.stevensbikes.de\/all\/img\/icons\/ausstattung\/disc.gif\" alt=\"\" \/>Bremsscheibe hinten<\/dt>\n<dd class=\"art-name\">Shimano SM-RT54<\/dd>\n<dd class=\"tech-info\">\n<ul>\n<li>Scheibendurchmesser: 160 mm<\/li>\n<li>Center-Lock<\/li>\n<\/ul>\n<\/dd>\n<\/dl>\n<\/section>\n<\/div>\n","protected":false},"excerpt":{"rendered":"<p>Daten Gewicht 12,2 kg Zul. Gesamtgewicht 115 kg Farbe(n) Mystic Black Gr\u00f6\u00dfen 27,5&#8243; &#8211; 16&#8243; Top-Features f\u00fcr sportliche Trail-Novizen Auch beim Einstieg in die sportliche Hardtail-Klasse verzichtet STEVENS auf Schwachstellen \u2013 stattdessen begeistert das Sentiero mit seinem hochwertigen Aluminiumrahmen mit konischem Steuerrohr und geschmiedeten Postmount-Bremsaufnahmen, einen kompletten Shimano SLX\/Deore 1x12fach-Antrieb und derselben agilen Geometrie mit [&hellip;]<\/p>\n","protected":false},"featured_media":2532,"comment_status":"open","ping_status":"closed","template":"","meta":[],"product_brand":[],"product_cat":[40],"product_tag":[37],"class_list":{"0":"post-2530","1":"product","2":"type-product","3":"status-publish","4":"has-post-thumbnail","6":"product_cat-mtb","7":"product_tag-stevens","9":"first","10":"instock","11":"taxable","12":"shipping-taxable","13":"purchasable","14":"product-type-simple"},"jetpack_sharing_enabled":true,"_links":{"self":[{"href":"https:\/\/www.bakkie.de\/index.php\/wp-json\/wp\/v2\/product\/2530","targetHints":{"allow":["GET"]}}],"collection":[{"href":"https:\/\/www.bakkie.de\/index.php\/wp-json\/wp\/v2\/product"}],"about":[{"href":"https:\/\/www.bakkie.de\/index.php\/wp-json\/wp\/v2\/types\/product"}],"replies":[{"embeddable":true,"href":"https:\/\/www.bakkie.de\/index.php\/wp-json\/wp\/v2\/comments?post=2530"}],"version-history":[{"count":1,"href":"https:\/\/www.bakkie.de\/index.php\/wp-json\/wp\/v2\/product\/2530\/revisions"}],"predecessor-version":[{"id":2534,"href":"https:\/\/www.bakkie.de\/index.php\/wp-json\/wp\/v2\/product\/2530\/revisions\/2534"}],"wp:featuredmedia":[{"embeddable":true,"href":"https:\/\/www.bakkie.de\/index.php\/wp-json\/wp\/v2\/media\/2532"}],"wp:attachment":[{"href":"https:\/\/www.bakkie.de\/index.php\/wp-json\/wp\/v2\/media?parent=2530"}],"wp:term":[{"taxonomy":"product_brand","embeddable":true,"href":"https:\/\/www.bakkie.de\/index.php\/wp-json\/wp\/v2\/product_brand?post=2530"},{"taxonomy":"product_cat","embeddable":true,"href":"https:\/\/www.bakkie.de\/index.php\/wp-json\/wp\/v2\/product_cat?post=2530"},{"taxonomy":"product_tag","embeddable":true,"href":"https:\/\/www.bakkie.de\/index.php\/wp-json\/wp\/v2\/product_tag?post=2530"}],"curies":[{"name":"wp","href":"https:\/\/api.w.org\/{rel}","templated":true}]}}