{"id":760,"date":"2023-03-13T23:13:49","date_gmt":"2023-03-13T23:13:49","guid":{"rendered":"https:\/\/www.bakkie.de\/?post_type=product&#038;p=760"},"modified":"2025-06-03T21:18:12","modified_gmt":"2025-06-03T19:18:12","slug":"kayza-ebike-talik-dry-7-black","status":"publish","type":"product","link":"https:\/\/www.bakkie.de\/index.php\/product\/kayza-ebike-talik-dry-7-black\/","title":{"rendered":"STEVENS &#8211; E-HAZARD GEN2 &#8211; STEALTH BLACK"},"content":{"rendered":"<h3>DATEN<\/h3>\n<dl>\n<dt><img decoding=\"async\" src=\"https:\/\/www.stevensbikes.de\/all\/img\/icons\/ausstattung\/gewicht.gif\" alt=\"\" \/>Gewicht<\/dt>\n<dd class=\"art-name\">25,8 kg<\/dd>\n<\/dl>\n<dl>\n<dt><img decoding=\"async\" src=\"https:\/\/www.stevensbikes.de\/all\/img\/icons\/ausstattung\/gewicht.gif\" alt=\"\" \/>Zul. Gesamtgewicht<\/dt>\n<dd class=\"art-name\">140 kg<\/dd>\n<\/dl>\n<dl>\n<dt><img decoding=\"async\" src=\"https:\/\/www.stevensbikes.de\/all\/img\/icons\/ausstattung\/farbe.gif\" alt=\"\" \/>Farbe(n)<\/dt>\n<dd class=\"art-name\">Stealth Black<\/dd>\n<\/dl>\n<dl>\n<dt><img decoding=\"async\" src=\"https:\/\/www.stevensbikes.de\/all\/img\/icons\/ausstattung\/groesse.gif\" alt=\"\" \/>Gr\u00f6\u00dfen<\/dt>\n<dd class=\"art-name\">29&#8243; &#8211; 16&#8243;, 18&#8243;, 20&#8243;, 22&#8243;<\/dd>\n<\/dl>\n<div id=\"bikedescription\">\n<h2>Von der Pflicht zur K\u00fcr<\/h2>\n<p>Das E-Hazard ist das ideale E-Crossover f\u00fcr alle, die ein Bike mit viel Federweg, optimaler Alltagsausstattung und tollem Fahrspa\u00df auch f\u00fcr Wege abseits der asphaltierten Strecke suchen. Der starke Bosch G4 Performance Line CX-Antrieb wird durch einen ausdauernden PowerTube 500 Wh-Akku gespeist, alle wichtigen Informationen zur Fahrt h\u00e4lt das kompakte Bosch Purion 200-Farbdisplay bereit. Und damit Sie lange sorgenfrei unterwegs sein k\u00f6nnen, haben die STEVENS Ingenieure dem E-Hazard den neuen, extrem langlebigen Shimano CUES-Antrieb mit Linkglide-Technologie spendiert.<\/p>\n<\/div>\n<ul id=\"highlights\">\n<li>29&#8243;-E-Crossover mit vollst\u00e4ndiger Alltagsausstattung<\/li>\n<li>Kraftvolle Bosch Performance Line CX Drive Unit und leichter 500 Wh-Akku<\/li>\n<li>120 mm-Federweg dank SR Suntour XCR34-Stahlfedergabel<\/li>\n<li>Langlebiger Shimano CUES U6000 Linkglide 10fach-Antrieb<\/li>\n<li>Zuverl\u00e4ssige Tektro HD-T275-Scheibenbremsen (180\/180 mm)<\/li>\n<\/ul>\n<div class=\"header\">\n<h2 class=\"h1\">AUSSTATTUNG<\/h2>\n<\/div>\n<div class=\"specs grid\">\n<section class=\"art-group\">\n<h3>CHASSIS<\/h3>\n<dl class=\"hasextra open\">\n<dt><img decoding=\"async\" src=\"https:\/\/www.stevensbikes.de\/all\/img\/icons\/ausstattung\/rohrmaterial.gif\" alt=\"\" \/>Rahmen<\/dt>\n<dd class=\"art-name\">Aluminium 6061 DB<\/dd>\n<dd class=\"tech-info\">\n<ul>\n<li>O.L.D.: 135 mm<\/li>\n<li>Bremse: IS-Disc<\/li>\n<li>Tretlager: Bosch<\/li>\n<li>Zugverlegung: intern<\/li>\n<\/ul>\n<\/dd>\n<\/dl>\n<dl class=\"hasextra open\">\n<dt><img decoding=\"async\" src=\"https:\/\/www.stevensbikes.de\/all\/img\/icons\/ausstattung\/gabel.gif\" alt=\"\" \/>Gabel<\/dt>\n<dd class=\"art-name\">SR Suntour XCR34 LO<\/dd>\n<dd class=\"tech-info\">\n<ul>\n<li>Federweg: 120 mm<\/li>\n<li>Stahlfeder<\/li>\n<li>Lockout<\/li>\n<li>Konischer Gabelschaft 1 1\/8&#8243; &#8211; 1 1\/2&#8243;<\/li>\n<li>O.L.D.: 110 mm<\/li>\n<li>Bremse: Postmount-Disc 180<\/li>\n<\/ul>\n<\/dd>\n<\/dl>\n<dl class=\"hasextra open\">\n<dt><img decoding=\"async\" src=\"https:\/\/www.stevensbikes.de\/all\/img\/icons\/ausstattung\/steuersatz.gif\" alt=\"\" \/>Steuersatz<\/dt>\n<dd class=\"art-name\">STEVENS MTB Taper 1 1\/8&#8243;-1 1\/2&#8243;<\/dd>\n<dd class=\"tech-info\">\n<ul>\n<li>Obere Lagerschale: ZS44\/28,6<\/li>\n<li>Untere Lagerschale: ZS55\/40<\/li>\n<\/ul>\n<\/dd>\n<\/dl>\n<dl class=\"hasextra open\">\n<dt><img decoding=\"async\" src=\"https:\/\/www.stevensbikes.de\/all\/img\/icons\/ausstattung\/bremse.gif\" alt=\"\" \/>Bremse vorne<\/dt>\n<dd class=\"art-name\">Tektro HD-T275<\/dd>\n<dd class=\"tech-info\">\n<ul>\n<li>Hydraulische Scheibenbremse<\/li>\n<\/ul>\n<\/dd>\n<\/dl>\n<dl class=\"hasextra open\">\n<dt><img decoding=\"async\" src=\"https:\/\/www.stevensbikes.de\/all\/img\/icons\/ausstattung\/bremse.gif\" alt=\"\" \/>Bremse hinten<\/dt>\n<dd class=\"art-name\">Tektro HD-T275<\/dd>\n<dd class=\"tech-info\">\n<ul>\n<li>Hydraulische Scheibenbremse<\/li>\n<\/ul>\n<\/dd>\n<\/dl>\n<dl class=\"hasextra open\">\n<dt><img decoding=\"async\" src=\"https:\/\/www.stevensbikes.de\/all\/img\/icons\/ausstattung\/disc.gif\" alt=\"\" \/>Bremsscheiben<\/dt>\n<dd class=\"art-name\">Shimano SM-RT30<\/dd>\n<dd class=\"tech-info\">\n<ul>\n<li>Scheibendurchmesser: 180 mm<\/li>\n<li>Center-Lock<\/li>\n<\/ul>\n<\/dd>\n<\/dl>\n<\/section>\n<\/div>\n","protected":false},"excerpt":{"rendered":"<p>DATEN Gewicht 25,8 kg Zul. Gesamtgewicht 140 kg Farbe(n) Stealth Black Gr\u00f6\u00dfen 29&#8243; &#8211; 16&#8243;, 18&#8243;, 20&#8243;, 22&#8243; Von der Pflicht zur K\u00fcr Das E-Hazard ist das ideale E-Crossover f\u00fcr alle, die ein Bike mit viel Federweg, optimaler Alltagsausstattung und tollem Fahrspa\u00df auch f\u00fcr Wege abseits der asphaltierten Strecke suchen. Der starke Bosch G4 Performance [&hellip;]<\/p>\n","protected":false},"featured_media":1890,"comment_status":"open","ping_status":"closed","template":"","meta":[],"product_brand":[],"product_cat":[25],"product_tag":[37],"class_list":{"0":"post-760","1":"product","2":"type-product","3":"status-publish","4":"has-post-thumbnail","6":"product_cat-cityebikes","7":"product_tag-stevens","9":"first","10":"instock","11":"purchasable","12":"product-type-simple"},"jetpack_sharing_enabled":true,"_links":{"self":[{"href":"https:\/\/www.bakkie.de\/index.php\/wp-json\/wp\/v2\/product\/760","targetHints":{"allow":["GET"]}}],"collection":[{"href":"https:\/\/www.bakkie.de\/index.php\/wp-json\/wp\/v2\/product"}],"about":[{"href":"https:\/\/www.bakkie.de\/index.php\/wp-json\/wp\/v2\/types\/product"}],"replies":[{"embeddable":true,"href":"https:\/\/www.bakkie.de\/index.php\/wp-json\/wp\/v2\/comments?post=760"}],"version-history":[{"count":4,"href":"https:\/\/www.bakkie.de\/index.php\/wp-json\/wp\/v2\/product\/760\/revisions"}],"predecessor-version":[{"id":1892,"href":"https:\/\/www.bakkie.de\/index.php\/wp-json\/wp\/v2\/product\/760\/revisions\/1892"}],"wp:featuredmedia":[{"embeddable":true,"href":"https:\/\/www.bakkie.de\/index.php\/wp-json\/wp\/v2\/media\/1890"}],"wp:attachment":[{"href":"https:\/\/www.bakkie.de\/index.php\/wp-json\/wp\/v2\/media?parent=760"}],"wp:term":[{"taxonomy":"product_brand","embeddable":true,"href":"https:\/\/www.bakkie.de\/index.php\/wp-json\/wp\/v2\/product_brand?post=760"},{"taxonomy":"product_cat","embeddable":true,"href":"https:\/\/www.bakkie.de\/index.php\/wp-json\/wp\/v2\/product_cat?post=760"},{"taxonomy":"product_tag","embeddable":true,"href":"https:\/\/www.bakkie.de\/index.php\/wp-json\/wp\/v2\/product_tag?post=760"}],"curies":[{"name":"wp","href":"https:\/\/api.w.org\/{rel}","templated":true}]}}