{"id":769,"date":"2023-03-13T23:29:14","date_gmt":"2023-03-13T23:29:14","guid":{"rendered":"https:\/\/www.bakkie.de\/?post_type=product&#038;p=769"},"modified":"2025-06-03T18:06:37","modified_gmt":"2025-06-03T16:06:37","slug":"pfautec-scoobo","status":"publish","type":"product","link":"https:\/\/www.bakkie.de\/index.php\/product\/pfautec-scoobo\/","title":{"rendered":"PFAUTEC 3-RAD EBIKE &#8211; SCOOBO"},"content":{"rendered":"<h3>\u00dcber die Stadtgrenzen hinaus<\/h3>\n<div id=\"c45\" class=\"text-image-columns\">\n<div class=\"container\">\n<div class=\"main\">\n<div class=\"text\">\n<p>Das Scoobo kombiniert\u00a0<strong>komfortables und sportliches Radfahren<\/strong>\u00a0in allen Lebenslagen und l\u00e4sst Sie m\u00fchelos auch gr\u00f6\u00dfere Wegstrecken meistern. Dabei eignet sich das Elektrodreirad sowohl f\u00fcr ausgedehnte Shoppingtouren, Stadtfahrten und erholsame Ausfl\u00fcge in die Natur. Einfach, sicher und intuitiv zu bedienen, handelt es sich bei unserem Scoobo um ein komfortables Fahrzeug, bei dem Sie alles fest im Blick haben: Lenker, Pedale, Schaltung und Vorderrad liegen in Ihrem Sichtfeld. Der gro\u00dffl\u00e4chige und bequeme Sitz l\u00e4sst sich zudem m\u00fchelos in H\u00f6he und Neigung verstellen, so dass Sie nicht nur entspannt auf Ihrer Tour sitzen k\u00f6nnen, sondern auch jederzeit einen guten \u00dcberblick \u00fcber das Verkehrsgeschehen haben.<\/p>\n<p>&nbsp;<\/p>\n<\/div>\n<p><img decoding=\"async\" src=\"https:\/\/cdn.shopify.com\/s\/files\/1\/0279\/9235\/8999\/files\/scoobo-detail-motor_480x480.jpg?v=1654871320\" alt=\"\" \/><\/p>\n<\/div>\n<div class=\"aside side-switch-left\">\n<div class=\"text\">\n<h3>Sicher Ihr Ziel erreichen<\/h3>\n<p>F\u00fcr alle, die es gerne leicht haben m\u00f6chten. Der bequeme, gro\u00dffl\u00e4chige Sitz l\u00e4sst sich schnell und einfach in H\u00f6he und Neigung verstellen. Dies sorgt f\u00fcr eine entspannte Sitzposition, aus der das Verkehrsgeschehen sicher zu \u00fcberblicken ist.\u00a0Zum Anhalten nehmen Sie nur einen Fu\u00df vom Pedal und erreichen im Sitzen den Boden.<\/p>\n<\/div>\n<\/div>\n<\/div>\n<\/div>\n<div id=\"c46\" class=\"product-highlights\">\n<div class=\"container\">\n<div class=\"product-highlights-image-container\">\n<div class=\"product-highlights-position-container\"><img decoding=\"async\" src=\"https:\/\/cdn.shopify.com\/s\/files\/1\/0279\/9235\/8999\/files\/scoobo-detail-lenker_480x480.jpg?v=1654871364\" alt=\"\" \/><\/div>\n<div class=\"product-highlights-position-container\"><\/div>\n<div class=\"product-highlights-position-container\">\n<h3>Standardaustattung<\/h3>\n<ul>\n<li>\u00a0Farbe: iron glimmer<\/li>\n<li>\u00a0<u><strong>Differential<\/strong><\/u>\u00a0f\u00fcr optimales Fahrverhalten<\/li>\n<li>Unterst\u00fctzung bis 25 km\/h<\/li>\n<li>\u00a0LED-Scheinwerfer + R\u00fccklicht\u00a0<u><strong>\u00fcber Batterie<\/strong><\/u>\u00a0\/ E-Antrieb<\/li>\n<li>\u00a0<u><strong>7-Gangnabe<\/strong><\/u>\u00a0mit\u00a0<u><strong>Freilauf<\/strong><\/u>\u00a0und hydraulischen Scheibenbremsen hinten + vorne<\/li>\n<li>\u00a0Gep\u00e4ckkorb hinten<\/li>\n<li>\u00a0<u><strong>gefederte<\/strong><\/u>\u00a0Hinterbauschwinge<\/li>\n<li>\u00a0<u><strong>Bosch Active+<\/strong><\/u>\u00a0Mittelmotor mit Purion-Display und 500 wh Akku<\/li>\n<li>\u00a0<u><strong>hydraulische<\/strong><\/u>\u00a0Scheibenbremsen hinten + vorne<\/li>\n<li>\u00a0<u><strong>Pannensichere Bereifung<\/strong>\u00a0<\/u><\/li>\n<li>\u00a0Stahlrahmen<\/li>\n<li>\u00a0<u><strong>tiefer breiter<\/strong><\/u>\u00a0Einstieg<\/li>\n<li>\u00a0mit Hohlkammerfelgen<\/li>\n<\/ul>\n<p><strong>Motordaten:<\/strong><\/p>\n<ul>\n<li>Bosch Active+ Mittelmotor mit Purion-Display und 500 Wh Akku<\/li>\n<li>Motortyp: Mittelmotor mit Getriebe, b\u00fcrstenlos<\/li>\n<li>Leistung: 250 Watt<\/li>\n<li>Spannung: 36 Volt<\/li>\n<li>max. Drehmoment: 48 Nm<\/li>\n<li>Gewicht: 3,8 kg<\/li>\n<li>Akkutyp: Li-Ionen<\/li>\n<li>SensorArt: Kraft<\/li>\n<li>Stufen: 4<\/li>\n<li>Schiebehilfe: ja bis 6 km\/h<\/li>\n<li>Reichweite: bis zu 60.00 km<\/li>\n<li>Ladezeit: 4.00 Std.<\/li>\n<li>Licht \u00fcber Akku: Ja<\/li>\n<\/ul>\n<p><strong>TECHNISCHE DETAILS<\/strong><\/p>\n<ul>\n<li>L\u00e4nge\/Breite:\u00a01960 \/ 790 (mm)<\/li>\n<li>Einstiegsh\u00f6he:\u00a0340 (mm)<\/li>\n<li>Gewicht:\u00a045 (kg)<\/li>\n<li>Zul. Zuladegewicht:\u00a0140 (kg)<\/li>\n<li>Zul. Gesamtgewicht: 166 (kg)<\/li>\n<\/ul>\n<\/div>\n<\/div>\n<\/div>\n<\/div>\n","protected":false},"excerpt":{"rendered":"<p>\u00dcber die Stadtgrenzen hinaus Das Scoobo kombiniert\u00a0komfortables und sportliches Radfahren\u00a0in allen Lebenslagen und l\u00e4sst Sie m\u00fchelos auch gr\u00f6\u00dfere Wegstrecken meistern. Dabei eignet sich das Elektrodreirad sowohl f\u00fcr ausgedehnte Shoppingtouren, Stadtfahrten und erholsame Ausfl\u00fcge in die Natur. Einfach, sicher und intuitiv zu bedienen, handelt es sich bei unserem Scoobo um ein komfortables Fahrzeug, bei dem Sie [&hellip;]<\/p>\n","protected":false},"featured_media":774,"comment_status":"open","ping_status":"closed","template":"","meta":[],"product_brand":[],"product_cat":[25],"product_tag":[29],"class_list":{"0":"post-769","1":"product","2":"type-product","3":"status-publish","4":"has-post-thumbnail","6":"product_cat-cityebikes","7":"product_tag-pfautec","9":"first","10":"instock","11":"purchasable","12":"product-type-simple"},"jetpack_sharing_enabled":true,"_links":{"self":[{"href":"https:\/\/www.bakkie.de\/index.php\/wp-json\/wp\/v2\/product\/769","targetHints":{"allow":["GET"]}}],"collection":[{"href":"https:\/\/www.bakkie.de\/index.php\/wp-json\/wp\/v2\/product"}],"about":[{"href":"https:\/\/www.bakkie.de\/index.php\/wp-json\/wp\/v2\/types\/product"}],"replies":[{"embeddable":true,"href":"https:\/\/www.bakkie.de\/index.php\/wp-json\/wp\/v2\/comments?post=769"}],"version-history":[{"count":2,"href":"https:\/\/www.bakkie.de\/index.php\/wp-json\/wp\/v2\/product\/769\/revisions"}],"predecessor-version":[{"id":773,"href":"https:\/\/www.bakkie.de\/index.php\/wp-json\/wp\/v2\/product\/769\/revisions\/773"}],"wp:featuredmedia":[{"embeddable":true,"href":"https:\/\/www.bakkie.de\/index.php\/wp-json\/wp\/v2\/media\/774"}],"wp:attachment":[{"href":"https:\/\/www.bakkie.de\/index.php\/wp-json\/wp\/v2\/media?parent=769"}],"wp:term":[{"taxonomy":"product_brand","embeddable":true,"href":"https:\/\/www.bakkie.de\/index.php\/wp-json\/wp\/v2\/product_brand?post=769"},{"taxonomy":"product_cat","embeddable":true,"href":"https:\/\/www.bakkie.de\/index.php\/wp-json\/wp\/v2\/product_cat?post=769"},{"taxonomy":"product_tag","embeddable":true,"href":"https:\/\/www.bakkie.de\/index.php\/wp-json\/wp\/v2\/product_tag?post=769"}],"curies":[{"name":"wp","href":"https:\/\/api.w.org\/{rel}","templated":true}]}}