{"id":809,"date":"2023-04-10T17:13:03","date_gmt":"2023-04-10T15:13:03","guid":{"rendered":"https:\/\/www.bakkie.de\/?post_type=product&#038;p=809"},"modified":"2024-09-19T16:04:10","modified_gmt":"2024-09-19T14:04:10","slug":"thule-chariot-sport-2-gelb","status":"publish","type":"product","link":"https:\/\/www.bakkie.de\/index.php\/product\/thule-chariot-sport-2-gelb\/","title":{"rendered":"THULE &#8211; CHARIOT SPORT 2 KINDERANH\u00c4NGER &#8211; GELB\/SCHWARZ &#8211; Konfigurierbar"},"content":{"rendered":"<p><strong>THULE Kinderanh\u00e4nger &#8222;Chariot Sport 2&#8220;<\/strong><\/p>\n<ul>\n<li>Einstellbare Federung<\/li>\n<li>5-Punkt Sicherheitsgurt<\/li>\n<li>geeignet f\u00fcr 4 Aktivit\u00e4ten &#8211; Radfahren, Joggen, Spazierengehen und Skilanglauf (Joggingset seperat erh\u00e4ltlich)<\/li>\n<li>Kompakt zusammenklappbar: Liegesitz mit einer Hand praktisch zu verstellen<\/li>\n<li>Vollst\u00e4ndig gepolsterte Sitze, abnehmbare Fenster, mehrfach verstellbare Sonnenblende<\/li>\n<li>handbet\u00e4tigte Scheibenbremse<\/li>\n<li>XL-Laderaum<\/li>\n<li>R\u00fcckleuchte<\/li>\n<li>leicht verstellbare L\u00fcftungsschlitze, verstellbarer Schiebeb\u00fcgel<\/li>\n<li>Standard-, Komfort- und Sportfunktionen<\/li>\n<li>Regenh\u00fclle und Sonnenverdeck<\/li>\n<li>max. Gewicht des Kindes 2x 22kg<\/li>\n<li>max. Zuladung 45kg<\/li>\n<li>Ma\u00dfe zusammengeklappt: 87x80x37,5cm<\/li>\n<li>Gewicht 15,9kg<\/li>\n<li>Schulterbreite 57cm, Sitzh\u00f6he 68cm, kompatible T\u00fcrbreite 80cm<\/li>\n<li>erf\u00fcllt die Sicherheitsnormen<\/li>\n<\/ul>\n","protected":false},"excerpt":{"rendered":"<p>THULE Kinderanh\u00e4nger &#8222;Chariot Sport 2&#8220; Einstellbare Federung 5-Punkt Sicherheitsgurt geeignet f\u00fcr 4 Aktivit\u00e4ten &#8211; Radfahren, Joggen, Spazierengehen und Skilanglauf (Joggingset seperat erh\u00e4ltlich) Kompakt zusammenklappbar: Liegesitz mit einer Hand praktisch zu verstellen Vollst\u00e4ndig gepolsterte Sitze, abnehmbare Fenster, mehrfach verstellbare Sonnenblende handbet\u00e4tigte Scheibenbremse XL-Laderaum R\u00fcckleuchte leicht verstellbare L\u00fcftungsschlitze, verstellbarer Schiebeb\u00fcgel Standard-, Komfort- und Sportfunktionen Regenh\u00fclle und Sonnenverdeck [&hellip;]<\/p>\n","protected":false},"featured_media":815,"comment_status":"open","ping_status":"closed","template":"","meta":[],"product_brand":[],"product_cat":[23],"product_tag":[32],"class_list":{"0":"post-809","1":"product","2":"type-product","3":"status-publish","4":"has-post-thumbnail","6":"product_cat-lastenrad","7":"product_tag-thule","9":"first","10":"instock","11":"purchasable","12":"product-type-simple"},"jetpack_sharing_enabled":true,"_links":{"self":[{"href":"https:\/\/www.bakkie.de\/index.php\/wp-json\/wp\/v2\/product\/809","targetHints":{"allow":["GET"]}}],"collection":[{"href":"https:\/\/www.bakkie.de\/index.php\/wp-json\/wp\/v2\/product"}],"about":[{"href":"https:\/\/www.bakkie.de\/index.php\/wp-json\/wp\/v2\/types\/product"}],"replies":[{"embeddable":true,"href":"https:\/\/www.bakkie.de\/index.php\/wp-json\/wp\/v2\/comments?post=809"}],"version-history":[{"count":3,"href":"https:\/\/www.bakkie.de\/index.php\/wp-json\/wp\/v2\/product\/809\/revisions"}],"predecessor-version":[{"id":989,"href":"https:\/\/www.bakkie.de\/index.php\/wp-json\/wp\/v2\/product\/809\/revisions\/989"}],"wp:featuredmedia":[{"embeddable":true,"href":"https:\/\/www.bakkie.de\/index.php\/wp-json\/wp\/v2\/media\/815"}],"wp:attachment":[{"href":"https:\/\/www.bakkie.de\/index.php\/wp-json\/wp\/v2\/media?parent=809"}],"wp:term":[{"taxonomy":"product_brand","embeddable":true,"href":"https:\/\/www.bakkie.de\/index.php\/wp-json\/wp\/v2\/product_brand?post=809"},{"taxonomy":"product_cat","embeddable":true,"href":"https:\/\/www.bakkie.de\/index.php\/wp-json\/wp\/v2\/product_cat?post=809"},{"taxonomy":"product_tag","embeddable":true,"href":"https:\/\/www.bakkie.de\/index.php\/wp-json\/wp\/v2\/product_tag?post=809"}],"curies":[{"name":"wp","href":"https:\/\/api.w.org\/{rel}","templated":true}]}}