{"id":821,"date":"2023-04-10T17:29:06","date_gmt":"2023-04-10T15:29:06","guid":{"rendered":"https:\/\/www.bakkie.de\/?post_type=product&#038;p=821"},"modified":"2025-05-31T08:09:39","modified_gmt":"2025-05-31T06:09:39","slug":"chike-ekids-mod-22-taubenblau","status":"publish","type":"product","link":"https:\/\/www.bakkie.de\/index.php\/product\/chike-ekids-mod-22-taubenblau\/","title":{"rendered":"CHIKE &#8211; eCARGO MOD 22 &#8211; GELB\/BLAU\/SCHWARZ &#8211; Konfigurierbar"},"content":{"rendered":"<p><strong>CHIKE Elektro-Cargorad &#8222;e-Cargo&#8220; Mod. 22<\/strong><\/p>\n<ul>\n<li>Antriebssystem: Shimano Steps<\/li>\n<li>Akkukapazit\u00e4t: 504 Wh<\/li>\n<li>Unterst\u00fctzung: bis 25 km\/h<\/li>\n<li>Rahmenh\u00f6he: 50 cm<\/li>\n<li>Laufradgr\u00f6\u00dfe: 16 \/ 20&#8243;<\/li>\n<li>Antrieb: Riemenantrieb<\/li>\n<li>Schaltung: Nabenschaltung,\u00a05-Gang SHIMANO &#8222;Nexus DI2&#8220; LL<\/li>\n<li>Bremssystem: hydraulische Scheibenbremse<\/li>\n<li>Ausstattung: Systemgep\u00e4cktr\u00e4ger, Elektronische Schiebehilfe, Schutzbleche<\/li>\n<li>Zul\u00e4ssiges Gesamtgewicht: 200 kg<\/li>\n<li>Durchstiegsh\u00f6he: 415 mm<\/li>\n<li>Radstand: 1.303 mm<\/li>\n<li>Material: Aluminium<\/li>\n<li>Farbe: melonengelb oder taubenblau<\/li>\n<li>Gewicht: 38,0 kg<\/li>\n<\/ul>\n<p><strong>Zus\u00e4tzliche Optionen<\/strong><\/p>\n<ul>\n<li>Befestigungsgurte: 30,00 \u20ac pro St\u00fcck<\/li>\n<li>Wandteile f\u00fcr Transportplattform (Siebdruckplatten, vierteilig): 275,00 \u20ac<\/li>\n<li>Abdeckplane f\u00fcr Transportplattform: 250,00 \u20ac<\/li>\n<li>Transportbox &#8222;Eurobox&#8220; (f\u00fcr Rahmenmontage, Befestigungsadapter nicht im Lieferumfang enthalten, schwarz): 100,00 \u20ac (ohne Deckel), 150,00 \u20ac (mit Deckel)<\/li>\n<li>Befestigungsadapter f\u00fcr &#8222;Eurobox&#8220;: 40,00 \u20ac<\/li>\n<\/ul>\n","protected":false},"excerpt":{"rendered":"<p>CHIKE Elektro-Cargorad &#8222;e-Cargo&#8220; Mod. 22 Antriebssystem: Shimano Steps Akkukapazit\u00e4t: 504 Wh Unterst\u00fctzung: bis 25 km\/h Rahmenh\u00f6he: 50 cm Laufradgr\u00f6\u00dfe: 16 \/ 20&#8243; Antrieb: Riemenantrieb Schaltung: Nabenschaltung,\u00a05-Gang SHIMANO &#8222;Nexus DI2&#8220; LL Bremssystem: hydraulische Scheibenbremse Ausstattung: Systemgep\u00e4cktr\u00e4ger, Elektronische Schiebehilfe, Schutzbleche Zul\u00e4ssiges Gesamtgewicht: 200 kg Durchstiegsh\u00f6he: 415 mm Radstand: 1.303 mm Material: Aluminium Farbe: melonengelb oder taubenblau Gewicht: [&hellip;]<\/p>\n","protected":false},"featured_media":822,"comment_status":"open","ping_status":"closed","template":"","meta":[],"product_brand":[],"product_cat":[23],"product_tag":[33],"class_list":{"0":"post-821","1":"product","2":"type-product","3":"status-publish","4":"has-post-thumbnail","6":"product_cat-lastenrad","7":"product_tag-chike","9":"first","10":"instock","11":"purchasable","12":"product-type-simple"},"jetpack_sharing_enabled":true,"_links":{"self":[{"href":"https:\/\/www.bakkie.de\/index.php\/wp-json\/wp\/v2\/product\/821","targetHints":{"allow":["GET"]}}],"collection":[{"href":"https:\/\/www.bakkie.de\/index.php\/wp-json\/wp\/v2\/product"}],"about":[{"href":"https:\/\/www.bakkie.de\/index.php\/wp-json\/wp\/v2\/types\/product"}],"replies":[{"embeddable":true,"href":"https:\/\/www.bakkie.de\/index.php\/wp-json\/wp\/v2\/comments?post=821"}],"version-history":[{"count":6,"href":"https:\/\/www.bakkie.de\/index.php\/wp-json\/wp\/v2\/product\/821\/revisions"}],"predecessor-version":[{"id":991,"href":"https:\/\/www.bakkie.de\/index.php\/wp-json\/wp\/v2\/product\/821\/revisions\/991"}],"wp:featuredmedia":[{"embeddable":true,"href":"https:\/\/www.bakkie.de\/index.php\/wp-json\/wp\/v2\/media\/822"}],"wp:attachment":[{"href":"https:\/\/www.bakkie.de\/index.php\/wp-json\/wp\/v2\/media?parent=821"}],"wp:term":[{"taxonomy":"product_brand","embeddable":true,"href":"https:\/\/www.bakkie.de\/index.php\/wp-json\/wp\/v2\/product_brand?post=821"},{"taxonomy":"product_cat","embeddable":true,"href":"https:\/\/www.bakkie.de\/index.php\/wp-json\/wp\/v2\/product_cat?post=821"},{"taxonomy":"product_tag","embeddable":true,"href":"https:\/\/www.bakkie.de\/index.php\/wp-json\/wp\/v2\/product_tag?post=821"}],"curies":[{"name":"wp","href":"https:\/\/api.w.org\/{rel}","templated":true}]}}